{"id":101699,"date":"2018-09-03T17:58:44","date_gmt":"2018-09-03T17:58:44","guid":{"rendered":"https:\/\/easycurtain.ch\/onlineshop\/rail-de-rideau-santys-1-voie-montage-sur-porte\/"},"modified":"2023-11-21T15:17:15","modified_gmt":"2023-11-21T15:17:15","slug":"rail-de-rideau-santys-1-voie-montage-sur-porte","status":"publish","type":"product","link":"https:\/\/easycurtain.ch\/fr-ch\/onlineshop\/rail-de-rideau-santys-1-voie-montage-sur-porte\/","title":{"rendered":"Rail de rideau S\u00c4NTYS (1 voie, montage sur porte)"},"content":{"rendered":"<div class=\"wpb-content-wrapper\"><p>[vc_row][vc_column][vc_tta_accordion shape=&#8221;square&#8221; color=&#8221;white&#8221; active_section=&#8221;&#8221; no_fill=&#8221;true&#8221; collapsible_all=&#8221;true&#8221;][vc_tta_section title=&#8221;Description&#8221; tab_id=&#8221;beschreibung&#8221;][vc_row_inner][vc_column_inner width=&#8221;1\/2&#8243;][vc_column_text]<\/p>\n<h2>Rail de rideau pour montage sur porte<\/h2>\n<p>Tu peux monter ce rail de rideau S\u00c4NTYS avec deux supports, par exemple dans un cadre de porte ou un passage. La barre et le support sont fabriqu\u00e9s en m\u00e9tal et ont un aspect inox.<\/p>\n<p>Le rail de rideau type VS-57 est adapt\u00e9 aux glisseurs de rideau MAXI.<\/p>\n<p>Apr\u00e8s plusieurs utilisations, les rideaux glissent encore plus souplement dans le rail.[\/vc_column_text][vc_column_text]<\/p>\n<h2>Tringle \u00e0 rideaux<\/h2>\n<p>Gr\u00e2ce \u00e0 sa forme ronde, S\u00c4NTYS peut \u00e9galement \u00eatre utilis\u00e9 comme tringle \u00e0 rideaux classique si tu as d\u00e9j\u00e0 des rideaux avec des anneaux. Pour cela, il suffit de retourner la barre de mani\u00e8re \u00e0 ce que le parcours du rail soit dirig\u00e9 vers le haut &#8211; ainsi, tu verras une barre simple d&#8217;en bas.[\/vc_column_text][\/vc_column_inner][vc_column_inner width=&#8221;1\/2&#8243;][vc_column_text]<\/p>\n<h2>En option : pi\u00e8ce de jonction<\/h2>\n<p>Gr\u00e2ce \u00e0 la pi\u00e8ce de jonction optionnelle, tu peux facilement relier deux rails \u00e0 rideaux S\u00c4NTYS.<\/p>\n<p>Tu ins\u00e8res la moiti\u00e9 du connecteur dans l&#8217;une des barres, puis tu glisses la deuxi\u00e8me barre sur le connecteur.<\/p>\n<p>Tu peux commander le connecteur S\u00c4NTYS <a href=\"https:\/\/easycurtain.ch\/fr-ch\/onlineshop\/piece-de-connexion-pour-rail-de-rideau-santys\/\">ici<\/a>.<\/p>\n<p>Remarque : toujours placer un support au point de connexion.[\/vc_column_text][\/vc_column_inner][\/vc_row_inner][\/vc_tta_section][vc_tta_section title=&#8221;Contenu de la livraison&#8221; tab_id=&#8221;lieferumfang&#8221;][vc_column_text]<\/p>\n<ul>\n<li>1 rail\/barre \u00e0 rideaux de la largeur choisie<\/li>\n<li>2 supports muraux avec accessoires de montage<\/li>\n<\/ul>\n<p>[\/vc_column_text][\/vc_tta_section][vc_tta_section title=&#8221;Instructions de montage&#8221; tab_id=&#8221;montageanleitung&#8221;][vc_column_text]Des chevilles, des vis et une petite cl\u00e9 Allen sont incluses dans le kit.<br \/>\nUne perceuse et un tournevis sont n\u00e9cessaires pour les vis murales.<\/p>\n<p>Des instructions de montage d\u00e9taill\u00e9es sont incluses dans la livraison.[\/vc_column_text][vc_row_inner][vc_column_inner width=&#8221;1\/3&#8243;][vc_column_text]<img loading=\"lazy\" decoding=\"async\" class=\"alignnone wp-image-3291\" src=\"https:\/\/easycurtain.ch\/wp-content\/uploads\/2023\/10\/tuer-halterung-1-300x300.jpg\" alt=\"Support de porte Fixation avec 1 vis\" width=\"400\" height=\"400\" srcset=\"https:\/\/easycurtain.ch\/wp-content\/uploads\/2023\/10\/tuer-halterung-1-300x300.jpg 300w, https:\/\/easycurtain.ch\/wp-content\/uploads\/2023\/10\/tuer-halterung-1-1024x1024.jpg 1024w, https:\/\/easycurtain.ch\/wp-content\/uploads\/2023\/10\/tuer-halterung-1-150x150.jpg 150w, https:\/\/easycurtain.ch\/wp-content\/uploads\/2023\/10\/tuer-halterung-1-768x768.jpg 768w, https:\/\/easycurtain.ch\/wp-content\/uploads\/2023\/10\/tuer-halterung-1-680x680.jpg 680w, https:\/\/easycurtain.ch\/wp-content\/uploads\/2023\/10\/tuer-halterung-1-840x840.jpg 840w, https:\/\/easycurtain.ch\/wp-content\/uploads\/2023\/10\/tuer-halterung-1.jpg 1200w\" sizes=\"auto, (max-width: 400px) 100vw, 400px\" \/><\/p>\n<p><strong>1.<\/strong> les pieds des supports se fixent chacun avec 1 vis dans le mur ou le cadre de la porte.[\/vc_column_text][\/vc_column_inner][vc_column_inner width=&#8221;1\/3&#8243;][vc_column_text]<img loading=\"lazy\" decoding=\"async\" class=\"alignnone wp-image-3292\" src=\"https:\/\/easycurtain.ch\/wp-content\/uploads\/2023\/10\/tuer-halterung-2-300x300.jpg\" alt=\"Support de porte Placer la barre dans le pied\" width=\"400\" height=\"400\" srcset=\"https:\/\/easycurtain.ch\/wp-content\/uploads\/2023\/10\/tuer-halterung-2-300x300.jpg 300w, https:\/\/easycurtain.ch\/wp-content\/uploads\/2023\/10\/tuer-halterung-2-1024x1024.jpg 1024w, https:\/\/easycurtain.ch\/wp-content\/uploads\/2023\/10\/tuer-halterung-2-150x150.jpg 150w, https:\/\/easycurtain.ch\/wp-content\/uploads\/2023\/10\/tuer-halterung-2-768x768.jpg 768w, https:\/\/easycurtain.ch\/wp-content\/uploads\/2023\/10\/tuer-halterung-2-680x680.jpg 680w, https:\/\/easycurtain.ch\/wp-content\/uploads\/2023\/10\/tuer-halterung-2-840x840.jpg 840w, https:\/\/easycurtain.ch\/wp-content\/uploads\/2023\/10\/tuer-halterung-2.jpg 1200w\" sizes=\"auto, (max-width: 400px) 100vw, 400px\" \/><\/p>\n<p><strong>2<\/strong>. la barre est plac\u00e9e dans le rail.[\/vc_column_text][\/vc_column_inner][vc_column_inner width=&#8221;1\/3&#8243;][vc_column_text]<img loading=\"lazy\" decoding=\"async\" class=\"alignnone wp-image-3293\" src=\"https:\/\/easycurtain.ch\/wp-content\/uploads\/2023\/10\/tuer-halterung-3-300x300.jpg\" alt=\"Support de porte Tige fix\u00e9e au pied avec vis\" width=\"400\" height=\"400\" srcset=\"https:\/\/easycurtain.ch\/wp-content\/uploads\/2023\/10\/tuer-halterung-3-300x300.jpg 300w, https:\/\/easycurtain.ch\/wp-content\/uploads\/2023\/10\/tuer-halterung-3-1024x1024.jpg 1024w, https:\/\/easycurtain.ch\/wp-content\/uploads\/2023\/10\/tuer-halterung-3-150x150.jpg 150w, https:\/\/easycurtain.ch\/wp-content\/uploads\/2023\/10\/tuer-halterung-3-768x768.jpg 768w, https:\/\/easycurtain.ch\/wp-content\/uploads\/2023\/10\/tuer-halterung-3-680x680.jpg 680w, https:\/\/easycurtain.ch\/wp-content\/uploads\/2023\/10\/tuer-halterung-3-840x840.jpg 840w, https:\/\/easycurtain.ch\/wp-content\/uploads\/2023\/10\/tuer-halterung-3.jpg 1200w\" sizes=\"auto, (max-width: 400px) 100vw, 400px\" \/><\/p>\n<p><strong>3<\/strong>. fais glisser le couvercle sur le support et fixe-le avec une vis.[\/vc_column_text][\/vc_column_inner][\/vc_row_inner][\/vc_tta_section][\/vc_tta_accordion][\/vc_column][\/vc_row]<\/p>\n<\/div>","protected":false},"excerpt":{"rendered":"<p>Tu peux monter ce rail de rideau S\u00c4NTYS avec deux supports, par exemple dans un cadre de porte ou un passage. Elle est fabriqu\u00e9e en m\u00e9tal et a une apparence d&#8217;acier inoxydable. Gr\u00e2ce \u00e0 sa forme ronde, S\u00c4NTYS peut \u00e9galement \u00eatre utilis\u00e9 comme une tringle \u00e0 rideaux classique.<\/p>\n","protected":false},"featured_media":99707,"template":"","meta":{"_acf_changed":false},"product_brand":[],"product_cat":[388,383,385],"product_tag":[],"class_list":{"0":"post-101699","1":"product","2":"type-product","3":"status-publish","4":"has-post-thumbnail","6":"product_cat-accessoires-pour-rideaux","7":"product_cat-rails-a-rideaux","8":"product_cat-tringles-a-rideaux","9":"product_shipping_class-rails-a-rideaux-barres-dessorage-objets-encombrants","10":"pa_glanz-legere-brillance","12":"first","13":"instock","14":"taxable","15":"shipping-taxable","16":"purchasable","17":"product-type-variable"},"acf":[],"yoast_head":"<!-- This site is optimized with the Yoast SEO plugin v27.1.1 - https:\/\/yoast.com\/product\/yoast-seo-wordpress\/ -->\n<title>Rail de rideau S\u00c4NTYS (1 voie, montage sur porte) - easyCurtain<\/title>\n<meta name=\"description\" content=\"Tu peux monter ce rail de rideau S\u00c4NTYS avec deux supports, par exemple dans un cadre de porte. Elle est fabriqu\u00e9e en m\u00e9tal et a une apparence d&#039;acier inoxydable.\" \/>\n<meta name=\"robots\" content=\"index, follow, max-snippet:-1, max-image-preview:large, max-video-preview:-1\" \/>\n<link rel=\"canonical\" href=\"https:\/\/easycurtain.ch\/fr-ch\/onlineshop\/rail-de-rideau-santys-1-voie-montage-sur-porte\/\" \/>\n<meta property=\"og:locale\" content=\"fr_FR\" \/>\n<meta property=\"og:type\" content=\"article\" \/>\n<meta property=\"og:title\" content=\"Rail de rideau S\u00c4NTYS (1 voie, montage sur porte) - easyCurtain\" \/>\n<meta property=\"og:description\" content=\"Tu peux monter ce rail de rideau S\u00c4NTYS avec deux supports, par exemple dans un cadre de porte. Elle est fabriqu\u00e9e en m\u00e9tal et a une apparence d&#039;acier inoxydable.\" \/>\n<meta property=\"og:url\" content=\"https:\/\/easycurtain.ch\/fr-ch\/onlineshop\/rail-de-rideau-santys-1-voie-montage-sur-porte\/\" \/>\n<meta property=\"og:site_name\" content=\"easyCurtain\" \/>\n<meta property=\"article:modified_time\" content=\"2023-11-21T15:17:15+00:00\" \/>\n<meta property=\"og:image\" content=\"https:\/\/easycurtain.ch\/wp-content\/uploads\/2023\/10\/vorhangschiene-saentys-1-lauf-tuer.jpg\" \/>\n\t<meta property=\"og:image:width\" content=\"1800\" \/>\n\t<meta property=\"og:image:height\" content=\"1800\" \/>\n\t<meta property=\"og:image:type\" content=\"image\/jpeg\" \/>\n<meta name=\"twitter:card\" content=\"summary_large_image\" \/>\n<meta name=\"twitter:label1\" content=\"Est. reading time\" \/>\n\t<meta name=\"twitter:data1\" content=\"2 minutes\" \/>\n<script type=\"application\/ld+json\" class=\"yoast-schema-graph\">{\"@context\":\"https:\/\/schema.org\",\"@graph\":[{\"@type\":\"WebPage\",\"@id\":\"https:\/\/easycurtain.ch\/fr-ch\/onlineshop\/rail-de-rideau-santys-1-voie-montage-sur-porte\/\",\"url\":\"https:\/\/easycurtain.ch\/fr-ch\/onlineshop\/rail-de-rideau-santys-1-voie-montage-sur-porte\/\",\"name\":\"Rail de rideau S\u00c4NTYS (1 voie, montage sur porte) - easyCurtain\",\"isPartOf\":{\"@id\":\"https:\/\/easycurtain.ch\/fr-ch\/#website\"},\"primaryImageOfPage\":{\"@id\":\"https:\/\/easycurtain.ch\/fr-ch\/onlineshop\/rail-de-rideau-santys-1-voie-montage-sur-porte\/#primaryimage\"},\"image\":{\"@id\":\"https:\/\/easycurtain.ch\/fr-ch\/onlineshop\/rail-de-rideau-santys-1-voie-montage-sur-porte\/#primaryimage\"},\"thumbnailUrl\":\"https:\/\/easycurtain.ch\/wp-content\/uploads\/2023\/10\/vorhangschiene-saentys-1-lauf-tuer.jpg\",\"datePublished\":\"2018-09-03T17:58:44+00:00\",\"dateModified\":\"2023-11-21T15:17:15+00:00\",\"description\":\"Tu peux monter ce rail de rideau S\u00c4NTYS avec deux supports, par exemple dans un cadre de porte. Elle est fabriqu\u00e9e en m\u00e9tal et a une apparence d'acier inoxydable.\",\"breadcrumb\":{\"@id\":\"https:\/\/easycurtain.ch\/fr-ch\/onlineshop\/rail-de-rideau-santys-1-voie-montage-sur-porte\/#breadcrumb\"},\"inLanguage\":\"fr-CH\",\"potentialAction\":[{\"@type\":\"ReadAction\",\"target\":[\"https:\/\/easycurtain.ch\/fr-ch\/onlineshop\/rail-de-rideau-santys-1-voie-montage-sur-porte\/\"]}]},{\"@type\":\"ImageObject\",\"inLanguage\":\"fr-CH\",\"@id\":\"https:\/\/easycurtain.ch\/fr-ch\/onlineshop\/rail-de-rideau-santys-1-voie-montage-sur-porte\/#primaryimage\",\"url\":\"https:\/\/easycurtain.ch\/wp-content\/uploads\/2023\/10\/vorhangschiene-saentys-1-lauf-tuer.jpg\",\"contentUrl\":\"https:\/\/easycurtain.ch\/wp-content\/uploads\/2023\/10\/vorhangschiene-saentys-1-lauf-tuer.jpg\",\"width\":1800,\"height\":1800,\"caption\":\"Vorhangschiene S\u00c4NTYS (1-l\u00e4ufig, T\u00fcrmontage)\"},{\"@type\":\"BreadcrumbList\",\"@id\":\"https:\/\/easycurtain.ch\/fr-ch\/onlineshop\/rail-de-rideau-santys-1-voie-montage-sur-porte\/#breadcrumb\",\"itemListElement\":[{\"@type\":\"ListItem\",\"position\":1,\"name\":\"Home\",\"item\":\"https:\/\/easycurtain.ch\/fr-ch\/?page_id=101168\"},{\"@type\":\"ListItem\",\"position\":2,\"name\":\"Rideaux &amp; accessoires\",\"item\":\"https:\/\/easycurtain.ch\/fr-ch\/shop-2\/\"},{\"@type\":\"ListItem\",\"position\":3,\"name\":\"Rail de rideau S\u00c4NTYS (1 voie, montage sur porte)\"}]},{\"@type\":\"WebSite\",\"@id\":\"https:\/\/easycurtain.ch\/fr-ch\/#website\",\"url\":\"https:\/\/easycurtain.ch\/fr-ch\/\",\"name\":\"easyCurtain\",\"description\":\"Superbes rideaux. Petits prix.\",\"publisher\":{\"@id\":\"https:\/\/easycurtain.ch\/fr-ch\/#organization\"},\"potentialAction\":[{\"@type\":\"SearchAction\",\"target\":{\"@type\":\"EntryPoint\",\"urlTemplate\":\"https:\/\/easycurtain.ch\/fr-ch\/?s={search_term_string}\"},\"query-input\":{\"@type\":\"PropertyValueSpecification\",\"valueRequired\":true,\"valueName\":\"search_term_string\"}}],\"inLanguage\":\"fr-CH\"},{\"@type\":\"Organization\",\"@id\":\"https:\/\/easycurtain.ch\/fr-ch\/#organization\",\"name\":\"easyCurtain\",\"url\":\"https:\/\/easycurtain.ch\/fr-ch\/\",\"logo\":{\"@type\":\"ImageObject\",\"inLanguage\":\"fr-CH\",\"@id\":\"https:\/\/easycurtain.ch\/fr-ch\/#\/schema\/logo\/image\/\",\"url\":\"https:\/\/easycurtain.ch\/wp-content\/uploads\/2023\/09\/logo-easycurtain-massvorhang-online-1.png\",\"contentUrl\":\"https:\/\/easycurtain.ch\/wp-content\/uploads\/2023\/09\/logo-easycurtain-massvorhang-online-1.png\",\"width\":600,\"height\":138,\"caption\":\"easyCurtain\"},\"image\":{\"@id\":\"https:\/\/easycurtain.ch\/fr-ch\/#\/schema\/logo\/image\/\"}}]}<\/script>\n<!-- \/ Yoast SEO plugin. -->","yoast_head_json":{"title":"Rail de rideau S\u00c4NTYS (1 voie, montage sur porte) - easyCurtain","description":"Tu peux monter ce rail de rideau S\u00c4NTYS avec deux supports, par exemple dans un cadre de porte. Elle est fabriqu\u00e9e en m\u00e9tal et a une apparence d'acier inoxydable.","robots":{"index":"index","follow":"follow","max-snippet":"max-snippet:-1","max-image-preview":"max-image-preview:large","max-video-preview":"max-video-preview:-1"},"canonical":"https:\/\/easycurtain.ch\/fr-ch\/onlineshop\/rail-de-rideau-santys-1-voie-montage-sur-porte\/","og_locale":"fr_FR","og_type":"article","og_title":"Rail de rideau S\u00c4NTYS (1 voie, montage sur porte) - easyCurtain","og_description":"Tu peux monter ce rail de rideau S\u00c4NTYS avec deux supports, par exemple dans un cadre de porte. Elle est fabriqu\u00e9e en m\u00e9tal et a une apparence d'acier inoxydable.","og_url":"https:\/\/easycurtain.ch\/fr-ch\/onlineshop\/rail-de-rideau-santys-1-voie-montage-sur-porte\/","og_site_name":"easyCurtain","article_modified_time":"2023-11-21T15:17:15+00:00","og_image":[{"width":1800,"height":1800,"url":"https:\/\/easycurtain.ch\/wp-content\/uploads\/2023\/10\/vorhangschiene-saentys-1-lauf-tuer.jpg","type":"image\/jpeg"}],"twitter_card":"summary_large_image","twitter_misc":{"Est. reading time":"2 minutes"},"schema":{"@context":"https:\/\/schema.org","@graph":[{"@type":"WebPage","@id":"https:\/\/easycurtain.ch\/fr-ch\/onlineshop\/rail-de-rideau-santys-1-voie-montage-sur-porte\/","url":"https:\/\/easycurtain.ch\/fr-ch\/onlineshop\/rail-de-rideau-santys-1-voie-montage-sur-porte\/","name":"Rail de rideau S\u00c4NTYS (1 voie, montage sur porte) - easyCurtain","isPartOf":{"@id":"https:\/\/easycurtain.ch\/fr-ch\/#website"},"primaryImageOfPage":{"@id":"https:\/\/easycurtain.ch\/fr-ch\/onlineshop\/rail-de-rideau-santys-1-voie-montage-sur-porte\/#primaryimage"},"image":{"@id":"https:\/\/easycurtain.ch\/fr-ch\/onlineshop\/rail-de-rideau-santys-1-voie-montage-sur-porte\/#primaryimage"},"thumbnailUrl":"https:\/\/easycurtain.ch\/wp-content\/uploads\/2023\/10\/vorhangschiene-saentys-1-lauf-tuer.jpg","datePublished":"2018-09-03T17:58:44+00:00","dateModified":"2023-11-21T15:17:15+00:00","description":"Tu peux monter ce rail de rideau S\u00c4NTYS avec deux supports, par exemple dans un cadre de porte. Elle est fabriqu\u00e9e en m\u00e9tal et a une apparence d'acier inoxydable.","breadcrumb":{"@id":"https:\/\/easycurtain.ch\/fr-ch\/onlineshop\/rail-de-rideau-santys-1-voie-montage-sur-porte\/#breadcrumb"},"inLanguage":"fr-CH","potentialAction":[{"@type":"ReadAction","target":["https:\/\/easycurtain.ch\/fr-ch\/onlineshop\/rail-de-rideau-santys-1-voie-montage-sur-porte\/"]}]},{"@type":"ImageObject","inLanguage":"fr-CH","@id":"https:\/\/easycurtain.ch\/fr-ch\/onlineshop\/rail-de-rideau-santys-1-voie-montage-sur-porte\/#primaryimage","url":"https:\/\/easycurtain.ch\/wp-content\/uploads\/2023\/10\/vorhangschiene-saentys-1-lauf-tuer.jpg","contentUrl":"https:\/\/easycurtain.ch\/wp-content\/uploads\/2023\/10\/vorhangschiene-saentys-1-lauf-tuer.jpg","width":1800,"height":1800,"caption":"Vorhangschiene S\u00c4NTYS (1-l\u00e4ufig, T\u00fcrmontage)"},{"@type":"BreadcrumbList","@id":"https:\/\/easycurtain.ch\/fr-ch\/onlineshop\/rail-de-rideau-santys-1-voie-montage-sur-porte\/#breadcrumb","itemListElement":[{"@type":"ListItem","position":1,"name":"Home","item":"https:\/\/easycurtain.ch\/fr-ch\/?page_id=101168"},{"@type":"ListItem","position":2,"name":"Rideaux &amp; accessoires","item":"https:\/\/easycurtain.ch\/fr-ch\/shop-2\/"},{"@type":"ListItem","position":3,"name":"Rail de rideau S\u00c4NTYS (1 voie, montage sur porte)"}]},{"@type":"WebSite","@id":"https:\/\/easycurtain.ch\/fr-ch\/#website","url":"https:\/\/easycurtain.ch\/fr-ch\/","name":"easyCurtain","description":"Superbes rideaux. Petits prix.","publisher":{"@id":"https:\/\/easycurtain.ch\/fr-ch\/#organization"},"potentialAction":[{"@type":"SearchAction","target":{"@type":"EntryPoint","urlTemplate":"https:\/\/easycurtain.ch\/fr-ch\/?s={search_term_string}"},"query-input":{"@type":"PropertyValueSpecification","valueRequired":true,"valueName":"search_term_string"}}],"inLanguage":"fr-CH"},{"@type":"Organization","@id":"https:\/\/easycurtain.ch\/fr-ch\/#organization","name":"easyCurtain","url":"https:\/\/easycurtain.ch\/fr-ch\/","logo":{"@type":"ImageObject","inLanguage":"fr-CH","@id":"https:\/\/easycurtain.ch\/fr-ch\/#\/schema\/logo\/image\/","url":"https:\/\/easycurtain.ch\/wp-content\/uploads\/2023\/09\/logo-easycurtain-massvorhang-online-1.png","contentUrl":"https:\/\/easycurtain.ch\/wp-content\/uploads\/2023\/09\/logo-easycurtain-massvorhang-online-1.png","width":600,"height":138,"caption":"easyCurtain"},"image":{"@id":"https:\/\/easycurtain.ch\/fr-ch\/#\/schema\/logo\/image\/"}}]}},"_links":{"self":[{"href":"https:\/\/easycurtain.ch\/fr-ch\/wp-json\/wp\/v2\/product\/101699","targetHints":{"allow":["GET"]}}],"collection":[{"href":"https:\/\/easycurtain.ch\/fr-ch\/wp-json\/wp\/v2\/product"}],"about":[{"href":"https:\/\/easycurtain.ch\/fr-ch\/wp-json\/wp\/v2\/types\/product"}],"wp:featuredmedia":[{"embeddable":true,"href":"https:\/\/easycurtain.ch\/fr-ch\/wp-json\/wp\/v2\/media\/99707"}],"wp:attachment":[{"href":"https:\/\/easycurtain.ch\/fr-ch\/wp-json\/wp\/v2\/media?parent=101699"}],"wp:term":[{"taxonomy":"product_brand","embeddable":true,"href":"https:\/\/easycurtain.ch\/fr-ch\/wp-json\/wp\/v2\/product_brand?post=101699"},{"taxonomy":"product_cat","embeddable":true,"href":"https:\/\/easycurtain.ch\/fr-ch\/wp-json\/wp\/v2\/product_cat?post=101699"},{"taxonomy":"product_tag","embeddable":true,"href":"https:\/\/easycurtain.ch\/fr-ch\/wp-json\/wp\/v2\/product_tag?post=101699"}],"curies":[{"name":"wp","href":"https:\/\/api.w.org\/{rel}","templated":true}]}}