{"id":101591,"date":"2018-09-03T18:06:18","date_gmt":"2018-09-03T18:06:18","guid":{"rendered":"https:\/\/easycurtain.ch\/onlineshop\/rail-de-rideau-pylatus-blanc-montage-au-plafond\/"},"modified":"2023-11-21T15:17:03","modified_gmt":"2023-11-21T15:17:03","slug":"rail-de-rideau-pylatus-blanc-montage-au-plafond","status":"publish","type":"product","link":"https:\/\/easycurtain.ch\/fr-ch\/onlineshop\/rail-de-rideau-pylatus-blanc-montage-au-plafond\/","title":{"rendered":"Rail de rideau PYLATUS (Blanc, montage au plafond)"},"content":{"rendered":"<div class=\"wpb-content-wrapper\"><p>[vc_row][vc_column][vc_tta_accordion shape=&#8221;square&#8221; color=&#8221;white&#8221; active_section=&#8221;&#8221; no_fill=&#8221;true&#8221; collapsible_all=&#8221;true&#8221;][vc_tta_section title=&#8221;Description&#8221; tab_id=&#8221;beschreibung&#8221;][vc_row_inner][vc_column_inner width=&#8221;1\/2&#8243;][vc_column_text]<\/p>\n<h4>Rail de rideau<\/h4>\n<ul>\n<li>Rail \u00e0 rideaux plat en aluminium<\/li>\n<li>S\u00e9lectionnable : ouverture pour enfiler\/d\u00e9faire les rideaux sur le c\u00f4t\u00e9 droit ou sans ouverture<\/li>\n<li>Facile \u00e0 monter au plafond gr\u00e2ce aux attaches rapides<\/li>\n<li>Montage sans support ni vis visibles<\/li>\n<li>Couleur blanche (rev\u00eatement par poudre)<\/li>\n<li>Dimensions du rail : 16 mm de large | 10,5 mm de haut<\/li>\n<li>Couloir de 6 mm pour patins MAXI (standard VS-57)<\/li>\n<li>Type de rail de rideau : VS-57 (standard suisse)<\/li>\n<li>Patins \u00e0 rideaux assortis : Swiss MAXI<\/li>\n<li>Convient \u00e0 tous les rideaux easycurtain<\/li>\n<li>Montage facile<\/li>\n<li>Produit de marque allemande<\/li>\n<li>Bonnes propri\u00e9t\u00e9s de glisse<\/li>\n<\/ul>\n<p>Remarque : apr\u00e8s plusieurs utilisations, les rideaux glissent encore plus souplement dans le rail.[\/vc_column_text][\/vc_column_inner][vc_column_inner width=&#8221;1\/2&#8243;][vc_column_text]<\/p>\n<h4>Largeur du rail de rideau<\/h4>\n<p>Mesure la largeur souhait\u00e9e et commande la mesure disponible imm\u00e9diatement sup\u00e9rieure. Tu peux raccourcir les rails \u00e0 l&#8217;aide d&#8217;une scie \u00e0 m\u00e9taux standard.<\/p>\n<p>Si tu as besoin de rails plus longs, tu peux en commander plusieurs et les relier avec un connecteur de rails. Tu peux commander le connecteur <a href=\"https:\/\/easycurtain.ch\/fr-ch\/onlineshop\/piece-de-jonction-pour-rail-de-rideau-pylatus-vs-57\/\">ici<\/a>.[\/vc_column_text][vc_column_text]Ici, tu peux trouver le <a href=\"https:\/\/easycurtain.ch\/fr-ch\/onlineshop\/rail-de-rideau-pylatus-gris-montage-au-plafond\/\">rail \u00e0 rideaux PYLATUS en gris<\/a>.[\/vc_column_text][\/vc_column_inner][\/vc_row_inner][\/vc_tta_section][vc_tta_section title=&#8221;Contenu de la livraison&#8221; tab_id=&#8221;lieferumfang&#8221;][vc_column_text]<\/p>\n<h4>Kit complet (1 voie)<\/h4>\n<ul>\n<li>Rail de rideau<\/li>\n<li>Un arr\u00eat de fin de course et un arr\u00eat interm\u00e9diaire<\/li>\n<li>Suffisamment d&#8217;attaches rapides<\/li>\n<li>Couvercle pour les deux extr\u00e9mit\u00e9s lat\u00e9rales<\/li>\n<li>Vis\/chevilles<\/li>\n<\/ul>\n<p>[\/vc_column_text][\/vc_tta_section][vc_tta_section title=&#8221;Instructions de montage&#8221; tab_id=&#8221;montageanleitung&#8221;][vc_column_text]Le rail de rideau PYLATUS est exp\u00e9di\u00e9 sous forme de kit complet.<br \/>\nDes instructions de montage d\u00e9taill\u00e9es sont incluses dans la livraison.[\/vc_column_text][\/vc_tta_section][\/vc_tta_accordion][\/vc_column][\/vc_row]<\/p>\n<\/div>","protected":false},"excerpt":{"rendered":"<p>Le kit complet de rail \u00e0 rideaux PYLATUS en blanc existe en diff\u00e9rentes longueurs standard avec ou sans ouverture. Le rail \u00e0 1 voie en aluminium est adapt\u00e9 aux patins standard suisses Swiss MAXI (type VS-57). Elle ne convient que pour l&#8217;int\u00e9rieur.<\/p>\n","protected":false},"featured_media":99737,"template":"","meta":{"_acf_changed":false},"product_brand":[],"product_cat":[388,383],"product_tag":[],"class_list":{"0":"post-101591","1":"product","2":"type-product","3":"status-publish","4":"has-post-thumbnail","6":"product_cat-accessoires-pour-rideaux","7":"product_cat-rails-a-rideaux","8":"product_shipping_class-rails-a-rideaux-barres-dessorage-objets-encombrants","9":"pa_glanz-legere-brillance","11":"first","12":"instock","13":"featured","14":"taxable","15":"shipping-taxable","16":"purchasable","17":"product-type-variable"},"acf":[],"yoast_head":"<!-- This site is optimized with the Yoast SEO plugin v27.1.1 - https:\/\/yoast.com\/product\/yoast-seo-wordpress\/ -->\n<title>Rail de rideau PYLATUS (Blanc, montage au plafond) - easyCurtain<\/title>\n<meta name=\"description\" content=\"Le kit complet de rail \u00e0 rideaux PYLATUS en blanc existe en diff\u00e9rentes longueurs standard avec ou sans ouverture. Elle ne convient que pour l&#039;int\u00e9rieur.\" \/>\n<meta name=\"robots\" content=\"index, follow, max-snippet:-1, max-image-preview:large, max-video-preview:-1\" \/>\n<link rel=\"canonical\" href=\"https:\/\/easycurtain.ch\/fr-ch\/onlineshop\/rail-de-rideau-pylatus-blanc-montage-au-plafond\/\" \/>\n<meta property=\"og:locale\" content=\"fr_FR\" \/>\n<meta property=\"og:type\" content=\"article\" \/>\n<meta property=\"og:title\" content=\"Rail de rideau PYLATUS (Blanc, montage au plafond) - easyCurtain\" \/>\n<meta property=\"og:description\" content=\"Le kit complet de rail \u00e0 rideaux PYLATUS en blanc existe en diff\u00e9rentes longueurs standard avec ou sans ouverture. Elle ne convient que pour l&#039;int\u00e9rieur.\" \/>\n<meta property=\"og:url\" content=\"https:\/\/easycurtain.ch\/fr-ch\/onlineshop\/rail-de-rideau-pylatus-blanc-montage-au-plafond\/\" \/>\n<meta property=\"og:site_name\" content=\"easyCurtain\" \/>\n<meta property=\"article:modified_time\" content=\"2023-11-21T15:17:03+00:00\" \/>\n<meta property=\"og:image\" content=\"https:\/\/easycurtain.ch\/wp-content\/uploads\/2023\/10\/vorhangschiene-pylatus-weiss-2-1.jpg\" \/>\n\t<meta property=\"og:image:width\" content=\"1800\" \/>\n\t<meta property=\"og:image:height\" content=\"1800\" \/>\n\t<meta property=\"og:image:type\" content=\"image\/jpeg\" \/>\n<meta name=\"twitter:card\" content=\"summary_large_image\" \/>\n<meta name=\"twitter:label1\" content=\"Est. reading time\" \/>\n\t<meta name=\"twitter:data1\" content=\"2 minutes\" \/>\n<script type=\"application\/ld+json\" class=\"yoast-schema-graph\">{\"@context\":\"https:\/\/schema.org\",\"@graph\":[{\"@type\":\"WebPage\",\"@id\":\"https:\/\/easycurtain.ch\/fr-ch\/onlineshop\/rail-de-rideau-pylatus-blanc-montage-au-plafond\/\",\"url\":\"https:\/\/easycurtain.ch\/fr-ch\/onlineshop\/rail-de-rideau-pylatus-blanc-montage-au-plafond\/\",\"name\":\"Rail de rideau PYLATUS (Blanc, montage au plafond) - easyCurtain\",\"isPartOf\":{\"@id\":\"https:\/\/easycurtain.ch\/fr-ch\/#website\"},\"primaryImageOfPage\":{\"@id\":\"https:\/\/easycurtain.ch\/fr-ch\/onlineshop\/rail-de-rideau-pylatus-blanc-montage-au-plafond\/#primaryimage\"},\"image\":{\"@id\":\"https:\/\/easycurtain.ch\/fr-ch\/onlineshop\/rail-de-rideau-pylatus-blanc-montage-au-plafond\/#primaryimage\"},\"thumbnailUrl\":\"https:\/\/easycurtain.ch\/wp-content\/uploads\/2023\/10\/vorhangschiene-pylatus-weiss-2-1.jpg\",\"datePublished\":\"2018-09-03T18:06:18+00:00\",\"dateModified\":\"2023-11-21T15:17:03+00:00\",\"description\":\"Le kit complet de rail \u00e0 rideaux PYLATUS en blanc existe en diff\u00e9rentes longueurs standard avec ou sans ouverture. Elle ne convient que pour l'int\u00e9rieur.\",\"breadcrumb\":{\"@id\":\"https:\/\/easycurtain.ch\/fr-ch\/onlineshop\/rail-de-rideau-pylatus-blanc-montage-au-plafond\/#breadcrumb\"},\"inLanguage\":\"fr-CH\",\"potentialAction\":[{\"@type\":\"ReadAction\",\"target\":[\"https:\/\/easycurtain.ch\/fr-ch\/onlineshop\/rail-de-rideau-pylatus-blanc-montage-au-plafond\/\"]}]},{\"@type\":\"ImageObject\",\"inLanguage\":\"fr-CH\",\"@id\":\"https:\/\/easycurtain.ch\/fr-ch\/onlineshop\/rail-de-rideau-pylatus-blanc-montage-au-plafond\/#primaryimage\",\"url\":\"https:\/\/easycurtain.ch\/wp-content\/uploads\/2023\/10\/vorhangschiene-pylatus-weiss-2-1.jpg\",\"contentUrl\":\"https:\/\/easycurtain.ch\/wp-content\/uploads\/2023\/10\/vorhangschiene-pylatus-weiss-2-1.jpg\",\"width\":1800,\"height\":1800,\"caption\":\"Vorhangschiene PYLATUS (Weiss, Deckenmontage)\"},{\"@type\":\"BreadcrumbList\",\"@id\":\"https:\/\/easycurtain.ch\/fr-ch\/onlineshop\/rail-de-rideau-pylatus-blanc-montage-au-plafond\/#breadcrumb\",\"itemListElement\":[{\"@type\":\"ListItem\",\"position\":1,\"name\":\"Home\",\"item\":\"https:\/\/easycurtain.ch\/fr-ch\/?page_id=101168\"},{\"@type\":\"ListItem\",\"position\":2,\"name\":\"Rideaux &amp; accessoires\",\"item\":\"https:\/\/easycurtain.ch\/fr-ch\/shop-2\/\"},{\"@type\":\"ListItem\",\"position\":3,\"name\":\"Rail de rideau PYLATUS (Blanc, montage au plafond)\"}]},{\"@type\":\"WebSite\",\"@id\":\"https:\/\/easycurtain.ch\/fr-ch\/#website\",\"url\":\"https:\/\/easycurtain.ch\/fr-ch\/\",\"name\":\"easyCurtain\",\"description\":\"Superbes rideaux. Petits prix.\",\"publisher\":{\"@id\":\"https:\/\/easycurtain.ch\/fr-ch\/#organization\"},\"potentialAction\":[{\"@type\":\"SearchAction\",\"target\":{\"@type\":\"EntryPoint\",\"urlTemplate\":\"https:\/\/easycurtain.ch\/fr-ch\/?s={search_term_string}\"},\"query-input\":{\"@type\":\"PropertyValueSpecification\",\"valueRequired\":true,\"valueName\":\"search_term_string\"}}],\"inLanguage\":\"fr-CH\"},{\"@type\":\"Organization\",\"@id\":\"https:\/\/easycurtain.ch\/fr-ch\/#organization\",\"name\":\"easyCurtain\",\"url\":\"https:\/\/easycurtain.ch\/fr-ch\/\",\"logo\":{\"@type\":\"ImageObject\",\"inLanguage\":\"fr-CH\",\"@id\":\"https:\/\/easycurtain.ch\/fr-ch\/#\/schema\/logo\/image\/\",\"url\":\"https:\/\/easycurtain.ch\/wp-content\/uploads\/2023\/09\/logo-easycurtain-massvorhang-online-1.png\",\"contentUrl\":\"https:\/\/easycurtain.ch\/wp-content\/uploads\/2023\/09\/logo-easycurtain-massvorhang-online-1.png\",\"width\":600,\"height\":138,\"caption\":\"easyCurtain\"},\"image\":{\"@id\":\"https:\/\/easycurtain.ch\/fr-ch\/#\/schema\/logo\/image\/\"}}]}<\/script>\n<!-- \/ Yoast SEO plugin. -->","yoast_head_json":{"title":"Rail de rideau PYLATUS (Blanc, montage au plafond) - easyCurtain","description":"Le kit complet de rail \u00e0 rideaux PYLATUS en blanc existe en diff\u00e9rentes longueurs standard avec ou sans ouverture. Elle ne convient que pour l'int\u00e9rieur.","robots":{"index":"index","follow":"follow","max-snippet":"max-snippet:-1","max-image-preview":"max-image-preview:large","max-video-preview":"max-video-preview:-1"},"canonical":"https:\/\/easycurtain.ch\/fr-ch\/onlineshop\/rail-de-rideau-pylatus-blanc-montage-au-plafond\/","og_locale":"fr_FR","og_type":"article","og_title":"Rail de rideau PYLATUS (Blanc, montage au plafond) - easyCurtain","og_description":"Le kit complet de rail \u00e0 rideaux PYLATUS en blanc existe en diff\u00e9rentes longueurs standard avec ou sans ouverture. Elle ne convient que pour l'int\u00e9rieur.","og_url":"https:\/\/easycurtain.ch\/fr-ch\/onlineshop\/rail-de-rideau-pylatus-blanc-montage-au-plafond\/","og_site_name":"easyCurtain","article_modified_time":"2023-11-21T15:17:03+00:00","og_image":[{"width":1800,"height":1800,"url":"https:\/\/easycurtain.ch\/wp-content\/uploads\/2023\/10\/vorhangschiene-pylatus-weiss-2-1.jpg","type":"image\/jpeg"}],"twitter_card":"summary_large_image","twitter_misc":{"Est. reading time":"2 minutes"},"schema":{"@context":"https:\/\/schema.org","@graph":[{"@type":"WebPage","@id":"https:\/\/easycurtain.ch\/fr-ch\/onlineshop\/rail-de-rideau-pylatus-blanc-montage-au-plafond\/","url":"https:\/\/easycurtain.ch\/fr-ch\/onlineshop\/rail-de-rideau-pylatus-blanc-montage-au-plafond\/","name":"Rail de rideau PYLATUS (Blanc, montage au plafond) - easyCurtain","isPartOf":{"@id":"https:\/\/easycurtain.ch\/fr-ch\/#website"},"primaryImageOfPage":{"@id":"https:\/\/easycurtain.ch\/fr-ch\/onlineshop\/rail-de-rideau-pylatus-blanc-montage-au-plafond\/#primaryimage"},"image":{"@id":"https:\/\/easycurtain.ch\/fr-ch\/onlineshop\/rail-de-rideau-pylatus-blanc-montage-au-plafond\/#primaryimage"},"thumbnailUrl":"https:\/\/easycurtain.ch\/wp-content\/uploads\/2023\/10\/vorhangschiene-pylatus-weiss-2-1.jpg","datePublished":"2018-09-03T18:06:18+00:00","dateModified":"2023-11-21T15:17:03+00:00","description":"Le kit complet de rail \u00e0 rideaux PYLATUS en blanc existe en diff\u00e9rentes longueurs standard avec ou sans ouverture. Elle ne convient que pour l'int\u00e9rieur.","breadcrumb":{"@id":"https:\/\/easycurtain.ch\/fr-ch\/onlineshop\/rail-de-rideau-pylatus-blanc-montage-au-plafond\/#breadcrumb"},"inLanguage":"fr-CH","potentialAction":[{"@type":"ReadAction","target":["https:\/\/easycurtain.ch\/fr-ch\/onlineshop\/rail-de-rideau-pylatus-blanc-montage-au-plafond\/"]}]},{"@type":"ImageObject","inLanguage":"fr-CH","@id":"https:\/\/easycurtain.ch\/fr-ch\/onlineshop\/rail-de-rideau-pylatus-blanc-montage-au-plafond\/#primaryimage","url":"https:\/\/easycurtain.ch\/wp-content\/uploads\/2023\/10\/vorhangschiene-pylatus-weiss-2-1.jpg","contentUrl":"https:\/\/easycurtain.ch\/wp-content\/uploads\/2023\/10\/vorhangschiene-pylatus-weiss-2-1.jpg","width":1800,"height":1800,"caption":"Vorhangschiene PYLATUS (Weiss, Deckenmontage)"},{"@type":"BreadcrumbList","@id":"https:\/\/easycurtain.ch\/fr-ch\/onlineshop\/rail-de-rideau-pylatus-blanc-montage-au-plafond\/#breadcrumb","itemListElement":[{"@type":"ListItem","position":1,"name":"Home","item":"https:\/\/easycurtain.ch\/fr-ch\/?page_id=101168"},{"@type":"ListItem","position":2,"name":"Rideaux &amp; accessoires","item":"https:\/\/easycurtain.ch\/fr-ch\/shop-2\/"},{"@type":"ListItem","position":3,"name":"Rail de rideau PYLATUS (Blanc, montage au plafond)"}]},{"@type":"WebSite","@id":"https:\/\/easycurtain.ch\/fr-ch\/#website","url":"https:\/\/easycurtain.ch\/fr-ch\/","name":"easyCurtain","description":"Superbes rideaux. Petits prix.","publisher":{"@id":"https:\/\/easycurtain.ch\/fr-ch\/#organization"},"potentialAction":[{"@type":"SearchAction","target":{"@type":"EntryPoint","urlTemplate":"https:\/\/easycurtain.ch\/fr-ch\/?s={search_term_string}"},"query-input":{"@type":"PropertyValueSpecification","valueRequired":true,"valueName":"search_term_string"}}],"inLanguage":"fr-CH"},{"@type":"Organization","@id":"https:\/\/easycurtain.ch\/fr-ch\/#organization","name":"easyCurtain","url":"https:\/\/easycurtain.ch\/fr-ch\/","logo":{"@type":"ImageObject","inLanguage":"fr-CH","@id":"https:\/\/easycurtain.ch\/fr-ch\/#\/schema\/logo\/image\/","url":"https:\/\/easycurtain.ch\/wp-content\/uploads\/2023\/09\/logo-easycurtain-massvorhang-online-1.png","contentUrl":"https:\/\/easycurtain.ch\/wp-content\/uploads\/2023\/09\/logo-easycurtain-massvorhang-online-1.png","width":600,"height":138,"caption":"easyCurtain"},"image":{"@id":"https:\/\/easycurtain.ch\/fr-ch\/#\/schema\/logo\/image\/"}}]}},"_links":{"self":[{"href":"https:\/\/easycurtain.ch\/fr-ch\/wp-json\/wp\/v2\/product\/101591","targetHints":{"allow":["GET"]}}],"collection":[{"href":"https:\/\/easycurtain.ch\/fr-ch\/wp-json\/wp\/v2\/product"}],"about":[{"href":"https:\/\/easycurtain.ch\/fr-ch\/wp-json\/wp\/v2\/types\/product"}],"wp:featuredmedia":[{"embeddable":true,"href":"https:\/\/easycurtain.ch\/fr-ch\/wp-json\/wp\/v2\/media\/99737"}],"wp:attachment":[{"href":"https:\/\/easycurtain.ch\/fr-ch\/wp-json\/wp\/v2\/media?parent=101591"}],"wp:term":[{"taxonomy":"product_brand","embeddable":true,"href":"https:\/\/easycurtain.ch\/fr-ch\/wp-json\/wp\/v2\/product_brand?post=101591"},{"taxonomy":"product_cat","embeddable":true,"href":"https:\/\/easycurtain.ch\/fr-ch\/wp-json\/wp\/v2\/product_cat?post=101591"},{"taxonomy":"product_tag","embeddable":true,"href":"https:\/\/easycurtain.ch\/fr-ch\/wp-json\/wp\/v2\/product_tag?post=101591"}],"curies":[{"name":"wp","href":"https:\/\/api.w.org\/{rel}","templated":true}]}}