{"id":101378,"date":"2023-10-03T15:23:20","date_gmt":"2023-10-03T15:23:20","guid":{"rendered":"https:\/\/easycurtain.ch\/onlineshop\/arretoirs-hinno-clic-stop-4-pieces\/"},"modified":"2023-11-21T15:15:39","modified_gmt":"2023-11-21T15:15:39","slug":"arretoirs-hinno-clic-stop-4-pieces","status":"publish","type":"product","link":"https:\/\/easycurtain.ch\/fr-ch\/onlineshop\/arretoirs-hinno-clic-stop-4-pieces\/","title":{"rendered":"Arr\u00eatoirs HINNO CLIC STOP (4 pi\u00e8ces)"},"content":{"rendered":"<div class=\"wpb-content-wrapper\"><p>[vc_row][vc_column][vc_tta_accordion shape=&#8221;square&#8221; color=&#8221;white&#8221; active_section=&#8221;&#8221; no_fill=&#8221;true&#8221; collapsible_all=&#8221;true&#8221;][vc_tta_section title=&#8221;Description&#8221; tab_id=&#8221;beschreibung&#8221;][vc_row_inner][vc_column_inner width=&#8221;1\/2&#8243;][vc_column_text]<\/p>\n<h2>Arr\u00eat de rideau<\/h2>\n<p>L&#8217;arr\u00eat CLIC STOP de HINNO peut \u00eatre mont\u00e9 comme arr\u00eat de rideau \u00e0 l&#8217;extr\u00e9mit\u00e9 du rail de rideau ou comme arr\u00eat interm\u00e9diaire \u00e0 n&#8217;importe quel endroit du rail.<\/p>\n<p>Tu peux le pousser dans la glissi\u00e8re et fermer la languette mobile. Pour l&#8217;enlever, il te suffit d&#8217;ouvrir la languette \u00e0 la main et de retirer ainsi le stoppeur de la glissi\u00e8re.<\/p>\n<p>Le dispositif d&#8217;arr\u00eat HINNO CLIC STOP est fabriqu\u00e9 en plastique de haute qualit\u00e9, il est prot\u00e9g\u00e9 contre les UV et a une longue dur\u00e9e de vie.[\/vc_column_text][\/vc_column_inner][vc_column_inner width=&#8221;1\/2&#8243;][vc_column_text]<\/p>\n<h2>Diff\u00e9rentes tailles<\/h2>\n<ul>\n<li>HS 1 pour MAXI (VS-57), SIXO<\/li>\n<li>HS 5 pour MIDI<\/li>\n<li>HS 7 pour MINI, KUST<\/li>\n<\/ul>\n<p>[\/vc_column_text][\/vc_column_inner][\/vc_row_inner][\/vc_tta_section][\/vc_tta_accordion][\/vc_column][\/vc_row]<\/p>\n<\/div>","protected":false},"excerpt":{"rendered":"<p>L&#8217;arr\u00eat CLIC STOP de HINNO peut \u00eatre mont\u00e9 comme arr\u00eat de rideau \u00e0 l&#8217;extr\u00e9mit\u00e9 du rail de rideau ou comme arr\u00eat interm\u00e9diaire \u00e0 n&#8217;importe quel endroit du rail.<\/p>\n","protected":false},"featured_media":99747,"template":"","meta":{"_acf_changed":false},"product_brand":[],"product_cat":[390,388,383],"product_tag":[],"class_list":{"0":"post-101378","1":"product","2":"type-product","3":"status-publish","4":"has-post-thumbnail","6":"product_cat-accessoires-pour-rails-a-rideaux","7":"product_cat-accessoires-pour-rideaux","8":"product_cat-rails-a-rideaux","10":"first","11":"instock","12":"taxable","13":"shipping-taxable","14":"purchasable","15":"product-type-variable"},"acf":[],"yoast_head":"<!-- This site is optimized with the Yoast SEO plugin v27.1.1 - https:\/\/yoast.com\/product\/yoast-seo-wordpress\/ -->\n<title>Arr\u00eatoirs HINNO CLIC STOP (4 pi\u00e8ces) - easyCurtain<\/title>\n<meta name=\"description\" content=\"Le CLIC STOP de HINNO peut \u00eatre mont\u00e9 comme arr\u00eat de rideau \u00e0 l&#039;extr\u00e9mit\u00e9 du rail de rideau ou comme arr\u00eat interm\u00e9diaire \u00e0 n&#039;importe quel endroit du rail.\" \/>\n<meta name=\"robots\" content=\"index, follow, max-snippet:-1, max-image-preview:large, max-video-preview:-1\" \/>\n<link rel=\"canonical\" href=\"https:\/\/easycurtain.ch\/fr-ch\/onlineshop\/arretoirs-hinno-clic-stop-4-pieces\/\" \/>\n<meta property=\"og:locale\" content=\"fr_FR\" \/>\n<meta property=\"og:type\" content=\"article\" \/>\n<meta property=\"og:title\" content=\"Arr\u00eatoirs HINNO CLIC STOP (4 pi\u00e8ces) - easyCurtain\" \/>\n<meta property=\"og:description\" content=\"Le CLIC STOP de HINNO peut \u00eatre mont\u00e9 comme arr\u00eat de rideau \u00e0 l&#039;extr\u00e9mit\u00e9 du rail de rideau ou comme arr\u00eat interm\u00e9diaire \u00e0 n&#039;importe quel endroit du rail.\" \/>\n<meta property=\"og:url\" content=\"https:\/\/easycurtain.ch\/fr-ch\/onlineshop\/arretoirs-hinno-clic-stop-4-pieces\/\" \/>\n<meta property=\"og:site_name\" content=\"easyCurtain\" \/>\n<meta property=\"article:modified_time\" content=\"2023-11-21T15:15:39+00:00\" \/>\n<meta property=\"og:image\" content=\"https:\/\/easycurtain.ch\/wp-content\/uploads\/2023\/10\/feststeller-hinno-clic-stop-in-schiene.jpg\" \/>\n\t<meta property=\"og:image:width\" content=\"1800\" \/>\n\t<meta property=\"og:image:height\" content=\"1800\" \/>\n\t<meta property=\"og:image:type\" content=\"image\/jpeg\" \/>\n<meta name=\"twitter:card\" content=\"summary_large_image\" \/>\n<meta name=\"twitter:label1\" content=\"Est. reading time\" \/>\n\t<meta name=\"twitter:data1\" content=\"1 minute\" \/>\n<script type=\"application\/ld+json\" class=\"yoast-schema-graph\">{\"@context\":\"https:\/\/schema.org\",\"@graph\":[{\"@type\":\"WebPage\",\"@id\":\"https:\/\/easycurtain.ch\/fr-ch\/onlineshop\/arretoirs-hinno-clic-stop-4-pieces\/\",\"url\":\"https:\/\/easycurtain.ch\/fr-ch\/onlineshop\/arretoirs-hinno-clic-stop-4-pieces\/\",\"name\":\"Arr\u00eatoirs HINNO CLIC STOP (4 pi\u00e8ces) - easyCurtain\",\"isPartOf\":{\"@id\":\"https:\/\/easycurtain.ch\/fr-ch\/#website\"},\"primaryImageOfPage\":{\"@id\":\"https:\/\/easycurtain.ch\/fr-ch\/onlineshop\/arretoirs-hinno-clic-stop-4-pieces\/#primaryimage\"},\"image\":{\"@id\":\"https:\/\/easycurtain.ch\/fr-ch\/onlineshop\/arretoirs-hinno-clic-stop-4-pieces\/#primaryimage\"},\"thumbnailUrl\":\"https:\/\/easycurtain.ch\/wp-content\/uploads\/2023\/10\/feststeller-hinno-clic-stop-in-schiene.jpg\",\"datePublished\":\"2023-10-03T15:23:20+00:00\",\"dateModified\":\"2023-11-21T15:15:39+00:00\",\"description\":\"Le CLIC STOP de HINNO peut \u00eatre mont\u00e9 comme arr\u00eat de rideau \u00e0 l'extr\u00e9mit\u00e9 du rail de rideau ou comme arr\u00eat interm\u00e9diaire \u00e0 n'importe quel endroit du rail.\",\"breadcrumb\":{\"@id\":\"https:\/\/easycurtain.ch\/fr-ch\/onlineshop\/arretoirs-hinno-clic-stop-4-pieces\/#breadcrumb\"},\"inLanguage\":\"fr-CH\",\"potentialAction\":[{\"@type\":\"ReadAction\",\"target\":[\"https:\/\/easycurtain.ch\/fr-ch\/onlineshop\/arretoirs-hinno-clic-stop-4-pieces\/\"]}]},{\"@type\":\"ImageObject\",\"inLanguage\":\"fr-CH\",\"@id\":\"https:\/\/easycurtain.ch\/fr-ch\/onlineshop\/arretoirs-hinno-clic-stop-4-pieces\/#primaryimage\",\"url\":\"https:\/\/easycurtain.ch\/wp-content\/uploads\/2023\/10\/feststeller-hinno-clic-stop-in-schiene.jpg\",\"contentUrl\":\"https:\/\/easycurtain.ch\/wp-content\/uploads\/2023\/10\/feststeller-hinno-clic-stop-in-schiene.jpg\",\"width\":1800,\"height\":1800,\"caption\":\"Feststeller HINNO CLIC STOP in Schiene\"},{\"@type\":\"BreadcrumbList\",\"@id\":\"https:\/\/easycurtain.ch\/fr-ch\/onlineshop\/arretoirs-hinno-clic-stop-4-pieces\/#breadcrumb\",\"itemListElement\":[{\"@type\":\"ListItem\",\"position\":1,\"name\":\"Home\",\"item\":\"https:\/\/easycurtain.ch\/fr-ch\/?page_id=101168\"},{\"@type\":\"ListItem\",\"position\":2,\"name\":\"Rideaux &amp; accessoires\",\"item\":\"https:\/\/easycurtain.ch\/fr-ch\/shop-2\/\"},{\"@type\":\"ListItem\",\"position\":3,\"name\":\"Arr\u00eatoirs HINNO CLIC STOP (4 pi\u00e8ces)\"}]},{\"@type\":\"WebSite\",\"@id\":\"https:\/\/easycurtain.ch\/fr-ch\/#website\",\"url\":\"https:\/\/easycurtain.ch\/fr-ch\/\",\"name\":\"easyCurtain\",\"description\":\"Superbes rideaux. Petits prix.\",\"publisher\":{\"@id\":\"https:\/\/easycurtain.ch\/fr-ch\/#organization\"},\"potentialAction\":[{\"@type\":\"SearchAction\",\"target\":{\"@type\":\"EntryPoint\",\"urlTemplate\":\"https:\/\/easycurtain.ch\/fr-ch\/?s={search_term_string}\"},\"query-input\":{\"@type\":\"PropertyValueSpecification\",\"valueRequired\":true,\"valueName\":\"search_term_string\"}}],\"inLanguage\":\"fr-CH\"},{\"@type\":\"Organization\",\"@id\":\"https:\/\/easycurtain.ch\/fr-ch\/#organization\",\"name\":\"easyCurtain\",\"url\":\"https:\/\/easycurtain.ch\/fr-ch\/\",\"logo\":{\"@type\":\"ImageObject\",\"inLanguage\":\"fr-CH\",\"@id\":\"https:\/\/easycurtain.ch\/fr-ch\/#\/schema\/logo\/image\/\",\"url\":\"https:\/\/easycurtain.ch\/wp-content\/uploads\/2023\/09\/logo-easycurtain-massvorhang-online-1.png\",\"contentUrl\":\"https:\/\/easycurtain.ch\/wp-content\/uploads\/2023\/09\/logo-easycurtain-massvorhang-online-1.png\",\"width\":600,\"height\":138,\"caption\":\"easyCurtain\"},\"image\":{\"@id\":\"https:\/\/easycurtain.ch\/fr-ch\/#\/schema\/logo\/image\/\"}}]}<\/script>\n<!-- \/ Yoast SEO plugin. -->","yoast_head_json":{"title":"Arr\u00eatoirs HINNO CLIC STOP (4 pi\u00e8ces) - easyCurtain","description":"Le CLIC STOP de HINNO peut \u00eatre mont\u00e9 comme arr\u00eat de rideau \u00e0 l'extr\u00e9mit\u00e9 du rail de rideau ou comme arr\u00eat interm\u00e9diaire \u00e0 n'importe quel endroit du rail.","robots":{"index":"index","follow":"follow","max-snippet":"max-snippet:-1","max-image-preview":"max-image-preview:large","max-video-preview":"max-video-preview:-1"},"canonical":"https:\/\/easycurtain.ch\/fr-ch\/onlineshop\/arretoirs-hinno-clic-stop-4-pieces\/","og_locale":"fr_FR","og_type":"article","og_title":"Arr\u00eatoirs HINNO CLIC STOP (4 pi\u00e8ces) - easyCurtain","og_description":"Le CLIC STOP de HINNO peut \u00eatre mont\u00e9 comme arr\u00eat de rideau \u00e0 l'extr\u00e9mit\u00e9 du rail de rideau ou comme arr\u00eat interm\u00e9diaire \u00e0 n'importe quel endroit du rail.","og_url":"https:\/\/easycurtain.ch\/fr-ch\/onlineshop\/arretoirs-hinno-clic-stop-4-pieces\/","og_site_name":"easyCurtain","article_modified_time":"2023-11-21T15:15:39+00:00","og_image":[{"width":1800,"height":1800,"url":"https:\/\/easycurtain.ch\/wp-content\/uploads\/2023\/10\/feststeller-hinno-clic-stop-in-schiene.jpg","type":"image\/jpeg"}],"twitter_card":"summary_large_image","twitter_misc":{"Est. reading time":"1 minute"},"schema":{"@context":"https:\/\/schema.org","@graph":[{"@type":"WebPage","@id":"https:\/\/easycurtain.ch\/fr-ch\/onlineshop\/arretoirs-hinno-clic-stop-4-pieces\/","url":"https:\/\/easycurtain.ch\/fr-ch\/onlineshop\/arretoirs-hinno-clic-stop-4-pieces\/","name":"Arr\u00eatoirs HINNO CLIC STOP (4 pi\u00e8ces) - easyCurtain","isPartOf":{"@id":"https:\/\/easycurtain.ch\/fr-ch\/#website"},"primaryImageOfPage":{"@id":"https:\/\/easycurtain.ch\/fr-ch\/onlineshop\/arretoirs-hinno-clic-stop-4-pieces\/#primaryimage"},"image":{"@id":"https:\/\/easycurtain.ch\/fr-ch\/onlineshop\/arretoirs-hinno-clic-stop-4-pieces\/#primaryimage"},"thumbnailUrl":"https:\/\/easycurtain.ch\/wp-content\/uploads\/2023\/10\/feststeller-hinno-clic-stop-in-schiene.jpg","datePublished":"2023-10-03T15:23:20+00:00","dateModified":"2023-11-21T15:15:39+00:00","description":"Le CLIC STOP de HINNO peut \u00eatre mont\u00e9 comme arr\u00eat de rideau \u00e0 l'extr\u00e9mit\u00e9 du rail de rideau ou comme arr\u00eat interm\u00e9diaire \u00e0 n'importe quel endroit du rail.","breadcrumb":{"@id":"https:\/\/easycurtain.ch\/fr-ch\/onlineshop\/arretoirs-hinno-clic-stop-4-pieces\/#breadcrumb"},"inLanguage":"fr-CH","potentialAction":[{"@type":"ReadAction","target":["https:\/\/easycurtain.ch\/fr-ch\/onlineshop\/arretoirs-hinno-clic-stop-4-pieces\/"]}]},{"@type":"ImageObject","inLanguage":"fr-CH","@id":"https:\/\/easycurtain.ch\/fr-ch\/onlineshop\/arretoirs-hinno-clic-stop-4-pieces\/#primaryimage","url":"https:\/\/easycurtain.ch\/wp-content\/uploads\/2023\/10\/feststeller-hinno-clic-stop-in-schiene.jpg","contentUrl":"https:\/\/easycurtain.ch\/wp-content\/uploads\/2023\/10\/feststeller-hinno-clic-stop-in-schiene.jpg","width":1800,"height":1800,"caption":"Feststeller HINNO CLIC STOP in Schiene"},{"@type":"BreadcrumbList","@id":"https:\/\/easycurtain.ch\/fr-ch\/onlineshop\/arretoirs-hinno-clic-stop-4-pieces\/#breadcrumb","itemListElement":[{"@type":"ListItem","position":1,"name":"Home","item":"https:\/\/easycurtain.ch\/fr-ch\/?page_id=101168"},{"@type":"ListItem","position":2,"name":"Rideaux &amp; accessoires","item":"https:\/\/easycurtain.ch\/fr-ch\/shop-2\/"},{"@type":"ListItem","position":3,"name":"Arr\u00eatoirs HINNO CLIC STOP (4 pi\u00e8ces)"}]},{"@type":"WebSite","@id":"https:\/\/easycurtain.ch\/fr-ch\/#website","url":"https:\/\/easycurtain.ch\/fr-ch\/","name":"easyCurtain","description":"Superbes rideaux. Petits prix.","publisher":{"@id":"https:\/\/easycurtain.ch\/fr-ch\/#organization"},"potentialAction":[{"@type":"SearchAction","target":{"@type":"EntryPoint","urlTemplate":"https:\/\/easycurtain.ch\/fr-ch\/?s={search_term_string}"},"query-input":{"@type":"PropertyValueSpecification","valueRequired":true,"valueName":"search_term_string"}}],"inLanguage":"fr-CH"},{"@type":"Organization","@id":"https:\/\/easycurtain.ch\/fr-ch\/#organization","name":"easyCurtain","url":"https:\/\/easycurtain.ch\/fr-ch\/","logo":{"@type":"ImageObject","inLanguage":"fr-CH","@id":"https:\/\/easycurtain.ch\/fr-ch\/#\/schema\/logo\/image\/","url":"https:\/\/easycurtain.ch\/wp-content\/uploads\/2023\/09\/logo-easycurtain-massvorhang-online-1.png","contentUrl":"https:\/\/easycurtain.ch\/wp-content\/uploads\/2023\/09\/logo-easycurtain-massvorhang-online-1.png","width":600,"height":138,"caption":"easyCurtain"},"image":{"@id":"https:\/\/easycurtain.ch\/fr-ch\/#\/schema\/logo\/image\/"}}]}},"_links":{"self":[{"href":"https:\/\/easycurtain.ch\/fr-ch\/wp-json\/wp\/v2\/product\/101378","targetHints":{"allow":["GET"]}}],"collection":[{"href":"https:\/\/easycurtain.ch\/fr-ch\/wp-json\/wp\/v2\/product"}],"about":[{"href":"https:\/\/easycurtain.ch\/fr-ch\/wp-json\/wp\/v2\/types\/product"}],"wp:featuredmedia":[{"embeddable":true,"href":"https:\/\/easycurtain.ch\/fr-ch\/wp-json\/wp\/v2\/media\/99747"}],"wp:attachment":[{"href":"https:\/\/easycurtain.ch\/fr-ch\/wp-json\/wp\/v2\/media?parent=101378"}],"wp:term":[{"taxonomy":"product_brand","embeddable":true,"href":"https:\/\/easycurtain.ch\/fr-ch\/wp-json\/wp\/v2\/product_brand?post=101378"},{"taxonomy":"product_cat","embeddable":true,"href":"https:\/\/easycurtain.ch\/fr-ch\/wp-json\/wp\/v2\/product_cat?post=101378"},{"taxonomy":"product_tag","embeddable":true,"href":"https:\/\/easycurtain.ch\/fr-ch\/wp-json\/wp\/v2\/product_tag?post=101378"}],"curies":[{"name":"wp","href":"https:\/\/api.w.org\/{rel}","templated":true}]}}