{"id":101357,"date":"2023-10-05T13:41:19","date_gmt":"2023-10-05T13:41:19","guid":{"rendered":"https:\/\/easycurtain.ch\/onlineshop\/piece-de-connexion-pour-rail-de-rideau-santys\/"},"modified":"2023-11-21T15:15:39","modified_gmt":"2023-11-21T15:15:39","slug":"piece-de-connexion-pour-rail-de-rideau-santys","status":"publish","type":"product","link":"https:\/\/easycurtain.ch\/fr-ch\/onlineshop\/piece-de-connexion-pour-rail-de-rideau-santys\/","title":{"rendered":"Pi\u00e8ce de connexion pour rail de rideau S\u00c4NTYS"},"content":{"rendered":"<div class=\"wpb-content-wrapper\"><p>[vc_row][vc_column][vc_tta_accordion shape=&#8221;square&#8221; color=&#8221;white&#8221; active_section=&#8221;&#8221; no_fill=&#8221;true&#8221; collapsible_all=&#8221;true&#8221;][vc_tta_section title=&#8221;Description&#8221; tab_id=&#8221;beschreibung&#8221;][vc_row_inner][vc_column_inner width=&#8221;1\/2&#8243;][vc_column_text]<\/p>\n<h2>Pi\u00e8ce de connexion pour les rails \u00e0 rideaux S\u00c4NTYS<\/h2>\n<p>Avec ce raccord, tu peux facilement relier deux rails \u00e0 rideaux S\u00c4NTYS.<\/p>\n<p>Tu laisses tomber les embouts, tu ins\u00e8res la moiti\u00e9 de la pi\u00e8ce de jonction dans l&#8217;une des barres, puis la deuxi\u00e8me barre par-dessus la pi\u00e8ce de jonction jusqu&#8217;\u00e0 ce que les deux barres soient compl\u00e8tement ensemble.<\/p>\n<p>Remarque : toujours placer un support au point de connexion.[\/vc_column_text][\/vc_column_inner][vc_column_inner width=&#8221;1\/2&#8243;][\/vc_column_inner][\/vc_row_inner][\/vc_tta_section][\/vc_tta_accordion][\/vc_column][\/vc_row]<\/p>\n<\/div>","protected":false},"excerpt":{"rendered":"<p>Cette pi\u00e8ce de jonction est adapt\u00e9e pour relier les rails \u00e0 rideaux S\u00c4NTYS entre eux.<\/p>\n","protected":false},"featured_media":99729,"template":"","meta":{"_acf_changed":false},"product_brand":[],"product_cat":[390,388,383,385],"product_tag":[],"class_list":{"0":"post-101357","1":"product","2":"type-product","3":"status-publish","4":"has-post-thumbnail","6":"product_cat-accessoires-pour-rails-a-rideaux","7":"product_cat-accessoires-pour-rideaux","8":"product_cat-rails-a-rideaux","9":"product_cat-tringles-a-rideaux","11":"first","12":"instock","13":"taxable","14":"shipping-taxable","15":"purchasable","16":"product-type-simple"},"acf":[],"yoast_head":"<!-- This site is optimized with the Yoast SEO plugin v27.1.1 - https:\/\/yoast.com\/product\/yoast-seo-wordpress\/ -->\n<title>Pi\u00e8ce de connexion pour rail de rideau S\u00c4NTYS - easyCurtain<\/title>\n<meta name=\"description\" content=\"Ce connecteur permet de relier facilement les rails de rideaux S\u00c4NTYS entre eux.\" \/>\n<meta name=\"robots\" content=\"index, follow, max-snippet:-1, max-image-preview:large, max-video-preview:-1\" \/>\n<link rel=\"canonical\" href=\"https:\/\/easycurtain.ch\/fr-ch\/onlineshop\/piece-de-connexion-pour-rail-de-rideau-santys\/\" \/>\n<meta property=\"og:locale\" content=\"fr_FR\" \/>\n<meta property=\"og:type\" content=\"article\" \/>\n<meta property=\"og:title\" content=\"Pi\u00e8ce de connexion pour rail de rideau S\u00c4NTYS - easyCurtain\" \/>\n<meta property=\"og:description\" content=\"Ce connecteur permet de relier facilement les rails de rideaux S\u00c4NTYS entre eux.\" \/>\n<meta property=\"og:url\" content=\"https:\/\/easycurtain.ch\/fr-ch\/onlineshop\/piece-de-connexion-pour-rail-de-rideau-santys\/\" \/>\n<meta property=\"og:site_name\" content=\"easyCurtain\" \/>\n<meta property=\"article:modified_time\" content=\"2023-11-21T15:15:39+00:00\" \/>\n<meta property=\"og:image\" content=\"https:\/\/easycurtain.ch\/wp-content\/uploads\/2023\/10\/verbinder-vorhangstange-saentys-1-2.jpg\" \/>\n\t<meta property=\"og:image:width\" content=\"1800\" \/>\n\t<meta property=\"og:image:height\" content=\"1800\" \/>\n\t<meta property=\"og:image:type\" content=\"image\/jpeg\" \/>\n<meta name=\"twitter:card\" content=\"summary_large_image\" \/>\n<meta name=\"twitter:label1\" content=\"Est. reading time\" \/>\n\t<meta name=\"twitter:data1\" content=\"1 minute\" \/>\n<script type=\"application\/ld+json\" class=\"yoast-schema-graph\">{\"@context\":\"https:\/\/schema.org\",\"@graph\":[{\"@type\":\"WebPage\",\"@id\":\"https:\/\/easycurtain.ch\/fr-ch\/onlineshop\/piece-de-connexion-pour-rail-de-rideau-santys\/\",\"url\":\"https:\/\/easycurtain.ch\/fr-ch\/onlineshop\/piece-de-connexion-pour-rail-de-rideau-santys\/\",\"name\":\"Pi\u00e8ce de connexion pour rail de rideau S\u00c4NTYS - easyCurtain\",\"isPartOf\":{\"@id\":\"https:\/\/easycurtain.ch\/fr-ch\/#website\"},\"primaryImageOfPage\":{\"@id\":\"https:\/\/easycurtain.ch\/fr-ch\/onlineshop\/piece-de-connexion-pour-rail-de-rideau-santys\/#primaryimage\"},\"image\":{\"@id\":\"https:\/\/easycurtain.ch\/fr-ch\/onlineshop\/piece-de-connexion-pour-rail-de-rideau-santys\/#primaryimage\"},\"thumbnailUrl\":\"https:\/\/easycurtain.ch\/wp-content\/uploads\/2023\/10\/verbinder-vorhangstange-saentys-1-2.jpg\",\"datePublished\":\"2023-10-05T13:41:19+00:00\",\"dateModified\":\"2023-11-21T15:15:39+00:00\",\"description\":\"Ce connecteur permet de relier facilement les rails de rideaux S\u00c4NTYS entre eux.\",\"breadcrumb\":{\"@id\":\"https:\/\/easycurtain.ch\/fr-ch\/onlineshop\/piece-de-connexion-pour-rail-de-rideau-santys\/#breadcrumb\"},\"inLanguage\":\"fr-CH\",\"potentialAction\":[{\"@type\":\"ReadAction\",\"target\":[\"https:\/\/easycurtain.ch\/fr-ch\/onlineshop\/piece-de-connexion-pour-rail-de-rideau-santys\/\"]}]},{\"@type\":\"ImageObject\",\"inLanguage\":\"fr-CH\",\"@id\":\"https:\/\/easycurtain.ch\/fr-ch\/onlineshop\/piece-de-connexion-pour-rail-de-rideau-santys\/#primaryimage\",\"url\":\"https:\/\/easycurtain.ch\/wp-content\/uploads\/2023\/10\/verbinder-vorhangstange-saentys-1-2.jpg\",\"contentUrl\":\"https:\/\/easycurtain.ch\/wp-content\/uploads\/2023\/10\/verbinder-vorhangstange-saentys-1-2.jpg\",\"width\":1800,\"height\":1800,\"caption\":\"Verbinder Vorhangschiene S\u00c4NTYS\"},{\"@type\":\"BreadcrumbList\",\"@id\":\"https:\/\/easycurtain.ch\/fr-ch\/onlineshop\/piece-de-connexion-pour-rail-de-rideau-santys\/#breadcrumb\",\"itemListElement\":[{\"@type\":\"ListItem\",\"position\":1,\"name\":\"Home\",\"item\":\"https:\/\/easycurtain.ch\/fr-ch\/?page_id=101168\"},{\"@type\":\"ListItem\",\"position\":2,\"name\":\"Rideaux &amp; accessoires\",\"item\":\"https:\/\/easycurtain.ch\/fr-ch\/shop-2\/\"},{\"@type\":\"ListItem\",\"position\":3,\"name\":\"Pi\u00e8ce de connexion pour rail de rideau S\u00c4NTYS\"}]},{\"@type\":\"WebSite\",\"@id\":\"https:\/\/easycurtain.ch\/fr-ch\/#website\",\"url\":\"https:\/\/easycurtain.ch\/fr-ch\/\",\"name\":\"easyCurtain\",\"description\":\"Superbes rideaux. Petits prix.\",\"publisher\":{\"@id\":\"https:\/\/easycurtain.ch\/fr-ch\/#organization\"},\"potentialAction\":[{\"@type\":\"SearchAction\",\"target\":{\"@type\":\"EntryPoint\",\"urlTemplate\":\"https:\/\/easycurtain.ch\/fr-ch\/?s={search_term_string}\"},\"query-input\":{\"@type\":\"PropertyValueSpecification\",\"valueRequired\":true,\"valueName\":\"search_term_string\"}}],\"inLanguage\":\"fr-CH\"},{\"@type\":\"Organization\",\"@id\":\"https:\/\/easycurtain.ch\/fr-ch\/#organization\",\"name\":\"easyCurtain\",\"url\":\"https:\/\/easycurtain.ch\/fr-ch\/\",\"logo\":{\"@type\":\"ImageObject\",\"inLanguage\":\"fr-CH\",\"@id\":\"https:\/\/easycurtain.ch\/fr-ch\/#\/schema\/logo\/image\/\",\"url\":\"https:\/\/easycurtain.ch\/wp-content\/uploads\/2023\/09\/logo-easycurtain-massvorhang-online-1.png\",\"contentUrl\":\"https:\/\/easycurtain.ch\/wp-content\/uploads\/2023\/09\/logo-easycurtain-massvorhang-online-1.png\",\"width\":600,\"height\":138,\"caption\":\"easyCurtain\"},\"image\":{\"@id\":\"https:\/\/easycurtain.ch\/fr-ch\/#\/schema\/logo\/image\/\"}}]}<\/script>\n<!-- \/ Yoast SEO plugin. -->","yoast_head_json":{"title":"Pi\u00e8ce de connexion pour rail de rideau S\u00c4NTYS - easyCurtain","description":"Ce connecteur permet de relier facilement les rails de rideaux S\u00c4NTYS entre eux.","robots":{"index":"index","follow":"follow","max-snippet":"max-snippet:-1","max-image-preview":"max-image-preview:large","max-video-preview":"max-video-preview:-1"},"canonical":"https:\/\/easycurtain.ch\/fr-ch\/onlineshop\/piece-de-connexion-pour-rail-de-rideau-santys\/","og_locale":"fr_FR","og_type":"article","og_title":"Pi\u00e8ce de connexion pour rail de rideau S\u00c4NTYS - easyCurtain","og_description":"Ce connecteur permet de relier facilement les rails de rideaux S\u00c4NTYS entre eux.","og_url":"https:\/\/easycurtain.ch\/fr-ch\/onlineshop\/piece-de-connexion-pour-rail-de-rideau-santys\/","og_site_name":"easyCurtain","article_modified_time":"2023-11-21T15:15:39+00:00","og_image":[{"width":1800,"height":1800,"url":"https:\/\/easycurtain.ch\/wp-content\/uploads\/2023\/10\/verbinder-vorhangstange-saentys-1-2.jpg","type":"image\/jpeg"}],"twitter_card":"summary_large_image","twitter_misc":{"Est. reading time":"1 minute"},"schema":{"@context":"https:\/\/schema.org","@graph":[{"@type":"WebPage","@id":"https:\/\/easycurtain.ch\/fr-ch\/onlineshop\/piece-de-connexion-pour-rail-de-rideau-santys\/","url":"https:\/\/easycurtain.ch\/fr-ch\/onlineshop\/piece-de-connexion-pour-rail-de-rideau-santys\/","name":"Pi\u00e8ce de connexion pour rail de rideau S\u00c4NTYS - easyCurtain","isPartOf":{"@id":"https:\/\/easycurtain.ch\/fr-ch\/#website"},"primaryImageOfPage":{"@id":"https:\/\/easycurtain.ch\/fr-ch\/onlineshop\/piece-de-connexion-pour-rail-de-rideau-santys\/#primaryimage"},"image":{"@id":"https:\/\/easycurtain.ch\/fr-ch\/onlineshop\/piece-de-connexion-pour-rail-de-rideau-santys\/#primaryimage"},"thumbnailUrl":"https:\/\/easycurtain.ch\/wp-content\/uploads\/2023\/10\/verbinder-vorhangstange-saentys-1-2.jpg","datePublished":"2023-10-05T13:41:19+00:00","dateModified":"2023-11-21T15:15:39+00:00","description":"Ce connecteur permet de relier facilement les rails de rideaux S\u00c4NTYS entre eux.","breadcrumb":{"@id":"https:\/\/easycurtain.ch\/fr-ch\/onlineshop\/piece-de-connexion-pour-rail-de-rideau-santys\/#breadcrumb"},"inLanguage":"fr-CH","potentialAction":[{"@type":"ReadAction","target":["https:\/\/easycurtain.ch\/fr-ch\/onlineshop\/piece-de-connexion-pour-rail-de-rideau-santys\/"]}]},{"@type":"ImageObject","inLanguage":"fr-CH","@id":"https:\/\/easycurtain.ch\/fr-ch\/onlineshop\/piece-de-connexion-pour-rail-de-rideau-santys\/#primaryimage","url":"https:\/\/easycurtain.ch\/wp-content\/uploads\/2023\/10\/verbinder-vorhangstange-saentys-1-2.jpg","contentUrl":"https:\/\/easycurtain.ch\/wp-content\/uploads\/2023\/10\/verbinder-vorhangstange-saentys-1-2.jpg","width":1800,"height":1800,"caption":"Verbinder Vorhangschiene S\u00c4NTYS"},{"@type":"BreadcrumbList","@id":"https:\/\/easycurtain.ch\/fr-ch\/onlineshop\/piece-de-connexion-pour-rail-de-rideau-santys\/#breadcrumb","itemListElement":[{"@type":"ListItem","position":1,"name":"Home","item":"https:\/\/easycurtain.ch\/fr-ch\/?page_id=101168"},{"@type":"ListItem","position":2,"name":"Rideaux &amp; accessoires","item":"https:\/\/easycurtain.ch\/fr-ch\/shop-2\/"},{"@type":"ListItem","position":3,"name":"Pi\u00e8ce de connexion pour rail de rideau S\u00c4NTYS"}]},{"@type":"WebSite","@id":"https:\/\/easycurtain.ch\/fr-ch\/#website","url":"https:\/\/easycurtain.ch\/fr-ch\/","name":"easyCurtain","description":"Superbes rideaux. Petits prix.","publisher":{"@id":"https:\/\/easycurtain.ch\/fr-ch\/#organization"},"potentialAction":[{"@type":"SearchAction","target":{"@type":"EntryPoint","urlTemplate":"https:\/\/easycurtain.ch\/fr-ch\/?s={search_term_string}"},"query-input":{"@type":"PropertyValueSpecification","valueRequired":true,"valueName":"search_term_string"}}],"inLanguage":"fr-CH"},{"@type":"Organization","@id":"https:\/\/easycurtain.ch\/fr-ch\/#organization","name":"easyCurtain","url":"https:\/\/easycurtain.ch\/fr-ch\/","logo":{"@type":"ImageObject","inLanguage":"fr-CH","@id":"https:\/\/easycurtain.ch\/fr-ch\/#\/schema\/logo\/image\/","url":"https:\/\/easycurtain.ch\/wp-content\/uploads\/2023\/09\/logo-easycurtain-massvorhang-online-1.png","contentUrl":"https:\/\/easycurtain.ch\/wp-content\/uploads\/2023\/09\/logo-easycurtain-massvorhang-online-1.png","width":600,"height":138,"caption":"easyCurtain"},"image":{"@id":"https:\/\/easycurtain.ch\/fr-ch\/#\/schema\/logo\/image\/"}}]}},"_links":{"self":[{"href":"https:\/\/easycurtain.ch\/fr-ch\/wp-json\/wp\/v2\/product\/101357","targetHints":{"allow":["GET"]}}],"collection":[{"href":"https:\/\/easycurtain.ch\/fr-ch\/wp-json\/wp\/v2\/product"}],"about":[{"href":"https:\/\/easycurtain.ch\/fr-ch\/wp-json\/wp\/v2\/types\/product"}],"wp:featuredmedia":[{"embeddable":true,"href":"https:\/\/easycurtain.ch\/fr-ch\/wp-json\/wp\/v2\/media\/99729"}],"wp:attachment":[{"href":"https:\/\/easycurtain.ch\/fr-ch\/wp-json\/wp\/v2\/media?parent=101357"}],"wp:term":[{"taxonomy":"product_brand","embeddable":true,"href":"https:\/\/easycurtain.ch\/fr-ch\/wp-json\/wp\/v2\/product_brand?post=101357"},{"taxonomy":"product_cat","embeddable":true,"href":"https:\/\/easycurtain.ch\/fr-ch\/wp-json\/wp\/v2\/product_cat?post=101357"},{"taxonomy":"product_tag","embeddable":true,"href":"https:\/\/easycurtain.ch\/fr-ch\/wp-json\/wp\/v2\/product_tag?post=101357"}],"curies":[{"name":"wp","href":"https:\/\/api.w.org\/{rel}","templated":true}]}}