{"id":101187,"date":"2018-08-30T09:43:44","date_gmt":"2018-08-30T09:43:44","guid":{"rendered":"https:\/\/easycurtain.ch\/questions-frequentes\/"},"modified":"2023-12-04T15:45:16","modified_gmt":"2023-12-04T15:45:16","slug":"questions-frequentes","status":"publish","type":"page","link":"https:\/\/easycurtain.ch\/fr-ch\/questions-frequentes\/","title":{"rendered":"Questions fr\u00e9quentes"},"content":{"rendered":"<div class=\"wpb-content-wrapper\"><p>[vc_row full_width=&#8221;stretch_row&#8221; css=&#8221;.vc_custom_1697441153883{padding-top: 80px !important;padding-bottom: 20px !important;background-color: #a7bfd6 !important;}&#8221;][vc_column width=&#8221;1\/6&#8243;]<span class=\"konte-dash text-default   vc_custom_1535622364910\"><span class=\"konte-dash__line\"><\/span><\/span>[\/vc_column][vc_column width=&#8221;5\/6&#8243;][vc_custom_heading text=&#8221;Informations g\u00e9n\u00e9rales&#8221; use_theme_fonts=&#8221;yes&#8221; css=&#8221;.vc_custom_1697112690964{margin-bottom: 10px !important;}&#8221;][vc_toggle title=&#8221;Comment se fait-il que tes rideaux soient si bon march\u00e9 ?&#8221;]L&#8217;easyCurtain est une entreprise exclusivement en ligne. Nous renon\u00e7ons d\u00e9lib\u00e9r\u00e9ment aux volets de rideaux ou aux conseils \u00e0 domicile.<\/p>\n<p>De plus, nous avons une offre extr\u00eamement r\u00e9duite, ce qui r\u00e9duit au minimum les co\u00fbts de manutention et de stockage.<\/p>\n<p>Le soutien pendant ou apr\u00e8s la commande t&#8217;est offert en premier lieu par ce site web. Si tu as d&#8217;autres questions, n&#8217;h\u00e9site pas \u00e0 nous contacter par <a href=\"https:\/\/easycurtain.ch\/hilfe-kontakt\/\">e-mail<\/a>.<br \/>\nImportant : bien que nous soyons presque exclusivement disponibles en ligne, nous ne te laissons jamais tomber. Pour nous, il est important que tu sois satisfait de tes nouveaux rideaux.[\/vc_toggle][vc_toggle title=&#8221;Est-ce que tes tissus pour rideaux viennent d&apos;Extr\u00eame-Orient ?&#8221;]Non. Tous nos tissus pour rideaux sont tiss\u00e9s en Allemagne avec la meilleure qualit\u00e9. Cela nous co\u00fbte un peu plus cher \u00e0 l&#8217;achat, mais la qualit\u00e9 est meilleure, ce qui entra\u00eene moins de r\u00e9clamations et moins de d\u00e9chets.[\/vc_toggle][vc_toggle title=&#8221;Les rideaux sont-ils fabriqu\u00e9s \u00e0 un prix aussi bas au d\u00e9triment de l&apos;environnement ?&#8221;]Non. Pas du tout. Nous faisons presque tout ce qui est possible pour te proposer des rideaux de qualit\u00e9 \u00e0 des prix attractifs avec un impact minimal sur l&#8217;environnement.<\/p>\n<p>Pour en savoir plus, consulte la page sur <a title=\"Production durable de rideaux\" href=\"https:\/\/easycurtain.ch\/fr-ch\/?page_id=101027\">la durabilit\u00e9<\/a>.[\/vc_toggle][\/vc_column][\/vc_row][vc_row full_width=&#8221;stretch_row&#8221; css=&#8221;.vc_custom_1697441222167{padding-top: 80px !important;padding-bottom: 20px !important;background-color: #f8dfcc !important;}&#8221;][vc_column width=&#8221;1\/6&#8243;]<span class=\"konte-dash text-default   vc_custom_1535622378433\"><span class=\"konte-dash__line\"><\/span><\/span>[\/vc_column][vc_column width=&#8221;5\/6&#8243;][vc_custom_heading text=&#8221;Commande&#8221; use_theme_fonts=&#8221;yes&#8221; css=&#8221;.vc_custom_1697113286316{margin-bottom: 10px !important;}&#8221;][vc_toggle title=&#8221;Comment configurer un rideau ?&#8221;]Configurer ton nouveau rideau sur mesure est tr\u00e8s simple.<\/p>\n<p>Lis-en plus sur la page <a title=\"Configurateur de rideaux : configurer des rideaux sur mesure tr\u00e8s facilement en ligne\" href=\"https:\/\/easycurtain.ch\/fr-ch\/?page_id=101059\">Configurateur de rideaux<\/a>.[\/vc_toggle][vc_toggle title=&#8221;Comment savoir de quels glisseurs de rideaux j&apos;ai besoin?&#8221;]Dans chaque d\u00e9tail de produit, tu trouveras des instructions pour savoir quels sont les bons curseurs de rideaux.<\/p>\n<p>A 99,9%, il s&#8217;agira probablement de glisseurs MAXI.[\/vc_toggle][vc_toggle title=&#8221;Proposez-vous aussi d&apos;autres tissus et types de confection ?&#8221;]Non. Nous nous limitons volontairement \u00e0 l&#8217;offre existante.<br \/>\nC&#8217;est la seule fa\u00e7on pour nous de garder des processus l\u00e9gers et des prix bas pour toi.[\/vc_toggle][vc_toggle title=&#8221;Comment mesurer correctement la hauteur et la largeur du rideau ?&#8221;]Tu trouveras <a title=\"Afficher le guide de mesure des rideaux\" href=\"https:\/\/easycurtain.ch\/fr-ch\/guide-de-mesure\/\">ici<\/a> notre guide de mesure simple.[\/vc_toggle][vc_toggle title=&#8221;Puis-je avoir des \u00e9chantillons de tissu au pr\u00e9alable ?&#8221;]Oui ! J&#8217;aime beaucoup.<\/p>\n<p>Tu peux commander au pr\u00e9alable un \u00e9chantillon de tissu gratuit de chaque mod\u00e8le de rideau et de chaque couleur. Pour cela, il te suffit de s\u00e9lectionner le mod\u00e8le de rideau souhait\u00e9 et d&#8217;ajouter les couleurs correspondantes au panier.[\/vc_toggle][vc_toggle title=&#8221;Puis-je commander des rideaux ou des rails individuels ?&#8221;]Bien s\u00fbr ! Comme nos produits sont des best-sellers absolus, ils seront encore fabriqu\u00e9s pendant longtemps.[\/vc_toggle][vc_toggle title=&#8221;Comment puis-je payer ma commande ?&#8221;]easyCurtain t&#8217;offre une multitude de modes de paiement s\u00e9curis\u00e9s.<br \/>\nTu trouveras toutes les informations n\u00e9cessaires sur la page <a title=\"Informations sur les modes de paiement\" href=\"https:\/\/easycurtain.ch\/fr-ch\/?page_id=101051\">Modes de paiement<\/a>.[\/vc_toggle][vc_toggle title=&#8221;Puis-je modifier ma commande ult\u00e9rieurement ?&#8221;]Si tu as pass\u00e9 ta commande il y a seulement 1 ou 2 jours, nous pouvons encore la modifier dans la plupart des cas. Envoie-nous ta demande de modification le plus pr\u00e9cis\u00e9ment possible (ce qui signifie : num\u00e9ro de commande, num\u00e9ro de position, nouvelles dimensions, nouveau tissu, etc.) en utilisant le formulaire de contact tout en bas.[\/vc_toggle][vc_toggle title=&#8221;Serai-je inform\u00e9 de l&apos;envoi ?&#8221;]Oui Nous t&#8217;informons de mani\u00e8re proactive par e-mail de chaque \u00e9tape de ta <a title=\"Mes commandes de rideaux\" href=\"\/konto\/orders\/\">commande<\/a>.[\/vc_toggle][\/vc_column][\/vc_row][vc_row full_width=&#8221;stretch_row&#8221; css=&#8221;.vc_custom_1697441262144{padding-top: 80px !important;padding-bottom: 20px !important;background-color: #c0ded3 !important;}&#8221;][vc_column width=&#8221;1\/6&#8243;]<span class=\"konte-dash text-default   vc_custom_1535622378433\"><span class=\"konte-dash__line\"><\/span><\/span>[\/vc_column][vc_column width=&#8221;5\/6&#8243;][vc_custom_heading text=&#8221;Livraison&#8221; use_theme_fonts=&#8221;yes&#8221; css=&#8221;.vc_custom_1697113147646{margin-bottom: 10px !important;}&#8221;][vc_toggle title=&#8221;Quand est-ce que je re\u00e7ois ma commande ?&#8221;]Tu trouveras des informations sur les d\u00e9lais de livraison sur la page <a title=\"Informations sur la livraison\" href=\"https:\/\/easycurtain.ch\/fr-ch\/livraison\/\">Livraison<\/a>.[\/vc_toggle][vc_toggle title=&#8221;Quels sont les d\u00e9lais de livraison ?&#8221;]<\/p>\n<h3>Rideaux<\/h3>\n<p><a title=\"Afficher les rideaux sur mesure (rideaux sur mesure)\" href=\"https:\/\/www.vorhangbox.ch\/vorhangshop\/massvorhaenge-massvorhang-vorhangshop\/\">Les rideaux sur mesure<\/a> sont cousus individuellement pour toi. La confection et la livraison prennent environ 2 \u00e0 5 semaines.<\/p>\n<h3>Accessoires pour rideaux<\/h3>\n<p>Les accessoires pour rideaux tels que les rails et les tringles \u00e0 rideaux sont g\u00e9n\u00e9ralement disponibles en stock et seront envoy\u00e9s chez toi dans un d\u00e9lai de 1 \u00e0 2 jours ouvrables.[\/vc_toggle][vc_toggle title=&#8221;Quels sont les frais de livraison ?&#8221;]<\/p>\n<h3>Rideaux<\/h3>\n<p>Les frais d&#8217;exp\u00e9dition, d&#8217;emballage et de conditionnement s&#8217;\u00e9l\u00e8vent \u00e0 9 CHF par commande.<\/p>\n<h3>Rails et tringles \u00e0 rideaux<\/h3>\n<p>Pour les <a title=\"Afficher toutes les tringles \u00e0 rideaux\" href=\"https:\/\/easycurtain.ch\/k\/vorhangschienen\/\">rails \u00e0 ride<\/a> aux et <a href=\"https:\/\/easycurtain.ch\/k\/vorhangstangen\/\">les tringles \u00e0 rideaux<\/a>, tu trouveras les frais de livraison sur la <a href=\"https:\/\/easycurtain.ch\/k\/vorhangzubehoer\/\">page de<\/a> chaque <a href=\"https:\/\/easycurtain.ch\/k\/vorhangzubehoer\/\">produit<\/a>.[\/vc_toggle][vc_toggle title=&#8221;Est-ce que je peux vous rendre de vieux rideaux ?&#8221;]Malheureusement, il n&#8217;existe pas encore dans ce monde de proc\u00e9d\u00e9 appropri\u00e9 pour recycler les textiles.<br \/>\nC&#8217;est pourquoi, dans notre optique, cela n&#8217;a pas beaucoup de sens si tu nous envoies tes anciens rideaux.[\/vc_toggle][\/vc_column][\/vc_row][vc_row full_width=&#8221;stretch_row&#8221; css=&#8221;.vc_custom_1697441301574{padding-top: 80px !important;padding-bottom: 20px !important;background-color: #e7d6aa !important;}&#8221;][vc_column width=&#8221;1\/6&#8243;]<span class=\"konte-dash text-default   vc_custom_1535622371727\"><span class=\"konte-dash__line\"><\/span><\/span>[\/vc_column][vc_column width=&#8221;5\/6&#8243;][vc_custom_heading text=&#8221;Soins&#8221; use_theme_fonts=&#8221;yes&#8221; css=&#8221;.vc_custom_1697113292029{margin-bottom: 10px !important;}&#8221;][vc_toggle title=&#8221;\u00c0 quelle temp\u00e9rature peut-on laver les rideaux ?&#8221;]Les rideaux ne doivent pas \u00eatre lav\u00e9s \u00e0 des temp\u00e9ratures sup\u00e9rieures \u00e0 30\u00b0C.<br \/>\nTu trouveras des <a title=\"Afficher les instructions de lavage\" href=\"https:\/\/easycurtain.ch\/fr-ch\/instructions-de-lavage\/\">instructions de lavage<\/a> d\u00e9taill\u00e9es <a title=\"Vers les instructions de lavage\" href=\"https:\/\/easycurtain.ch\/fr-ch\/instructions-de-lavage\/\">ici<\/a>.<br \/>\nDe plus, les instructions de lavage sont cousues dans chaque rideau pour les avoir \u00e0 port\u00e9e de main quand tu en as besoin.[\/vc_toggle][vc_toggle title=&#8221;Faut-il repasser les rideaux apr\u00e8s les avoir lav\u00e9s ?&#8221;]Tous les tissus pour rideaux sont extr\u00eamement faciles \u00e0 entretenir.<br \/>\nNormalement, tu peux les suspendre \u00e0 moiti\u00e9 humides et les plis dispara\u00eetront automatiquement au bout d&#8217;un moment.<\/p>\n<p>Tu trouveras des <a title=\"Afficher les instructions de lavage\" href=\"https:\/\/easycurtain.ch\/fr-ch\/instructions-de-lavage\/\">instructions de lavage<\/a> d\u00e9taill\u00e9es <a title=\"Vers les instructions de lavage\" href=\"https:\/\/easycurtain.ch\/fr-ch\/instructions-de-lavage\/\">ici<\/a>.<\/p>\n<p>De plus, les instructions de lavage sont cousues dans chaque rideau pour les avoir \u00e0 port\u00e9e de main quand tu en as besoin.[\/vc_toggle][vc_toggle title=&#8221;Les rideaux s&apos;affaissent-ils ?&#8221;]Tous les tissus pour rideaux sont extr\u00eamement faciles \u00e0 entretenir.<br \/>\nSi tu les laves correctement, ils ne r\u00e9tr\u00e9cissent pas.<\/p>\n<p>Tu trouveras des <a title=\"Afficher les instructions de lavage\" href=\"https:\/\/easycurtain.ch\/fr-ch\/instructions-de-lavage\/\">instructions de lavage<\/a> d\u00e9taill\u00e9es <a title=\"Vers les instructions de lavage\" href=\"https:\/\/easycurtain.ch\/fr-ch\/instructions-de-lavage\/\">ici<\/a>.<\/p>\n<p>De plus, les instructions de lavage sont cousues dans chaque rideau pour les avoir \u00e0 port\u00e9e de main quand tu en as besoin.[\/vc_toggle][vc_toggle title=&#8221;Les rideaux sont-ils pr\u00e9lav\u00e9s pour ne pas r\u00e9tr\u00e9cir ?&#8221;]Tous les tissus pour rideaux sont compos\u00e9s \u00e0 100% de polyester.<br \/>\nUn pr\u00e9lavage n&#8217;est donc pas n\u00e9cessaire.[\/vc_toggle][\/vc_column][\/vc_row][vc_row full_width=&#8221;stretch_row&#8221; css=&#8221;.vc_custom_1697441337574{padding-top: 80px !important;padding-bottom: 20px !important;background-color: #f4d7d8 !important;}&#8221;][vc_column width=&#8221;1\/6&#8243;]<span class=\"konte-dash text-default   vc_custom_1535622378433\"><span class=\"konte-dash__line\"><\/span><\/span>[\/vc_column][vc_column width=&#8221;5\/6&#8243;][vc_custom_heading text=&#8221;Autres&#8221; use_theme_fonts=&#8221;yes&#8221; css=&#8221;.vc_custom_1697112781446{margin-bottom: 10px !important;}&#8221;][vc_toggle title=&#8221;Quelle est la dur\u00e9e de la garantie&#8221;]Sauf indication contraire, la dur\u00e9e de la garantie est de deux ans.[\/vc_toggle][vc_toggle title=&#8221;Les rideaux sont-ils v\u00e9g\u00e9taliens ?&#8221;]Oui, nous n&#8217;utilisons pas de produits d&#8217;origine animale pour la fabrication des rideaux.[\/vc_toggle][vc_toggle title=&#8221;Est-ce que je peux retourner les produits ?&#8221;]La marchandise doit \u00eatre retourn\u00e9e dans son emballage d&#8217;origine \u00e0 notre centre d&#8217;exp\u00e9dition dans les dix jours suivant sa r\u00e9ception, en indiquant le num\u00e9ro de facture et la raison du retour.<\/p>\n<p>Nous nous r\u00e9servons le droit de refuser les retours si les produits retourn\u00e9s ne sont pas hygi\u00e9niques. Si l&#8217;acheteur nous prouve que les marchandises livr\u00e9es pr\u00e9sentent des d\u00e9fauts, nous prendrons en charge, dans un d\u00e9lai raisonnable, soit la r\u00e9paration des d\u00e9fauts, soit le remplacement de la marchandise. Si nous n&#8217;y parvenons pas, il a le droit de demander l&#8217;annulation de l&#8217;achat ou une r\u00e9duction du prix d&#8217;achat. Les frais de retour sont \u00e0 la charge de l&#8217;acheteur.<\/p>\n<h3>Dispositions sp\u00e9ciales concernant les retours de produits sur mesure<\/h3>\n<p>Toute reprise de produits personnalis\u00e9s sur mesure est exclue.[\/vc_toggle][\/vc_column][\/vc_row][vc_row css=&#8221;.vc_custom_1697441399620{padding-top: 60px !important;}&#8221;][vc_column][vc_custom_heading text=&#8221;Fabriqu\u00e9 \u00e0 la main selon tes souhaits.&#8221; font_container=&#8221;tag:h3|text_align:center&#8221; use_theme_fonts=&#8221;yes&#8221;]<p class=\"konte-button-wrapper text-center\"><a href=\"\/k\/vorhaenge\/\" title=\"Vorhang-Kollektion anzeigen\" class=\"konte-button button-normal text-dark align-center large   button square\">Vorhang-Kollektion anzeigen<\/a><\/p>[vc_raw_html]PHN0eWxlPi5zaW5nbGUtcGFnZS1oZWFkZXIudGl0bGUtZnJvbnQge21hcmdpbi1ib3R0b206MHB4O30KLmVudHJ5LXRodW1ibmFpbCB7b3BhY2l0eTogMC43O30KPC9zdHlsZT4=[\/vc_raw_html][\/vc_column][\/vc_row]<\/p>\n<\/div>","protected":false},"excerpt":{"rendered":"<p>[vc_row full_width=&#8221;stretch_row&#8221; css=&#8221;.vc_custom_1697441153883{padding-top: 80px !important;padding-bottom: 20px !important;background-color: #a7bfd6 !important;}&#8221;][vc_column width=&#8221;1\/6&#8243;][\/vc_column][vc_column width=&#8221;5\/6&#8243;][vc_custom_heading text=&#8221;Informations g\u00e9n\u00e9rales&#8221; use_theme_fonts=&#8221;yes&#8221; css=&#8221;.vc_custom_1697112690964{margin-bottom: 10px !important;}&#8221;][vc_toggle title=&#8221;Comment se fait-il que tes rideaux soient si bon march\u00e9 ?&#8221;]L&#8217;easyCurtain est une&hellip;<\/p>\n","protected":false},"author":1,"featured_media":99841,"parent":0,"menu_order":0,"comment_status":"closed","ping_status":"closed","template":"","meta":{"_acf_changed":false,"footnotes":""},"class_list":["post-101187","page","type-page","status-publish","has-post-thumbnail","hentry"],"acf":[],"yoast_head":"<!-- This site is optimized with the Yoast SEO plugin v27.1.1 - https:\/\/yoast.com\/product\/yoast-seo-wordpress\/ -->\n<title>Questions fr\u00e9quentes - easyCurtain<\/title>\n<meta name=\"robots\" content=\"index, follow, max-snippet:-1, max-image-preview:large, max-video-preview:-1\" \/>\n<link rel=\"canonical\" href=\"https:\/\/easycurtain.ch\/fr-ch\/questions-frequentes\/\" \/>\n<meta property=\"og:locale\" content=\"fr_FR\" \/>\n<meta property=\"og:type\" content=\"article\" \/>\n<meta property=\"og:title\" content=\"Questions fr\u00e9quentes - easyCurtain\" \/>\n<meta property=\"og:description\" content=\"[vc_row full_width=&#8221;stretch_row&#8221; css=&#8221;.vc_custom_1697441153883{padding-top: 80px !important;padding-bottom: 20px !important;background-color: #a7bfd6 !important;}&#8221;][vc_column width=&#8221;1\/6&#8243;][\/vc_column][vc_column width=&#8221;5\/6&#8243;][vc_custom_heading text=&#8221;Informations g\u00e9n\u00e9rales&#8221; use_theme_fonts=&#8221;yes&#8221; css=&#8221;.vc_custom_1697112690964{margin-bottom: 10px !important;}&#8221;][vc_toggle title=&#8221;Comment se fait-il que tes rideaux soient si bon march\u00e9 ?&#8221;]L&#8217;easyCurtain est une&hellip;\" \/>\n<meta property=\"og:url\" content=\"https:\/\/easycurtain.ch\/fr-ch\/questions-frequentes\/\" \/>\n<meta property=\"og:site_name\" content=\"easyCurtain\" \/>\n<meta property=\"article:modified_time\" content=\"2023-12-04T15:45:16+00:00\" \/>\n<meta property=\"og:image\" content=\"https:\/\/easycurtain.ch\/wp-content\/uploads\/2023\/10\/vorhaenge-pflanzen-1.jpg\" \/>\n\t<meta property=\"og:image:width\" content=\"1800\" \/>\n\t<meta property=\"og:image:height\" content=\"1200\" \/>\n\t<meta property=\"og:image:type\" content=\"image\/jpeg\" \/>\n<meta name=\"twitter:card\" content=\"summary_large_image\" \/>\n<meta name=\"twitter:label1\" content=\"Est. reading time\" \/>\n\t<meta name=\"twitter:data1\" content=\"8 minutes\" \/>\n<script type=\"application\/ld+json\" class=\"yoast-schema-graph\">{\"@context\":\"https:\/\/schema.org\",\"@graph\":[{\"@type\":\"WebPage\",\"@id\":\"https:\/\/easycurtain.ch\/fr-ch\/questions-frequentes\/\",\"url\":\"https:\/\/easycurtain.ch\/fr-ch\/questions-frequentes\/\",\"name\":\"Questions fr\u00e9quentes - easyCurtain\",\"isPartOf\":{\"@id\":\"https:\/\/easycurtain.ch\/fr-ch\/#website\"},\"primaryImageOfPage\":{\"@id\":\"https:\/\/easycurtain.ch\/fr-ch\/questions-frequentes\/#primaryimage\"},\"image\":{\"@id\":\"https:\/\/easycurtain.ch\/fr-ch\/questions-frequentes\/#primaryimage\"},\"thumbnailUrl\":\"https:\/\/easycurtain.ch\/wp-content\/uploads\/2023\/10\/vorhaenge-pflanzen-1.jpg\",\"datePublished\":\"2018-08-30T09:43:44+00:00\",\"dateModified\":\"2023-12-04T15:45:16+00:00\",\"breadcrumb\":{\"@id\":\"https:\/\/easycurtain.ch\/fr-ch\/questions-frequentes\/#breadcrumb\"},\"inLanguage\":\"fr-CH\",\"potentialAction\":[{\"@type\":\"ReadAction\",\"target\":[\"https:\/\/easycurtain.ch\/fr-ch\/questions-frequentes\/\"]}]},{\"@type\":\"ImageObject\",\"inLanguage\":\"fr-CH\",\"@id\":\"https:\/\/easycurtain.ch\/fr-ch\/questions-frequentes\/#primaryimage\",\"url\":\"https:\/\/easycurtain.ch\/wp-content\/uploads\/2023\/10\/vorhaenge-pflanzen-1.jpg\",\"contentUrl\":\"https:\/\/easycurtain.ch\/wp-content\/uploads\/2023\/10\/vorhaenge-pflanzen-1.jpg\",\"width\":1800,\"height\":1200,\"caption\":\"Vorhang und Pflanzen\"},{\"@type\":\"BreadcrumbList\",\"@id\":\"https:\/\/easycurtain.ch\/fr-ch\/questions-frequentes\/#breadcrumb\",\"itemListElement\":[{\"@type\":\"ListItem\",\"position\":1,\"name\":\"Home\",\"item\":\"https:\/\/easycurtain.ch\/fr-ch\/?page_id=101168\"},{\"@type\":\"ListItem\",\"position\":2,\"name\":\"Questions fr\u00e9quentes\"}]},{\"@type\":\"WebSite\",\"@id\":\"https:\/\/easycurtain.ch\/fr-ch\/#website\",\"url\":\"https:\/\/easycurtain.ch\/fr-ch\/\",\"name\":\"easyCurtain\",\"description\":\"Superbes rideaux. Petits prix.\",\"publisher\":{\"@id\":\"https:\/\/easycurtain.ch\/fr-ch\/#organization\"},\"potentialAction\":[{\"@type\":\"SearchAction\",\"target\":{\"@type\":\"EntryPoint\",\"urlTemplate\":\"https:\/\/easycurtain.ch\/fr-ch\/?s={search_term_string}\"},\"query-input\":{\"@type\":\"PropertyValueSpecification\",\"valueRequired\":true,\"valueName\":\"search_term_string\"}}],\"inLanguage\":\"fr-CH\"},{\"@type\":\"Organization\",\"@id\":\"https:\/\/easycurtain.ch\/fr-ch\/#organization\",\"name\":\"easyCurtain\",\"url\":\"https:\/\/easycurtain.ch\/fr-ch\/\",\"logo\":{\"@type\":\"ImageObject\",\"inLanguage\":\"fr-CH\",\"@id\":\"https:\/\/easycurtain.ch\/fr-ch\/#\/schema\/logo\/image\/\",\"url\":\"https:\/\/easycurtain.ch\/wp-content\/uploads\/2023\/09\/logo-easycurtain-massvorhang-online-1.png\",\"contentUrl\":\"https:\/\/easycurtain.ch\/wp-content\/uploads\/2023\/09\/logo-easycurtain-massvorhang-online-1.png\",\"width\":600,\"height\":138,\"caption\":\"easyCurtain\"},\"image\":{\"@id\":\"https:\/\/easycurtain.ch\/fr-ch\/#\/schema\/logo\/image\/\"}}]}<\/script>\n<!-- \/ Yoast SEO plugin. -->","yoast_head_json":{"title":"Questions fr\u00e9quentes - easyCurtain","robots":{"index":"index","follow":"follow","max-snippet":"max-snippet:-1","max-image-preview":"max-image-preview:large","max-video-preview":"max-video-preview:-1"},"canonical":"https:\/\/easycurtain.ch\/fr-ch\/questions-frequentes\/","og_locale":"fr_FR","og_type":"article","og_title":"Questions fr\u00e9quentes - easyCurtain","og_description":"[vc_row full_width=&#8221;stretch_row&#8221; css=&#8221;.vc_custom_1697441153883{padding-top: 80px !important;padding-bottom: 20px !important;background-color: #a7bfd6 !important;}&#8221;][vc_column width=&#8221;1\/6&#8243;][\/vc_column][vc_column width=&#8221;5\/6&#8243;][vc_custom_heading text=&#8221;Informations g\u00e9n\u00e9rales&#8221; use_theme_fonts=&#8221;yes&#8221; css=&#8221;.vc_custom_1697112690964{margin-bottom: 10px !important;}&#8221;][vc_toggle title=&#8221;Comment se fait-il que tes rideaux soient si bon march\u00e9 ?&#8221;]L&#8217;easyCurtain est une&hellip;","og_url":"https:\/\/easycurtain.ch\/fr-ch\/questions-frequentes\/","og_site_name":"easyCurtain","article_modified_time":"2023-12-04T15:45:16+00:00","og_image":[{"width":1800,"height":1200,"url":"https:\/\/easycurtain.ch\/wp-content\/uploads\/2023\/10\/vorhaenge-pflanzen-1.jpg","type":"image\/jpeg"}],"twitter_card":"summary_large_image","twitter_misc":{"Est. reading time":"8 minutes"},"schema":{"@context":"https:\/\/schema.org","@graph":[{"@type":"WebPage","@id":"https:\/\/easycurtain.ch\/fr-ch\/questions-frequentes\/","url":"https:\/\/easycurtain.ch\/fr-ch\/questions-frequentes\/","name":"Questions fr\u00e9quentes - easyCurtain","isPartOf":{"@id":"https:\/\/easycurtain.ch\/fr-ch\/#website"},"primaryImageOfPage":{"@id":"https:\/\/easycurtain.ch\/fr-ch\/questions-frequentes\/#primaryimage"},"image":{"@id":"https:\/\/easycurtain.ch\/fr-ch\/questions-frequentes\/#primaryimage"},"thumbnailUrl":"https:\/\/easycurtain.ch\/wp-content\/uploads\/2023\/10\/vorhaenge-pflanzen-1.jpg","datePublished":"2018-08-30T09:43:44+00:00","dateModified":"2023-12-04T15:45:16+00:00","breadcrumb":{"@id":"https:\/\/easycurtain.ch\/fr-ch\/questions-frequentes\/#breadcrumb"},"inLanguage":"fr-CH","potentialAction":[{"@type":"ReadAction","target":["https:\/\/easycurtain.ch\/fr-ch\/questions-frequentes\/"]}]},{"@type":"ImageObject","inLanguage":"fr-CH","@id":"https:\/\/easycurtain.ch\/fr-ch\/questions-frequentes\/#primaryimage","url":"https:\/\/easycurtain.ch\/wp-content\/uploads\/2023\/10\/vorhaenge-pflanzen-1.jpg","contentUrl":"https:\/\/easycurtain.ch\/wp-content\/uploads\/2023\/10\/vorhaenge-pflanzen-1.jpg","width":1800,"height":1200,"caption":"Vorhang und Pflanzen"},{"@type":"BreadcrumbList","@id":"https:\/\/easycurtain.ch\/fr-ch\/questions-frequentes\/#breadcrumb","itemListElement":[{"@type":"ListItem","position":1,"name":"Home","item":"https:\/\/easycurtain.ch\/fr-ch\/?page_id=101168"},{"@type":"ListItem","position":2,"name":"Questions fr\u00e9quentes"}]},{"@type":"WebSite","@id":"https:\/\/easycurtain.ch\/fr-ch\/#website","url":"https:\/\/easycurtain.ch\/fr-ch\/","name":"easyCurtain","description":"Superbes rideaux. Petits prix.","publisher":{"@id":"https:\/\/easycurtain.ch\/fr-ch\/#organization"},"potentialAction":[{"@type":"SearchAction","target":{"@type":"EntryPoint","urlTemplate":"https:\/\/easycurtain.ch\/fr-ch\/?s={search_term_string}"},"query-input":{"@type":"PropertyValueSpecification","valueRequired":true,"valueName":"search_term_string"}}],"inLanguage":"fr-CH"},{"@type":"Organization","@id":"https:\/\/easycurtain.ch\/fr-ch\/#organization","name":"easyCurtain","url":"https:\/\/easycurtain.ch\/fr-ch\/","logo":{"@type":"ImageObject","inLanguage":"fr-CH","@id":"https:\/\/easycurtain.ch\/fr-ch\/#\/schema\/logo\/image\/","url":"https:\/\/easycurtain.ch\/wp-content\/uploads\/2023\/09\/logo-easycurtain-massvorhang-online-1.png","contentUrl":"https:\/\/easycurtain.ch\/wp-content\/uploads\/2023\/09\/logo-easycurtain-massvorhang-online-1.png","width":600,"height":138,"caption":"easyCurtain"},"image":{"@id":"https:\/\/easycurtain.ch\/fr-ch\/#\/schema\/logo\/image\/"}}]}},"_links":{"self":[{"href":"https:\/\/easycurtain.ch\/fr-ch\/wp-json\/wp\/v2\/pages\/101187","targetHints":{"allow":["GET"]}}],"collection":[{"href":"https:\/\/easycurtain.ch\/fr-ch\/wp-json\/wp\/v2\/pages"}],"about":[{"href":"https:\/\/easycurtain.ch\/fr-ch\/wp-json\/wp\/v2\/types\/page"}],"author":[{"embeddable":true,"href":"https:\/\/easycurtain.ch\/fr-ch\/wp-json\/wp\/v2\/users\/1"}],"replies":[{"embeddable":true,"href":"https:\/\/easycurtain.ch\/fr-ch\/wp-json\/wp\/v2\/comments?post=101187"}],"version-history":[{"count":13,"href":"https:\/\/easycurtain.ch\/fr-ch\/wp-json\/wp\/v2\/pages\/101187\/revisions"}],"predecessor-version":[{"id":104037,"href":"https:\/\/easycurtain.ch\/fr-ch\/wp-json\/wp\/v2\/pages\/101187\/revisions\/104037"}],"wp:featuredmedia":[{"embeddable":true,"href":"https:\/\/easycurtain.ch\/fr-ch\/wp-json\/wp\/v2\/media\/99841"}],"wp:attachment":[{"href":"https:\/\/easycurtain.ch\/fr-ch\/wp-json\/wp\/v2\/media?parent=101187"}],"curies":[{"name":"wp","href":"https:\/\/api.w.org\/{rel}","templated":true}]}}