{"id":101149,"date":"2023-09-19T12:21:08","date_gmt":"2023-09-19T12:21:08","guid":{"rendered":"https:\/\/easycurtain.ch\/guide-de-mesure\/"},"modified":"2023-11-21T14:50:42","modified_gmt":"2023-11-21T14:50:42","slug":"guide-de-mesure","status":"publish","type":"page","link":"https:\/\/easycurtain.ch\/fr-ch\/guide-de-mesure\/","title":{"rendered":"Guide de mesure"},"content":{"rendered":"<div class=\"wpb-content-wrapper\"><p>[vc_row full_width=&#8221;stretch_row&#8221; el_class=&#8221;spacer-1&#8243; css=&#8221;.vc_custom_1697440796092{background-color: #c0ded3 !important;}&#8221;][vc_column width=&#8221;1\/2&#8243;][vc_column_text css=&#8221;.vc_custom_1697440821544{padding-top: 50px !important;padding-bottom: 50px !important;}&#8221;]<\/p>\n<h2>Hauteur du rideau<\/h2>\n<p>Mesure, s&#8217;il te pla\u00eet, au ras du bord inf\u00e9rieur du rail de rideau (A. dans l&#8217;illustration) jusqu&#8217;au sol ou au rebord de la fen\u00eatre (B. dans l&#8217;illustration). En fonction de tes go\u00fbts personnels, retire ou ajoute quelques centim\u00e8tres \u00e0 la mesure mesur\u00e9e (C. dans l&#8217;illustration) :<\/p>\n<ul>\n<li><strong>Moins 2 centim\u00e8tres<\/strong>: Le rideau sera suspendu \u00e0 environ 1-2 centim\u00e8tres du sol (recommandation).<\/li>\n<li><strong>Moins un centim\u00e8tre<\/strong>: Le rideau reposera sur le sol.<\/li>\n<li><strong>Plus 5 centim\u00e8tres \u00e0 plus 15 centim\u00e8tres<\/strong>: Le rideau sera pos\u00e9 sur le sol.<\/li>\n<\/ul>\n<p>Inscris la valeur mesur\u00e9e dans le champ &#8220;Hauteur du rideau (cm)&#8221; lors de la commande de rideau.[\/vc_column_text][\/vc_column][vc_column width=&#8221;1\/2&#8243; el_class=&#8221;padding-51&#8243;][vc_column_text]<img loading=\"lazy\" decoding=\"async\" class=\"size-large wp-image-2767\" src=\"https:\/\/easycurtain.ch\/wp-content\/uploads\/2023\/10\/messanleitung-vorhaenge-nach-mass-1-0-812x1024.jpg\" alt=\"Guide de mesure Rideaux sur mesure\" width=\"812\" height=\"1024\" srcset=\"https:\/\/easycurtain.ch\/wp-content\/uploads\/2023\/10\/messanleitung-vorhaenge-nach-mass-1-0-812x1024.jpg 812w, https:\/\/easycurtain.ch\/wp-content\/uploads\/2023\/10\/messanleitung-vorhaenge-nach-mass-1-0-238x300.jpg 238w, https:\/\/easycurtain.ch\/wp-content\/uploads\/2023\/10\/messanleitung-vorhaenge-nach-mass-1-0-768x969.jpg 768w, https:\/\/easycurtain.ch\/wp-content\/uploads\/2023\/10\/messanleitung-vorhaenge-nach-mass-1-0-840x1060.jpg 840w, https:\/\/easycurtain.ch\/wp-content\/uploads\/2023\/10\/messanleitung-vorhaenge-nach-mass-1-0.jpg 1200w\" sizes=\"auto, (max-width: 812px) 100vw, 812px\" \/>[\/vc_column_text][\/vc_column][\/vc_row][vc_row full_width=&#8221;stretch_row&#8221; el_class=&#8221;spacer-1&#8243; css=&#8221;.vc_custom_1697440864069{padding-top: 60px !important;padding-bottom: 60px !important;background-color: #e7d6aa !important;}&#8221;][vc_column width=&#8221;1\/2&#8243; el_class=&#8221;padding-51&#8243;][vc_column_text]<\/p>\n<h2>Largeur du rideau<\/h2>\n<p>Mesure s&#8217;il te pla\u00eet la distance qui doit \u00eatre couverte par les rideaux. Si la fen\u00eatre \u00e0 gauche et\/ou \u00e0 droite n&#8217;est pas directement reli\u00e9e \u00e0 un mur lat\u00e9ral, le rideau de chaque c\u00f4t\u00e9 doit \u00eatre au moins 20 centim\u00e8tres plus large que la fen\u00eatre.<\/p>\n<p>Si tu veux une paire de rideaux pour chaque fen\u00eatre, divise la distance mesur\u00e9e par deux et commande deux rideaux de chaque.<\/p>\n<p><strong>Arrondis la mesure obtenue \u00e0 la largeur disponible la plus proche et s\u00e9lectionne-la.<\/strong>[\/vc_column_text][vc_column_text el_class=&#8221;box-1&#8243;]<strong>Quantit\u00e9 de tissu :<\/strong> tu mesures la distance \u00e0 couvrir et nous calculons automatiquement la quantit\u00e9 de tissu n\u00e9cessaire.[\/vc_column_text][\/vc_column][vc_column width=&#8221;1\/2&#8243; el_class=&#8221;padding-51&#8243;][vc_column_text css=&#8221;.vc_custom_1696231769358{padding-top: 10px !important;padding-right: 10px !important;padding-bottom: 10px !important;padding-left: 10px !important;background-color: #f6f6f6 !important;}&#8221; el_class=&#8221;box-1&#8243;]<strong>Conseil 1 :<\/strong> les sols, les planches \u00e0 rideaux et les plafonds ne sont pas toujours tout \u00e0 fait plats. Il est donc important de mesurer la hauteur \u00e0 plusieurs endroits.[\/vc_column_text][vc_column_text css=&#8221;.vc_custom_1696231793276{padding-top: 10px !important;padding-right: 10px !important;padding-bottom: 10px !important;padding-left: 10px !important;background-color: #f6f6f6 !important;}&#8221; el_class=&#8221;box-1&#8243;]<strong>Conseil 2 :<\/strong> si tu compl\u00e8teras des rideaux de jour avec des rideaux de nuit ou des rideaux occultants, veille \u00e0 ce que les rideaux de jour soient environ 0,5 cm de moins en hauteur pour qu&#8217;ils ne d\u00e9passent pas en bas.[\/vc_column_text][\/vc_column][\/vc_row][vc_row css=&#8221;.vc_custom_1697440898157{padding-top: 60px !important;}&#8221;][vc_column][vc_custom_heading text=&#8221;Fabriqu\u00e9 \u00e0 la main selon tes souhaits.&#8221; font_container=&#8221;tag:h3|text_align:center&#8221; use_theme_fonts=&#8221;yes&#8221;]<p class=\"konte-button-wrapper text-center\"><a href=\"https:\/\/easycurtain.ch\/k\/vorhaenge\/\" title=\"Voir la collection de rideaux\" class=\"konte-button button-normal text-dark align-center large   button square\">Voir la collection de rideaux<\/a><\/p>[\/vc_column][\/vc_row]<\/p>\n<\/div>","protected":false},"excerpt":{"rendered":"<p>[vc_row full_width=&#8221;stretch_row&#8221; el_class=&#8221;spacer-1&#8243; css=&#8221;.vc_custom_1697440796092{background-color: #c0ded3 !important;}&#8221;][vc_column width=&#8221;1\/2&#8243;][vc_column_text css=&#8221;.vc_custom_1697440821544{padding-top: 50px !important;padding-bottom: 50px !important;}&#8221;] Hauteur du rideau Mesure, s&#8217;il te pla\u00eet, au ras du bord inf\u00e9rieur du rail de rideau (A. dans&hellip;<\/p>\n","protected":false},"author":1,"featured_media":0,"parent":0,"menu_order":0,"comment_status":"closed","ping_status":"closed","template":"","meta":{"_acf_changed":false,"footnotes":""},"class_list":["post-101149","page","type-page","status-publish","hentry"],"acf":[],"yoast_head":"<!-- This site is optimized with the Yoast SEO plugin v27.1.1 - https:\/\/yoast.com\/product\/yoast-seo-wordpress\/ -->\n<title>Guide de mesure - easyCurtain<\/title>\n<meta name=\"robots\" content=\"index, follow, max-snippet:-1, max-image-preview:large, max-video-preview:-1\" \/>\n<link rel=\"canonical\" href=\"https:\/\/easycurtain.ch\/fr-ch\/guide-de-mesure\/\" \/>\n<meta property=\"og:locale\" content=\"fr_FR\" \/>\n<meta property=\"og:type\" content=\"article\" \/>\n<meta property=\"og:title\" content=\"Guide de mesure - easyCurtain\" \/>\n<meta property=\"og:description\" content=\"[vc_row full_width=&#8221;stretch_row&#8221; el_class=&#8221;spacer-1&#8243; css=&#8221;.vc_custom_1697440796092{background-color: #c0ded3 !important;}&#8221;][vc_column width=&#8221;1\/2&#8243;][vc_column_text css=&#8221;.vc_custom_1697440821544{padding-top: 50px !important;padding-bottom: 50px !important;}&#8221;] Hauteur du rideau Mesure, s&#8217;il te pla\u00eet, au ras du bord inf\u00e9rieur du rail de rideau (A. dans&hellip;\" \/>\n<meta property=\"og:url\" content=\"https:\/\/easycurtain.ch\/fr-ch\/guide-de-mesure\/\" \/>\n<meta property=\"og:site_name\" content=\"easyCurtain\" \/>\n<meta property=\"article:modified_time\" content=\"2023-11-21T14:50:42+00:00\" \/>\n<meta property=\"og:image\" content=\"https:\/\/easycurtain.ch\/wp-content\/uploads\/2023\/10\/messanleitung-vorhaenge-nach-mass-1-0-812x1024.jpg\" \/>\n<meta name=\"twitter:card\" content=\"summary_large_image\" \/>\n<meta name=\"twitter:label1\" content=\"Est. reading time\" \/>\n\t<meta name=\"twitter:data1\" content=\"3 minutes\" \/>\n<script type=\"application\/ld+json\" class=\"yoast-schema-graph\">{\"@context\":\"https:\/\/schema.org\",\"@graph\":[{\"@type\":\"WebPage\",\"@id\":\"https:\/\/easycurtain.ch\/fr-ch\/guide-de-mesure\/\",\"url\":\"https:\/\/easycurtain.ch\/fr-ch\/guide-de-mesure\/\",\"name\":\"Guide de mesure - easyCurtain\",\"isPartOf\":{\"@id\":\"https:\/\/easycurtain.ch\/fr-ch\/#website\"},\"primaryImageOfPage\":{\"@id\":\"https:\/\/easycurtain.ch\/fr-ch\/guide-de-mesure\/#primaryimage\"},\"image\":{\"@id\":\"https:\/\/easycurtain.ch\/fr-ch\/guide-de-mesure\/#primaryimage\"},\"thumbnailUrl\":\"https:\/\/easycurtain.ch\/wp-content\/uploads\/2023\/10\/messanleitung-vorhaenge-nach-mass-1-0-812x1024.jpg\",\"datePublished\":\"2023-09-19T12:21:08+00:00\",\"dateModified\":\"2023-11-21T14:50:42+00:00\",\"breadcrumb\":{\"@id\":\"https:\/\/easycurtain.ch\/fr-ch\/guide-de-mesure\/#breadcrumb\"},\"inLanguage\":\"fr-CH\",\"potentialAction\":[{\"@type\":\"ReadAction\",\"target\":[\"https:\/\/easycurtain.ch\/fr-ch\/guide-de-mesure\/\"]}]},{\"@type\":\"ImageObject\",\"inLanguage\":\"fr-CH\",\"@id\":\"https:\/\/easycurtain.ch\/fr-ch\/guide-de-mesure\/#primaryimage\",\"url\":\"https:\/\/easycurtain.ch\/wp-content\/uploads\/2023\/10\/messanleitung-vorhaenge-nach-mass-1-0-812x1024.jpg\",\"contentUrl\":\"https:\/\/easycurtain.ch\/wp-content\/uploads\/2023\/10\/messanleitung-vorhaenge-nach-mass-1-0-812x1024.jpg\"},{\"@type\":\"BreadcrumbList\",\"@id\":\"https:\/\/easycurtain.ch\/fr-ch\/guide-de-mesure\/#breadcrumb\",\"itemListElement\":[{\"@type\":\"ListItem\",\"position\":1,\"name\":\"Home\",\"item\":\"https:\/\/easycurtain.ch\/fr-ch\/?page_id=101168\"},{\"@type\":\"ListItem\",\"position\":2,\"name\":\"Guide de mesure\"}]},{\"@type\":\"WebSite\",\"@id\":\"https:\/\/easycurtain.ch\/fr-ch\/#website\",\"url\":\"https:\/\/easycurtain.ch\/fr-ch\/\",\"name\":\"easyCurtain\",\"description\":\"Superbes rideaux. Petits prix.\",\"publisher\":{\"@id\":\"https:\/\/easycurtain.ch\/fr-ch\/#organization\"},\"potentialAction\":[{\"@type\":\"SearchAction\",\"target\":{\"@type\":\"EntryPoint\",\"urlTemplate\":\"https:\/\/easycurtain.ch\/fr-ch\/?s={search_term_string}\"},\"query-input\":{\"@type\":\"PropertyValueSpecification\",\"valueRequired\":true,\"valueName\":\"search_term_string\"}}],\"inLanguage\":\"fr-CH\"},{\"@type\":\"Organization\",\"@id\":\"https:\/\/easycurtain.ch\/fr-ch\/#organization\",\"name\":\"easyCurtain\",\"url\":\"https:\/\/easycurtain.ch\/fr-ch\/\",\"logo\":{\"@type\":\"ImageObject\",\"inLanguage\":\"fr-CH\",\"@id\":\"https:\/\/easycurtain.ch\/fr-ch\/#\/schema\/logo\/image\/\",\"url\":\"https:\/\/easycurtain.ch\/wp-content\/uploads\/2023\/09\/logo-easycurtain-massvorhang-online-1.png\",\"contentUrl\":\"https:\/\/easycurtain.ch\/wp-content\/uploads\/2023\/09\/logo-easycurtain-massvorhang-online-1.png\",\"width\":600,\"height\":138,\"caption\":\"easyCurtain\"},\"image\":{\"@id\":\"https:\/\/easycurtain.ch\/fr-ch\/#\/schema\/logo\/image\/\"}}]}<\/script>\n<!-- \/ Yoast SEO plugin. -->","yoast_head_json":{"title":"Guide de mesure - easyCurtain","robots":{"index":"index","follow":"follow","max-snippet":"max-snippet:-1","max-image-preview":"max-image-preview:large","max-video-preview":"max-video-preview:-1"},"canonical":"https:\/\/easycurtain.ch\/fr-ch\/guide-de-mesure\/","og_locale":"fr_FR","og_type":"article","og_title":"Guide de mesure - easyCurtain","og_description":"[vc_row full_width=&#8221;stretch_row&#8221; el_class=&#8221;spacer-1&#8243; css=&#8221;.vc_custom_1697440796092{background-color: #c0ded3 !important;}&#8221;][vc_column width=&#8221;1\/2&#8243;][vc_column_text css=&#8221;.vc_custom_1697440821544{padding-top: 50px !important;padding-bottom: 50px !important;}&#8221;] Hauteur du rideau Mesure, s&#8217;il te pla\u00eet, au ras du bord inf\u00e9rieur du rail de rideau (A. dans&hellip;","og_url":"https:\/\/easycurtain.ch\/fr-ch\/guide-de-mesure\/","og_site_name":"easyCurtain","article_modified_time":"2023-11-21T14:50:42+00:00","og_image":[{"url":"https:\/\/easycurtain.ch\/wp-content\/uploads\/2023\/10\/messanleitung-vorhaenge-nach-mass-1-0-812x1024.jpg","type":"","width":"","height":""}],"twitter_card":"summary_large_image","twitter_misc":{"Est. reading time":"3 minutes"},"schema":{"@context":"https:\/\/schema.org","@graph":[{"@type":"WebPage","@id":"https:\/\/easycurtain.ch\/fr-ch\/guide-de-mesure\/","url":"https:\/\/easycurtain.ch\/fr-ch\/guide-de-mesure\/","name":"Guide de mesure - easyCurtain","isPartOf":{"@id":"https:\/\/easycurtain.ch\/fr-ch\/#website"},"primaryImageOfPage":{"@id":"https:\/\/easycurtain.ch\/fr-ch\/guide-de-mesure\/#primaryimage"},"image":{"@id":"https:\/\/easycurtain.ch\/fr-ch\/guide-de-mesure\/#primaryimage"},"thumbnailUrl":"https:\/\/easycurtain.ch\/wp-content\/uploads\/2023\/10\/messanleitung-vorhaenge-nach-mass-1-0-812x1024.jpg","datePublished":"2023-09-19T12:21:08+00:00","dateModified":"2023-11-21T14:50:42+00:00","breadcrumb":{"@id":"https:\/\/easycurtain.ch\/fr-ch\/guide-de-mesure\/#breadcrumb"},"inLanguage":"fr-CH","potentialAction":[{"@type":"ReadAction","target":["https:\/\/easycurtain.ch\/fr-ch\/guide-de-mesure\/"]}]},{"@type":"ImageObject","inLanguage":"fr-CH","@id":"https:\/\/easycurtain.ch\/fr-ch\/guide-de-mesure\/#primaryimage","url":"https:\/\/easycurtain.ch\/wp-content\/uploads\/2023\/10\/messanleitung-vorhaenge-nach-mass-1-0-812x1024.jpg","contentUrl":"https:\/\/easycurtain.ch\/wp-content\/uploads\/2023\/10\/messanleitung-vorhaenge-nach-mass-1-0-812x1024.jpg"},{"@type":"BreadcrumbList","@id":"https:\/\/easycurtain.ch\/fr-ch\/guide-de-mesure\/#breadcrumb","itemListElement":[{"@type":"ListItem","position":1,"name":"Home","item":"https:\/\/easycurtain.ch\/fr-ch\/?page_id=101168"},{"@type":"ListItem","position":2,"name":"Guide de mesure"}]},{"@type":"WebSite","@id":"https:\/\/easycurtain.ch\/fr-ch\/#website","url":"https:\/\/easycurtain.ch\/fr-ch\/","name":"easyCurtain","description":"Superbes rideaux. Petits prix.","publisher":{"@id":"https:\/\/easycurtain.ch\/fr-ch\/#organization"},"potentialAction":[{"@type":"SearchAction","target":{"@type":"EntryPoint","urlTemplate":"https:\/\/easycurtain.ch\/fr-ch\/?s={search_term_string}"},"query-input":{"@type":"PropertyValueSpecification","valueRequired":true,"valueName":"search_term_string"}}],"inLanguage":"fr-CH"},{"@type":"Organization","@id":"https:\/\/easycurtain.ch\/fr-ch\/#organization","name":"easyCurtain","url":"https:\/\/easycurtain.ch\/fr-ch\/","logo":{"@type":"ImageObject","inLanguage":"fr-CH","@id":"https:\/\/easycurtain.ch\/fr-ch\/#\/schema\/logo\/image\/","url":"https:\/\/easycurtain.ch\/wp-content\/uploads\/2023\/09\/logo-easycurtain-massvorhang-online-1.png","contentUrl":"https:\/\/easycurtain.ch\/wp-content\/uploads\/2023\/09\/logo-easycurtain-massvorhang-online-1.png","width":600,"height":138,"caption":"easyCurtain"},"image":{"@id":"https:\/\/easycurtain.ch\/fr-ch\/#\/schema\/logo\/image\/"}}]}},"_links":{"self":[{"href":"https:\/\/easycurtain.ch\/fr-ch\/wp-json\/wp\/v2\/pages\/101149","targetHints":{"allow":["GET"]}}],"collection":[{"href":"https:\/\/easycurtain.ch\/fr-ch\/wp-json\/wp\/v2\/pages"}],"about":[{"href":"https:\/\/easycurtain.ch\/fr-ch\/wp-json\/wp\/v2\/types\/page"}],"author":[{"embeddable":true,"href":"https:\/\/easycurtain.ch\/fr-ch\/wp-json\/wp\/v2\/users\/1"}],"replies":[{"embeddable":true,"href":"https:\/\/easycurtain.ch\/fr-ch\/wp-json\/wp\/v2\/comments?post=101149"}],"version-history":[{"count":2,"href":"https:\/\/easycurtain.ch\/fr-ch\/wp-json\/wp\/v2\/pages\/101149\/revisions"}],"predecessor-version":[{"id":101153,"href":"https:\/\/easycurtain.ch\/fr-ch\/wp-json\/wp\/v2\/pages\/101149\/revisions\/101153"}],"wp:attachment":[{"href":"https:\/\/easycurtain.ch\/fr-ch\/wp-json\/wp\/v2\/media?parent=101149"}],"curies":[{"name":"wp","href":"https:\/\/api.w.org\/{rel}","templated":true}]}}