{"id":101134,"date":"2023-09-20T10:44:03","date_gmt":"2023-09-20T10:44:03","guid":{"rendered":"https:\/\/easycurtain.ch\/echantillons-de-tissus\/"},"modified":"2023-11-21T14:50:42","modified_gmt":"2023-11-21T14:50:42","slug":"echantillons-de-tissus","status":"publish","type":"page","link":"https:\/\/easycurtain.ch\/fr-ch\/echantillons-de-tissus\/","title":{"rendered":"\u00c9chantillons de tissus"},"content":{"rendered":"<div class=\"wpb-content-wrapper\"><p>[vc_row full_width=&#8221;stretch_row&#8221; css=&#8221;.vc_custom_1697439838720{padding-top: 80px !important;background-color: #f3d2d3 !important;}&#8221;][vc_column width=&#8221;1\/3&#8243; css=&#8221;.vc_custom_1697439257523{padding-bottom: 40px !important;}&#8221;]<div class=\"konte-icon-box icon-type-fontawesome box-align-center   \">\n\t\t\t\t<div class=\"konte-icon-box__icon\"><i class=\"far fa-arrow-alt-circle-right\"><\/i><\/div>\n\t\t\t\t<h4 class=\"konte-icon-box__title\" >Va au rideau souhait\u00e9<\/h4>\n\t\t\t\t<div class=\"konte-icon-box__content\"><\/div>\n\t\t\t<\/div>[\/vc_column][vc_column width=&#8221;1\/3&#8243; css=&#8221;.vc_custom_1697439261154{padding-bottom: 40px !important;}&#8221;]<div class=\"konte-icon-box icon-type-fontawesome box-align-center   \">\n\t\t\t\t<div class=\"konte-icon-box__icon\"><i class=\"fas fa-cart-arrow-down\"><\/i><\/div>\n\t\t\t\t<h4 class=\"konte-icon-box__title\" >Ajoute le mod\u00e8le de tissu souhait\u00e9 au panier.<\/h4>\n\t\t\t\t<div class=\"konte-icon-box__content\"><\/div>\n\t\t\t<\/div>[\/vc_column][vc_column width=&#8221;1\/3&#8243; css=&#8221;.vc_custom_1697439265821{padding-bottom: 40px !important;}&#8221;]<div class=\"konte-icon-box icon-type-fontawesome box-align-center   \">\n\t\t\t\t<div class=\"konte-icon-box__icon\"><i class=\"fas fa-mobile-alt\"><\/i><\/div>\n\t\t\t\t<h4 class=\"konte-icon-box__title\" >Termine ta commande en ligne<\/h4>\n\t\t\t\t<div class=\"konte-icon-box__content\"><\/div>\n\t\t\t<\/div>[\/vc_column][\/vc_row][vc_row full_width=&#8221;stretch_row&#8221; css=&#8221;.vc_custom_1697439675281{padding-bottom: 10px !important;background-color: #f3d2d3 !important;}&#8221;][vc_column width=&#8221;1\/3&#8243; css=&#8221;.vc_custom_1697439257523{padding-bottom: 40px !important;}&#8221;]<div class=\"konte-icon-box icon-type-fontawesome box-align-center   \">\n\t\t\t\t<div class=\"konte-icon-box__icon\"><i class=\"far fa-envelope-open\"><\/i><\/div>\n\t\t\t\t<h4 class=\"konte-icon-box__title\" >Tu recevras gratuitement l&#039;\u00e9chantillon de tissu chez toi dans un d\u00e9lai de 1 \u00e0 2 jours ouvrables.<\/h4>\n\t\t\t\t<div class=\"konte-icon-box__content\"><\/div>\n\t\t\t<\/div>[\/vc_column][vc_column width=&#8221;1\/3&#8243; css=&#8221;.vc_custom_1697439261154{padding-bottom: 40px !important;}&#8221;]<div class=\"konte-icon-box icon-type-fontawesome box-align-center   \">\n\t\t\t\t<div class=\"konte-icon-box__icon\"><i class=\"far fa-laugh\"><\/i><\/div>\n\t\t\t\t<h4 class=\"konte-icon-box__title\" >Tu peux garder l&#039;\u00e9chantillon de tissu et passer ta commande de rideaux en ligne.<\/h4>\n\t\t\t\t<div class=\"konte-icon-box__content\"><\/div>\n\t\t\t<\/div>[\/vc_column][\/vc_row][vc_row css=&#8221;.vc_custom_1697439965900{border-bottom-width: 60px !important;padding-top: 60px !important;}&#8221;][vc_column][vc_custom_heading text=&#8221;Fabriqu\u00e9 \u00e0 la main selon tes souhaits.&#8221; font_container=&#8221;tag:h3|text_align:center&#8221; use_theme_fonts=&#8221;yes&#8221;]<p class=\"konte-button-wrapper text-center\"><a href=\"https:\/\/easycurtain.ch\/k\/vorhaenge\/\" class=\"konte-button button-normal text-dark align-center large   button square\">Voir la collection de rideaux<\/a><\/p>[vc_raw_html]PHN0eWxlPi5zaW5nbGUtcGFnZS1oZWFkZXIudGl0bGUtZnJvbnQge21hcmdpbi1ib3R0b206MHB4O30KLnBhZ2UtaGVhZGVyIHtiYWNrZ3JvdW5kLWNvbG9yOiAjMDAwMDAwICFpbXBvcnRhbnQ7fQouZW50cnktdGh1bWJuYWlsIHtvcGFjaXR5OiAwLjc7fQo8L3N0eWxlPg==[\/vc_raw_html][\/vc_column][\/vc_row]<\/p>\n<\/div>","protected":false},"excerpt":{"rendered":"<p>[vc_row full_width=&#8221;stretch_row&#8221; css=&#8221;.vc_custom_1697439838720{padding-top: 80px !important;background-color: #f3d2d3 !important;}&#8221;][vc_column width=&#8221;1\/3&#8243; css=&#8221;.vc_custom_1697439257523{padding-bottom: 40px !important;}&#8221;][\/vc_column][vc_column width=&#8221;1\/3&#8243; css=&#8221;.vc_custom_1697439261154{padding-bottom: 40px !important;}&#8221;][\/vc_column][vc_column width=&#8221;1\/3&#8243; css=&#8221;.vc_custom_1697439265821{padding-bottom: 40px !important;}&#8221;][\/vc_column][\/vc_row][vc_row full_width=&#8221;stretch_row&#8221; css=&#8221;.vc_custom_1697439675281{padding-bottom: 10px !important;background-color: #f3d2d3 !important;}&#8221;][vc_column width=&#8221;1\/3&#8243; css=&#8221;.vc_custom_1697439257523{padding-bottom: 40px !important;}&#8221;][\/vc_column][vc_column width=&#8221;1\/3&#8243;&hellip;<\/p>\n","protected":false},"author":1,"featured_media":100371,"parent":0,"menu_order":0,"comment_status":"closed","ping_status":"closed","template":"","meta":{"_acf_changed":false,"footnotes":""},"class_list":["post-101134","page","type-page","status-publish","has-post-thumbnail","hentry"],"acf":[],"yoast_head":"<!-- This site is optimized with the Yoast SEO plugin v27.1.1 - https:\/\/yoast.com\/product\/yoast-seo-wordpress\/ -->\n<title>\u00c9chantillons de tissus - easyCurtain<\/title>\n<meta name=\"robots\" content=\"index, follow, max-snippet:-1, max-image-preview:large, max-video-preview:-1\" \/>\n<link rel=\"canonical\" href=\"https:\/\/easycurtain.ch\/fr-ch\/echantillons-de-tissus\/\" \/>\n<meta property=\"og:locale\" content=\"fr_FR\" \/>\n<meta property=\"og:type\" content=\"article\" \/>\n<meta property=\"og:title\" content=\"\u00c9chantillons de tissus - easyCurtain\" \/>\n<meta property=\"og:description\" content=\"[vc_row full_width=&#8221;stretch_row&#8221; css=&#8221;.vc_custom_1697439838720{padding-top: 80px !important;background-color: #f3d2d3 !important;}&#8221;][vc_column width=&#8221;1\/3&#8243; css=&#8221;.vc_custom_1697439257523{padding-bottom: 40px !important;}&#8221;][\/vc_column][vc_column width=&#8221;1\/3&#8243; css=&#8221;.vc_custom_1697439261154{padding-bottom: 40px !important;}&#8221;][\/vc_column][vc_column width=&#8221;1\/3&#8243; css=&#8221;.vc_custom_1697439265821{padding-bottom: 40px !important;}&#8221;][\/vc_column][\/vc_row][vc_row full_width=&#8221;stretch_row&#8221; css=&#8221;.vc_custom_1697439675281{padding-bottom: 10px !important;background-color: #f3d2d3 !important;}&#8221;][vc_column width=&#8221;1\/3&#8243; css=&#8221;.vc_custom_1697439257523{padding-bottom: 40px !important;}&#8221;][\/vc_column][vc_column width=&#8221;1\/3&#8243;&hellip;\" \/>\n<meta property=\"og:url\" content=\"https:\/\/easycurtain.ch\/fr-ch\/echantillons-de-tissus\/\" \/>\n<meta property=\"og:site_name\" content=\"easyCurtain\" \/>\n<meta property=\"article:modified_time\" content=\"2023-11-21T14:50:42+00:00\" \/>\n<meta property=\"og:image\" content=\"https:\/\/easycurtain.ch\/wp-content\/uploads\/2023\/11\/stoffmuster-massvorhang-abdunkelnd-1.jpg\" \/>\n\t<meta property=\"og:image:width\" content=\"1800\" \/>\n\t<meta property=\"og:image:height\" content=\"900\" \/>\n\t<meta property=\"og:image:type\" content=\"image\/jpeg\" \/>\n<meta name=\"twitter:card\" content=\"summary_large_image\" \/>\n<meta name=\"twitter:label1\" content=\"Est. reading time\" \/>\n\t<meta name=\"twitter:data1\" content=\"2 minutes\" \/>\n<script type=\"application\/ld+json\" class=\"yoast-schema-graph\">{\"@context\":\"https:\/\/schema.org\",\"@graph\":[{\"@type\":\"WebPage\",\"@id\":\"https:\/\/easycurtain.ch\/fr-ch\/echantillons-de-tissus\/\",\"url\":\"https:\/\/easycurtain.ch\/fr-ch\/echantillons-de-tissus\/\",\"name\":\"\u00c9chantillons de tissus - easyCurtain\",\"isPartOf\":{\"@id\":\"https:\/\/easycurtain.ch\/fr-ch\/#website\"},\"primaryImageOfPage\":{\"@id\":\"https:\/\/easycurtain.ch\/fr-ch\/echantillons-de-tissus\/#primaryimage\"},\"image\":{\"@id\":\"https:\/\/easycurtain.ch\/fr-ch\/echantillons-de-tissus\/#primaryimage\"},\"thumbnailUrl\":\"https:\/\/easycurtain.ch\/wp-content\/uploads\/2023\/11\/stoffmuster-massvorhang-abdunkelnd-1.jpg\",\"datePublished\":\"2023-09-20T10:44:03+00:00\",\"dateModified\":\"2023-11-21T14:50:42+00:00\",\"breadcrumb\":{\"@id\":\"https:\/\/easycurtain.ch\/fr-ch\/echantillons-de-tissus\/#breadcrumb\"},\"inLanguage\":\"fr-CH\",\"potentialAction\":[{\"@type\":\"ReadAction\",\"target\":[\"https:\/\/easycurtain.ch\/fr-ch\/echantillons-de-tissus\/\"]}]},{\"@type\":\"ImageObject\",\"inLanguage\":\"fr-CH\",\"@id\":\"https:\/\/easycurtain.ch\/fr-ch\/echantillons-de-tissus\/#primaryimage\",\"url\":\"https:\/\/easycurtain.ch\/wp-content\/uploads\/2023\/11\/stoffmuster-massvorhang-abdunkelnd-1.jpg\",\"contentUrl\":\"https:\/\/easycurtain.ch\/wp-content\/uploads\/2023\/11\/stoffmuster-massvorhang-abdunkelnd-1.jpg\",\"width\":1800,\"height\":900,\"caption\":\"Stoffmuster - Massvorhang abdunkelnd\"},{\"@type\":\"BreadcrumbList\",\"@id\":\"https:\/\/easycurtain.ch\/fr-ch\/echantillons-de-tissus\/#breadcrumb\",\"itemListElement\":[{\"@type\":\"ListItem\",\"position\":1,\"name\":\"Home\",\"item\":\"https:\/\/easycurtain.ch\/fr-ch\/?page_id=101168\"},{\"@type\":\"ListItem\",\"position\":2,\"name\":\"\u00c9chantillons de tissus\"}]},{\"@type\":\"WebSite\",\"@id\":\"https:\/\/easycurtain.ch\/fr-ch\/#website\",\"url\":\"https:\/\/easycurtain.ch\/fr-ch\/\",\"name\":\"easyCurtain\",\"description\":\"Superbes rideaux. Petits prix.\",\"publisher\":{\"@id\":\"https:\/\/easycurtain.ch\/fr-ch\/#organization\"},\"potentialAction\":[{\"@type\":\"SearchAction\",\"target\":{\"@type\":\"EntryPoint\",\"urlTemplate\":\"https:\/\/easycurtain.ch\/fr-ch\/?s={search_term_string}\"},\"query-input\":{\"@type\":\"PropertyValueSpecification\",\"valueRequired\":true,\"valueName\":\"search_term_string\"}}],\"inLanguage\":\"fr-CH\"},{\"@type\":\"Organization\",\"@id\":\"https:\/\/easycurtain.ch\/fr-ch\/#organization\",\"name\":\"easyCurtain\",\"url\":\"https:\/\/easycurtain.ch\/fr-ch\/\",\"logo\":{\"@type\":\"ImageObject\",\"inLanguage\":\"fr-CH\",\"@id\":\"https:\/\/easycurtain.ch\/fr-ch\/#\/schema\/logo\/image\/\",\"url\":\"https:\/\/easycurtain.ch\/wp-content\/uploads\/2023\/09\/logo-easycurtain-massvorhang-online-1.png\",\"contentUrl\":\"https:\/\/easycurtain.ch\/wp-content\/uploads\/2023\/09\/logo-easycurtain-massvorhang-online-1.png\",\"width\":600,\"height\":138,\"caption\":\"easyCurtain\"},\"image\":{\"@id\":\"https:\/\/easycurtain.ch\/fr-ch\/#\/schema\/logo\/image\/\"}}]}<\/script>\n<!-- \/ Yoast SEO plugin. -->","yoast_head_json":{"title":"\u00c9chantillons de tissus - easyCurtain","robots":{"index":"index","follow":"follow","max-snippet":"max-snippet:-1","max-image-preview":"max-image-preview:large","max-video-preview":"max-video-preview:-1"},"canonical":"https:\/\/easycurtain.ch\/fr-ch\/echantillons-de-tissus\/","og_locale":"fr_FR","og_type":"article","og_title":"\u00c9chantillons de tissus - easyCurtain","og_description":"[vc_row full_width=&#8221;stretch_row&#8221; css=&#8221;.vc_custom_1697439838720{padding-top: 80px !important;background-color: #f3d2d3 !important;}&#8221;][vc_column width=&#8221;1\/3&#8243; css=&#8221;.vc_custom_1697439257523{padding-bottom: 40px !important;}&#8221;][\/vc_column][vc_column width=&#8221;1\/3&#8243; css=&#8221;.vc_custom_1697439261154{padding-bottom: 40px !important;}&#8221;][\/vc_column][vc_column width=&#8221;1\/3&#8243; css=&#8221;.vc_custom_1697439265821{padding-bottom: 40px !important;}&#8221;][\/vc_column][\/vc_row][vc_row full_width=&#8221;stretch_row&#8221; css=&#8221;.vc_custom_1697439675281{padding-bottom: 10px !important;background-color: #f3d2d3 !important;}&#8221;][vc_column width=&#8221;1\/3&#8243; css=&#8221;.vc_custom_1697439257523{padding-bottom: 40px !important;}&#8221;][\/vc_column][vc_column width=&#8221;1\/3&#8243;&hellip;","og_url":"https:\/\/easycurtain.ch\/fr-ch\/echantillons-de-tissus\/","og_site_name":"easyCurtain","article_modified_time":"2023-11-21T14:50:42+00:00","og_image":[{"width":1800,"height":900,"url":"https:\/\/easycurtain.ch\/wp-content\/uploads\/2023\/11\/stoffmuster-massvorhang-abdunkelnd-1.jpg","type":"image\/jpeg"}],"twitter_card":"summary_large_image","twitter_misc":{"Est. reading time":"2 minutes"},"schema":{"@context":"https:\/\/schema.org","@graph":[{"@type":"WebPage","@id":"https:\/\/easycurtain.ch\/fr-ch\/echantillons-de-tissus\/","url":"https:\/\/easycurtain.ch\/fr-ch\/echantillons-de-tissus\/","name":"\u00c9chantillons de tissus - easyCurtain","isPartOf":{"@id":"https:\/\/easycurtain.ch\/fr-ch\/#website"},"primaryImageOfPage":{"@id":"https:\/\/easycurtain.ch\/fr-ch\/echantillons-de-tissus\/#primaryimage"},"image":{"@id":"https:\/\/easycurtain.ch\/fr-ch\/echantillons-de-tissus\/#primaryimage"},"thumbnailUrl":"https:\/\/easycurtain.ch\/wp-content\/uploads\/2023\/11\/stoffmuster-massvorhang-abdunkelnd-1.jpg","datePublished":"2023-09-20T10:44:03+00:00","dateModified":"2023-11-21T14:50:42+00:00","breadcrumb":{"@id":"https:\/\/easycurtain.ch\/fr-ch\/echantillons-de-tissus\/#breadcrumb"},"inLanguage":"fr-CH","potentialAction":[{"@type":"ReadAction","target":["https:\/\/easycurtain.ch\/fr-ch\/echantillons-de-tissus\/"]}]},{"@type":"ImageObject","inLanguage":"fr-CH","@id":"https:\/\/easycurtain.ch\/fr-ch\/echantillons-de-tissus\/#primaryimage","url":"https:\/\/easycurtain.ch\/wp-content\/uploads\/2023\/11\/stoffmuster-massvorhang-abdunkelnd-1.jpg","contentUrl":"https:\/\/easycurtain.ch\/wp-content\/uploads\/2023\/11\/stoffmuster-massvorhang-abdunkelnd-1.jpg","width":1800,"height":900,"caption":"Stoffmuster - Massvorhang abdunkelnd"},{"@type":"BreadcrumbList","@id":"https:\/\/easycurtain.ch\/fr-ch\/echantillons-de-tissus\/#breadcrumb","itemListElement":[{"@type":"ListItem","position":1,"name":"Home","item":"https:\/\/easycurtain.ch\/fr-ch\/?page_id=101168"},{"@type":"ListItem","position":2,"name":"\u00c9chantillons de tissus"}]},{"@type":"WebSite","@id":"https:\/\/easycurtain.ch\/fr-ch\/#website","url":"https:\/\/easycurtain.ch\/fr-ch\/","name":"easyCurtain","description":"Superbes rideaux. Petits prix.","publisher":{"@id":"https:\/\/easycurtain.ch\/fr-ch\/#organization"},"potentialAction":[{"@type":"SearchAction","target":{"@type":"EntryPoint","urlTemplate":"https:\/\/easycurtain.ch\/fr-ch\/?s={search_term_string}"},"query-input":{"@type":"PropertyValueSpecification","valueRequired":true,"valueName":"search_term_string"}}],"inLanguage":"fr-CH"},{"@type":"Organization","@id":"https:\/\/easycurtain.ch\/fr-ch\/#organization","name":"easyCurtain","url":"https:\/\/easycurtain.ch\/fr-ch\/","logo":{"@type":"ImageObject","inLanguage":"fr-CH","@id":"https:\/\/easycurtain.ch\/fr-ch\/#\/schema\/logo\/image\/","url":"https:\/\/easycurtain.ch\/wp-content\/uploads\/2023\/09\/logo-easycurtain-massvorhang-online-1.png","contentUrl":"https:\/\/easycurtain.ch\/wp-content\/uploads\/2023\/09\/logo-easycurtain-massvorhang-online-1.png","width":600,"height":138,"caption":"easyCurtain"},"image":{"@id":"https:\/\/easycurtain.ch\/fr-ch\/#\/schema\/logo\/image\/"}}]}},"_links":{"self":[{"href":"https:\/\/easycurtain.ch\/fr-ch\/wp-json\/wp\/v2\/pages\/101134","targetHints":{"allow":["GET"]}}],"collection":[{"href":"https:\/\/easycurtain.ch\/fr-ch\/wp-json\/wp\/v2\/pages"}],"about":[{"href":"https:\/\/easycurtain.ch\/fr-ch\/wp-json\/wp\/v2\/types\/page"}],"author":[{"embeddable":true,"href":"https:\/\/easycurtain.ch\/fr-ch\/wp-json\/wp\/v2\/users\/1"}],"replies":[{"embeddable":true,"href":"https:\/\/easycurtain.ch\/fr-ch\/wp-json\/wp\/v2\/comments?post=101134"}],"version-history":[{"count":2,"href":"https:\/\/easycurtain.ch\/fr-ch\/wp-json\/wp\/v2\/pages\/101134\/revisions"}],"predecessor-version":[{"id":101147,"href":"https:\/\/easycurtain.ch\/fr-ch\/wp-json\/wp\/v2\/pages\/101134\/revisions\/101147"}],"wp:featuredmedia":[{"embeddable":true,"href":"https:\/\/easycurtain.ch\/fr-ch\/wp-json\/wp\/v2\/media\/100371"}],"wp:attachment":[{"href":"https:\/\/easycurtain.ch\/fr-ch\/wp-json\/wp\/v2\/media?parent=101134"}],"curies":[{"name":"wp","href":"https:\/\/api.w.org\/{rel}","templated":true}]}}