{"id":101102,"date":"2023-09-19T16:21:58","date_gmt":"2023-09-19T16:21:58","guid":{"rendered":"https:\/\/easycurtain.ch\/pourquoi-choisir-easycurtain\/"},"modified":"2023-12-12T10:18:15","modified_gmt":"2023-12-12T10:18:15","slug":"pourquoi-choisir-easycurtain","status":"publish","type":"page","link":"https:\/\/easycurtain.ch\/fr-ch\/pourquoi-choisir-easycurtain\/","title":{"rendered":"Pourquoi choisir easyCurtain ?"},"content":{"rendered":"<div class=\"wpb-content-wrapper\"><p>[vc_row full_width=&#8221;stretch_row&#8221; css=&#8221;.vc_custom_1697118237459{padding-top: 70px !important;padding-bottom: 20px !important;background-color: #f3d2d3 !important;}&#8221;][vc_column width=&#8221;1\/3&#8243; css=&#8221;.vc_custom_1697118165526{padding-bottom: 40px !important;}&#8221;]<div class=\"konte-icon-box icon-type-fontawesome box-align-center   \">\n\t\t\t\t<div class=\"konte-icon-box__icon\"><i class=\"fas fa-swatchbook\"><\/i><\/div>\n\t\t\t\t<h4 class=\"konte-icon-box__title\" >Meilleure s\u00e9lection<\/h4>\n\t\t\t\t<div class=\"konte-icon-box__content\"><p>Chez easyCurtain, tu trouveras exclusivement les mod\u00e8les de rideaux les plus populaires de Suisse dans les couleurs les plus appr\u00e9ci\u00e9es.<\/p>\n<\/div>\n\t\t\t<\/div>[\/vc_column][vc_column width=&#8221;1\/3&#8243; css=&#8221;.vc_custom_1697118173322{padding-bottom: 40px !important;}&#8221;]<div class=\"konte-icon-box icon-type-fontawesome box-align-center   \">\n\t\t\t\t<div class=\"konte-icon-box__icon\"><i class=\"fas fa-dollar-sign\"><\/i><\/div>\n\t\t\t\t<h4 class=\"konte-icon-box__title\" >Meilleurs prix<\/h4>\n\t\t\t\t<div class=\"konte-icon-box__content\"><p>Nous ne sommes disponibles qu&#8217;en ligne.<br \/>\nC&#8217;est pourquoi nous pouvons te proposer des rideaux sur mesure \u00e0 des prix incroyablement bas.<\/p>\n<\/div>\n\t\t\t<\/div>[\/vc_column][vc_column width=&#8221;1\/3&#8243; css=&#8221;.vc_custom_1697118179924{padding-bottom: 40px !important;}&#8221;]<div class=\"konte-icon-box icon-type-fontawesome box-align-center   \">\n\t\t\t\t<div class=\"konte-icon-box__icon\"><i class=\"fas fa-award\"><\/i><\/div>\n\t\t\t\t<h4 class=\"konte-icon-box__title\" >La meilleure qualit\u00e9<\/h4>\n\t\t\t\t<div class=\"konte-icon-box__content\"><p>Tu aimes la qualit\u00e9 ? Nous aussi !<br \/>\nTu profiteras longtemps de tes nouveaux rideaux easyCurtain !<\/p>\n<\/div>\n\t\t\t<\/div>[\/vc_column][\/vc_row][vc_row full_width=&#8221;stretch_row&#8221; css=&#8221;.vc_custom_1697118148974{padding-top: 60px !important;background-color: #e7d6aa !important;}&#8221;][vc_column width=&#8221;1\/3&#8243; css=&#8221;.vc_custom_1697118193353{padding-bottom: 40px !important;}&#8221;]<div class=\"konte-icon-box icon-type-fontawesome box-align-center   \">\n\t\t\t\t<div class=\"konte-icon-box__icon\"><i class=\"fas fa-heart\"><\/i><\/div>\n\t\t\t\t<h4 class=\"konte-icon-box__title\" >Fabriqu\u00e9 \u00e0 la main selon tes souhaits<\/h4>\n\t\t\t\t<div class=\"konte-icon-box__content\"><\/div>\n\t\t\t<\/div>[\/vc_column][vc_column width=&#8221;1\/3&#8243; css=&#8221;.vc_custom_1697118198011{padding-bottom: 40px !important;}&#8221;]<div class=\"konte-icon-box icon-type-fontawesome box-align-center   \">\n\t\t\t\t<div class=\"konte-icon-box__icon\"><i class=\"fas fa-star\"><\/i><\/div>\n\t\t\t\t<h4 class=\"konte-icon-box__title\" >Echantillons de tissus gratuits<\/h4>\n\t\t\t\t<div class=\"konte-icon-box__content\"><\/div>\n\t\t\t<\/div>[\/vc_column][vc_column width=&#8221;1\/3&#8243; css=&#8221;.vc_custom_1697118203105{padding-bottom: 40px !important;}&#8221;]<div class=\"konte-icon-box icon-type-fontawesome box-align-center   \">\n\t\t\t\t<div class=\"konte-icon-box__icon\"><i class=\"fas fa-star-of-life\"><\/i><\/div>\n\t\t\t\t<h4 class=\"konte-icon-box__title\" >Achat sur facture<\/h4>\n\t\t\t\t<div class=\"konte-icon-box__content\"><\/div>\n\t\t\t<\/div>[\/vc_column][\/vc_row][vc_row][vc_column][vc_column_text css=&#8221;.vc_custom_1697117468661{margin-top: 80px !important;margin-bottom: 30px !important;}&#8221;]<\/p>\n<h2 style=\"text-align: center;\">Tu n&#8217;es pas encore convaincu ?<\/h2>\n<p>[\/vc_column_text][vc_row_inner][vc_column_inner width=&#8221;1\/6&#8243;][\/vc_column_inner][vc_column_inner width=&#8221;2\/6&#8243;]<p class=\"konte-button-wrapper text-center\"><a href=\"https:\/\/easycurtain.ch\/fr-ch\/questions-frequentes\/\" title=\"Parmi les questions les plus fr\u00e9quentes\" class=\"konte-button button-normal text-dark align-center large   button square\">Questions fr\u00e9quentes<\/a><\/p>[\/vc_column_inner][vc_column_inner width=&#8221;2\/6&#8243;]<p class=\"konte-button-wrapper text-center\"><a href=\"\/shop\/\" title=\"Vers les rideaux sur mesure et les accessoires pour rideaux\" class=\"konte-button button-normal text-dark align-center large   button square\">Acheter maintenant<\/a><\/p>[\/vc_column_inner][vc_column_inner width=&#8221;1\/6&#8243;][\/vc_column_inner][\/vc_row_inner][vc_raw_html]PHN0eWxlPi5zaW5nbGUtcGFnZS1oZWFkZXIudGl0bGUtZnJvbnQge21hcmdpbi1ib3R0b206MHB4O30KPC9zdHlsZT4=[\/vc_raw_html][\/vc_column][\/vc_row]<\/p>\n<\/div>","protected":false},"excerpt":{"rendered":"<p>[vc_row full_width=&#8221;stretch_row&#8221; css=&#8221;.vc_custom_1697118237459{padding-top: 70px !important;padding-bottom: 20px !important;background-color: #f3d2d3 !important;}&#8221;][vc_column width=&#8221;1\/3&#8243; css=&#8221;.vc_custom_1697118165526{padding-bottom: 40px !important;}&#8221;][\/vc_column][vc_column width=&#8221;1\/3&#8243; css=&#8221;.vc_custom_1697118173322{padding-bottom: 40px !important;}&#8221;][\/vc_column][vc_column width=&#8221;1\/3&#8243; css=&#8221;.vc_custom_1697118179924{padding-bottom: 40px !important;}&#8221;][\/vc_column][\/vc_row][vc_row full_width=&#8221;stretch_row&#8221; css=&#8221;.vc_custom_1697118148974{padding-top: 60px !important;background-color: #e7d6aa !important;}&#8221;][vc_column width=&#8221;1\/3&#8243; css=&#8221;.vc_custom_1697118193353{padding-bottom: 40px&hellip;<\/p>\n","protected":false},"author":1,"featured_media":100383,"parent":0,"menu_order":0,"comment_status":"closed","ping_status":"closed","template":"","meta":{"_acf_changed":false,"footnotes":""},"class_list":["post-101102","page","type-page","status-publish","has-post-thumbnail","hentry"],"acf":[],"yoast_head":"<!-- This site is optimized with the Yoast SEO plugin v27.1.1 - https:\/\/yoast.com\/product\/yoast-seo-wordpress\/ -->\n<title>%page%%%<\/title>\n<meta name=\"robots\" content=\"index, follow, max-snippet:-1, max-image-preview:large, max-video-preview:-1\" \/>\n<link rel=\"canonical\" href=\"https:\/\/easycurtain.ch\/fr-ch\/pourquoi-choisir-easycurtain\/\" \/>\n<meta property=\"og:locale\" content=\"fr_FR\" \/>\n<meta property=\"og:type\" content=\"article\" \/>\n<meta property=\"og:title\" content=\"%page%%%\" \/>\n<meta property=\"og:description\" content=\"[vc_row full_width=&#8221;stretch_row&#8221; css=&#8221;.vc_custom_1697118237459{padding-top: 70px !important;padding-bottom: 20px !important;background-color: #f3d2d3 !important;}&#8221;][vc_column width=&#8221;1\/3&#8243; css=&#8221;.vc_custom_1697118165526{padding-bottom: 40px !important;}&#8221;][\/vc_column][vc_column width=&#8221;1\/3&#8243; css=&#8221;.vc_custom_1697118173322{padding-bottom: 40px !important;}&#8221;][\/vc_column][vc_column width=&#8221;1\/3&#8243; css=&#8221;.vc_custom_1697118179924{padding-bottom: 40px !important;}&#8221;][\/vc_column][\/vc_row][vc_row full_width=&#8221;stretch_row&#8221; css=&#8221;.vc_custom_1697118148974{padding-top: 60px !important;background-color: #e7d6aa !important;}&#8221;][vc_column width=&#8221;1\/3&#8243; css=&#8221;.vc_custom_1697118193353{padding-bottom: 40px&hellip;\" \/>\n<meta property=\"og:url\" content=\"https:\/\/easycurtain.ch\/fr-ch\/pourquoi-choisir-easycurtain\/\" \/>\n<meta property=\"og:site_name\" content=\"easyCurtain\" \/>\n<meta property=\"article:modified_time\" content=\"2023-12-12T10:18:15+00:00\" \/>\n<meta property=\"og:image\" content=\"https:\/\/easycurtain.ch\/wp-content\/uploads\/2023\/11\/guenstiger-weisser-vorhang-1.jpg\" \/>\n\t<meta property=\"og:image:width\" content=\"1800\" \/>\n\t<meta property=\"og:image:height\" content=\"900\" \/>\n\t<meta property=\"og:image:type\" content=\"image\/jpeg\" \/>\n<meta name=\"twitter:card\" content=\"summary_large_image\" \/>\n<meta name=\"twitter:label1\" content=\"Est. reading time\" \/>\n\t<meta name=\"twitter:data1\" content=\"2 minutes\" \/>\n<script type=\"application\/ld+json\" class=\"yoast-schema-graph\">{\"@context\":\"https:\/\/schema.org\",\"@graph\":[{\"@type\":\"WebPage\",\"@id\":\"https:\/\/easycurtain.ch\/fr-ch\/pourquoi-choisir-easycurtain\/\",\"url\":\"https:\/\/easycurtain.ch\/fr-ch\/pourquoi-choisir-easycurtain\/\",\"name\":\"%page%%%\",\"isPartOf\":{\"@id\":\"https:\/\/easycurtain.ch\/fr-ch\/#website\"},\"primaryImageOfPage\":{\"@id\":\"https:\/\/easycurtain.ch\/fr-ch\/pourquoi-choisir-easycurtain\/#primaryimage\"},\"image\":{\"@id\":\"https:\/\/easycurtain.ch\/fr-ch\/pourquoi-choisir-easycurtain\/#primaryimage\"},\"thumbnailUrl\":\"https:\/\/easycurtain.ch\/wp-content\/uploads\/2023\/11\/guenstiger-weisser-vorhang-1.jpg\",\"datePublished\":\"2023-09-19T16:21:58+00:00\",\"dateModified\":\"2023-12-12T10:18:15+00:00\",\"breadcrumb\":{\"@id\":\"https:\/\/easycurtain.ch\/fr-ch\/pourquoi-choisir-easycurtain\/#breadcrumb\"},\"inLanguage\":\"fr-CH\",\"potentialAction\":[{\"@type\":\"ReadAction\",\"target\":[\"https:\/\/easycurtain.ch\/fr-ch\/pourquoi-choisir-easycurtain\/\"]}]},{\"@type\":\"ImageObject\",\"inLanguage\":\"fr-CH\",\"@id\":\"https:\/\/easycurtain.ch\/fr-ch\/pourquoi-choisir-easycurtain\/#primaryimage\",\"url\":\"https:\/\/easycurtain.ch\/wp-content\/uploads\/2023\/11\/guenstiger-weisser-vorhang-1.jpg\",\"contentUrl\":\"https:\/\/easycurtain.ch\/wp-content\/uploads\/2023\/11\/guenstiger-weisser-vorhang-1.jpg\",\"width\":1800,\"height\":900,\"caption\":\"Warum easyVorhang? - G\u00fcnstiger, weisser Vorhang\"},{\"@type\":\"BreadcrumbList\",\"@id\":\"https:\/\/easycurtain.ch\/fr-ch\/pourquoi-choisir-easycurtain\/#breadcrumb\",\"itemListElement\":[{\"@type\":\"ListItem\",\"position\":1,\"name\":\"Home\",\"item\":\"https:\/\/easycurtain.ch\/fr-ch\/?page_id=101168\"},{\"@type\":\"ListItem\",\"position\":2,\"name\":\"Pourquoi choisir easyCurtain ?\"}]},{\"@type\":\"WebSite\",\"@id\":\"https:\/\/easycurtain.ch\/fr-ch\/#website\",\"url\":\"https:\/\/easycurtain.ch\/fr-ch\/\",\"name\":\"easyCurtain\",\"description\":\"Superbes rideaux. Petits prix.\",\"publisher\":{\"@id\":\"https:\/\/easycurtain.ch\/fr-ch\/#organization\"},\"potentialAction\":[{\"@type\":\"SearchAction\",\"target\":{\"@type\":\"EntryPoint\",\"urlTemplate\":\"https:\/\/easycurtain.ch\/fr-ch\/?s={search_term_string}\"},\"query-input\":{\"@type\":\"PropertyValueSpecification\",\"valueRequired\":true,\"valueName\":\"search_term_string\"}}],\"inLanguage\":\"fr-CH\"},{\"@type\":\"Organization\",\"@id\":\"https:\/\/easycurtain.ch\/fr-ch\/#organization\",\"name\":\"easyCurtain\",\"url\":\"https:\/\/easycurtain.ch\/fr-ch\/\",\"logo\":{\"@type\":\"ImageObject\",\"inLanguage\":\"fr-CH\",\"@id\":\"https:\/\/easycurtain.ch\/fr-ch\/#\/schema\/logo\/image\/\",\"url\":\"https:\/\/easycurtain.ch\/wp-content\/uploads\/2023\/09\/logo-easycurtain-massvorhang-online-1.png\",\"contentUrl\":\"https:\/\/easycurtain.ch\/wp-content\/uploads\/2023\/09\/logo-easycurtain-massvorhang-online-1.png\",\"width\":600,\"height\":138,\"caption\":\"easyCurtain\"},\"image\":{\"@id\":\"https:\/\/easycurtain.ch\/fr-ch\/#\/schema\/logo\/image\/\"}}]}<\/script>\n<!-- \/ Yoast SEO plugin. -->","yoast_head_json":{"title":"%page%%%","robots":{"index":"index","follow":"follow","max-snippet":"max-snippet:-1","max-image-preview":"max-image-preview:large","max-video-preview":"max-video-preview:-1"},"canonical":"https:\/\/easycurtain.ch\/fr-ch\/pourquoi-choisir-easycurtain\/","og_locale":"fr_FR","og_type":"article","og_title":"%page%%%","og_description":"[vc_row full_width=&#8221;stretch_row&#8221; css=&#8221;.vc_custom_1697118237459{padding-top: 70px !important;padding-bottom: 20px !important;background-color: #f3d2d3 !important;}&#8221;][vc_column width=&#8221;1\/3&#8243; css=&#8221;.vc_custom_1697118165526{padding-bottom: 40px !important;}&#8221;][\/vc_column][vc_column width=&#8221;1\/3&#8243; css=&#8221;.vc_custom_1697118173322{padding-bottom: 40px !important;}&#8221;][\/vc_column][vc_column width=&#8221;1\/3&#8243; css=&#8221;.vc_custom_1697118179924{padding-bottom: 40px !important;}&#8221;][\/vc_column][\/vc_row][vc_row full_width=&#8221;stretch_row&#8221; css=&#8221;.vc_custom_1697118148974{padding-top: 60px !important;background-color: #e7d6aa !important;}&#8221;][vc_column width=&#8221;1\/3&#8243; css=&#8221;.vc_custom_1697118193353{padding-bottom: 40px&hellip;","og_url":"https:\/\/easycurtain.ch\/fr-ch\/pourquoi-choisir-easycurtain\/","og_site_name":"easyCurtain","article_modified_time":"2023-12-12T10:18:15+00:00","og_image":[{"width":1800,"height":900,"url":"https:\/\/easycurtain.ch\/wp-content\/uploads\/2023\/11\/guenstiger-weisser-vorhang-1.jpg","type":"image\/jpeg"}],"twitter_card":"summary_large_image","twitter_misc":{"Est. reading time":"2 minutes"},"schema":{"@context":"https:\/\/schema.org","@graph":[{"@type":"WebPage","@id":"https:\/\/easycurtain.ch\/fr-ch\/pourquoi-choisir-easycurtain\/","url":"https:\/\/easycurtain.ch\/fr-ch\/pourquoi-choisir-easycurtain\/","name":"%page%%%","isPartOf":{"@id":"https:\/\/easycurtain.ch\/fr-ch\/#website"},"primaryImageOfPage":{"@id":"https:\/\/easycurtain.ch\/fr-ch\/pourquoi-choisir-easycurtain\/#primaryimage"},"image":{"@id":"https:\/\/easycurtain.ch\/fr-ch\/pourquoi-choisir-easycurtain\/#primaryimage"},"thumbnailUrl":"https:\/\/easycurtain.ch\/wp-content\/uploads\/2023\/11\/guenstiger-weisser-vorhang-1.jpg","datePublished":"2023-09-19T16:21:58+00:00","dateModified":"2023-12-12T10:18:15+00:00","breadcrumb":{"@id":"https:\/\/easycurtain.ch\/fr-ch\/pourquoi-choisir-easycurtain\/#breadcrumb"},"inLanguage":"fr-CH","potentialAction":[{"@type":"ReadAction","target":["https:\/\/easycurtain.ch\/fr-ch\/pourquoi-choisir-easycurtain\/"]}]},{"@type":"ImageObject","inLanguage":"fr-CH","@id":"https:\/\/easycurtain.ch\/fr-ch\/pourquoi-choisir-easycurtain\/#primaryimage","url":"https:\/\/easycurtain.ch\/wp-content\/uploads\/2023\/11\/guenstiger-weisser-vorhang-1.jpg","contentUrl":"https:\/\/easycurtain.ch\/wp-content\/uploads\/2023\/11\/guenstiger-weisser-vorhang-1.jpg","width":1800,"height":900,"caption":"Warum easyVorhang? - G\u00fcnstiger, weisser Vorhang"},{"@type":"BreadcrumbList","@id":"https:\/\/easycurtain.ch\/fr-ch\/pourquoi-choisir-easycurtain\/#breadcrumb","itemListElement":[{"@type":"ListItem","position":1,"name":"Home","item":"https:\/\/easycurtain.ch\/fr-ch\/?page_id=101168"},{"@type":"ListItem","position":2,"name":"Pourquoi choisir easyCurtain ?"}]},{"@type":"WebSite","@id":"https:\/\/easycurtain.ch\/fr-ch\/#website","url":"https:\/\/easycurtain.ch\/fr-ch\/","name":"easyCurtain","description":"Superbes rideaux. Petits prix.","publisher":{"@id":"https:\/\/easycurtain.ch\/fr-ch\/#organization"},"potentialAction":[{"@type":"SearchAction","target":{"@type":"EntryPoint","urlTemplate":"https:\/\/easycurtain.ch\/fr-ch\/?s={search_term_string}"},"query-input":{"@type":"PropertyValueSpecification","valueRequired":true,"valueName":"search_term_string"}}],"inLanguage":"fr-CH"},{"@type":"Organization","@id":"https:\/\/easycurtain.ch\/fr-ch\/#organization","name":"easyCurtain","url":"https:\/\/easycurtain.ch\/fr-ch\/","logo":{"@type":"ImageObject","inLanguage":"fr-CH","@id":"https:\/\/easycurtain.ch\/fr-ch\/#\/schema\/logo\/image\/","url":"https:\/\/easycurtain.ch\/wp-content\/uploads\/2023\/09\/logo-easycurtain-massvorhang-online-1.png","contentUrl":"https:\/\/easycurtain.ch\/wp-content\/uploads\/2023\/09\/logo-easycurtain-massvorhang-online-1.png","width":600,"height":138,"caption":"easyCurtain"},"image":{"@id":"https:\/\/easycurtain.ch\/fr-ch\/#\/schema\/logo\/image\/"}}]}},"_links":{"self":[{"href":"https:\/\/easycurtain.ch\/fr-ch\/wp-json\/wp\/v2\/pages\/101102","targetHints":{"allow":["GET"]}}],"collection":[{"href":"https:\/\/easycurtain.ch\/fr-ch\/wp-json\/wp\/v2\/pages"}],"about":[{"href":"https:\/\/easycurtain.ch\/fr-ch\/wp-json\/wp\/v2\/types\/page"}],"author":[{"embeddable":true,"href":"https:\/\/easycurtain.ch\/fr-ch\/wp-json\/wp\/v2\/users\/1"}],"replies":[{"embeddable":true,"href":"https:\/\/easycurtain.ch\/fr-ch\/wp-json\/wp\/v2\/comments?post=101102"}],"version-history":[{"count":7,"href":"https:\/\/easycurtain.ch\/fr-ch\/wp-json\/wp\/v2\/pages\/101102\/revisions"}],"predecessor-version":[{"id":104109,"href":"https:\/\/easycurtain.ch\/fr-ch\/wp-json\/wp\/v2\/pages\/101102\/revisions\/104109"}],"wp:featuredmedia":[{"embeddable":true,"href":"https:\/\/easycurtain.ch\/fr-ch\/wp-json\/wp\/v2\/media\/100383"}],"wp:attachment":[{"href":"https:\/\/easycurtain.ch\/fr-ch\/wp-json\/wp\/v2\/media?parent=101102"}],"curies":[{"name":"wp","href":"https:\/\/api.w.org\/{rel}","templated":true}]}}