{"id":101051,"date":"2023-10-02T08:10:11","date_gmt":"2023-10-02T08:10:11","guid":{"rendered":"https:\/\/easycurtain.ch\/modes-de-paiement\/"},"modified":"2024-06-12T14:00:11","modified_gmt":"2024-06-12T14:00:11","slug":"modes-de-paiement","status":"publish","type":"page","link":"https:\/\/easycurtain.ch\/fr-ch\/modes-de-paiement\/","title":{"rendered":"Modes de paiement"},"content":{"rendered":"<div class=\"wpb-content-wrapper\"><p>[vc_row full_width=&#8221;stretch_row&#8221; css=&#8221;.vc_custom_1697441752423{padding-top: 80px !important;padding-bottom: 20px !important;background-color: #c0ded3 !important;}&#8221;][vc_column][vc_row_inner][vc_column_inner][vc_column_text]<\/p>\n<h2 style=\"text-align: center;\">Acheter des rideaux n&#8217;a jamais \u00e9t\u00e9 aussi facile !<\/h2>\n<p style=\"text-align: center;\">Tu peux payer directement en ligne tes rideaux configur\u00e9s selon tes besoins.<\/p>\n<h3 style=\"text-align: center;\">Tu peux choisir parmi les modes de paiement s\u00e9curis\u00e9s suivants.<\/h3>\n<p>[\/vc_column_text][\/vc_column_inner][\/vc_row_inner][\/vc_column][\/vc_row][vc_row full_width=&#8221;stretch_row&#8221; css=&#8221;.vc_custom_1697441801287{padding-top: 80px !important;padding-bottom: 10px !important;background-color: #f8dfcc !important;}&#8221;][vc_column width=&#8221;1\/4&#8243; css=&#8221;.vc_custom_1697441828386{padding-bottom: 40px !important;}&#8221;]<div class=\"konte-icon-box icon-type-fontawesome box-align-center   \">\n\t\t\t\t<div class=\"konte-icon-box__icon\"><i class=\"far fa-file-alt\"><\/i><\/div>\n\t\t\t\t<h4 class=\"konte-icon-box__title\" >Facture<\/h4>\n\t\t\t\t<div class=\"konte-icon-box__content\"><p>Tu paies tes nouveaux rideaux facilement par facture.<\/p>\n<\/div>\n\t\t\t<\/div>[\/vc_column][vc_column width=&#8221;1\/4&#8243; css=&#8221;.vc_custom_1697441837265{margin-bottom: 40px !important;}&#8221;]<div class=\"konte-icon-box icon-type-fontawesome box-align-center   \">\n\t\t\t\t<div class=\"konte-icon-box__icon\"><i class=\"fab fa-cc-mastercard\"><\/i><\/div>\n\t\t\t\t<h4 class=\"konte-icon-box__title\" >MasterCard<\/h4>\n\t\t\t\t<div class=\"konte-icon-box__content\"><p>Tu paies facilement tes nouveaux rideaux avec ta carte de cr\u00e9dit MasterCard.<\/p>\n<\/div>\n\t\t\t<\/div>[\/vc_column][vc_column width=&#8221;1\/4&#8243; css=&#8221;.vc_custom_1697441844018{margin-bottom: 40px !important;}&#8221;]<div class=\"konte-icon-box icon-type-fontawesome box-align-center   \">\n\t\t\t\t<div class=\"konte-icon-box__icon\"><i class=\"fab fa-cc-visa\"><\/i><\/div>\n\t\t\t\t<h4 class=\"konte-icon-box__title\" >Visa<\/h4>\n\t\t\t\t<div class=\"konte-icon-box__content\"><p>Tu paies facilement tes nouveaux rideaux avec ta carte de cr\u00e9dit Visa.<\/p>\n<\/div>\n\t\t\t<\/div>[\/vc_column][vc_column width=&#8221;1\/4&#8243;]<div class=\"konte-icon-box icon-type-fontawesome box-align-center   \">\n\t\t\t\t<div class=\"konte-icon-box__icon\"><i class=\"fas fa-file-alt\"><\/i><\/div>\n\t\t\t\t<h4 class=\"konte-icon-box__title\" >Paiement anticip\u00e9<\/h4>\n\t\t\t\t<div class=\"konte-icon-box__content\"><p>Tu paies tes nouveaux rideaux \u00e0 l&#8217;avance par facture.<\/p>\n<\/div>\n\t\t\t<\/div>[\/vc_column][\/vc_row][vc_row css=&#8221;.vc_custom_1697441917619{padding-top: 60px !important;}&#8221;][vc_column][vc_custom_heading text=&#8221;Fabriqu\u00e9 \u00e0 la main selon tes souhaits.&#8221; font_container=&#8221;tag:h3|text_align:center&#8221; use_theme_fonts=&#8221;yes&#8221;]<p class=\"konte-button-wrapper text-center\"><a href=\"https:\/\/easycurtain.ch\/fr-ch\/k\/rideaux\/\" title=\"Voir la collection de rideaux\" class=\"konte-button button-normal text-dark align-center large   button square\">Voir la collection de rideaux<\/a><\/p>[vc_raw_html]PHN0eWxlPi5zaW5nbGUtcGFnZS1oZWFkZXIudGl0bGUtZnJvbnQge21hcmdpbi1ib3R0b206MHB4O30KLmVudHJ5LXRodW1ibmFpbCB7b3BhY2l0eTogMC43O30KPC9zdHlsZT4=[\/vc_raw_html][\/vc_column][\/vc_row]<\/p>\n<\/div>","protected":false},"excerpt":{"rendered":"<p>[vc_row full_width=&#8221;stretch_row&#8221; css=&#8221;.vc_custom_1697441752423{padding-top: 80px !important;padding-bottom: 20px !important;background-color: #c0ded3 !important;}&#8221;][vc_column][vc_row_inner][vc_column_inner][vc_column_text] Acheter des rideaux n&#8217;a jamais \u00e9t\u00e9 aussi facile ! Tu peux payer directement en ligne tes rideaux configur\u00e9s selon tes besoins.&hellip;<\/p>\n","protected":false},"author":1,"featured_media":99831,"parent":0,"menu_order":0,"comment_status":"closed","ping_status":"closed","template":"","meta":{"_acf_changed":false,"footnotes":""},"class_list":["post-101051","page","type-page","status-publish","has-post-thumbnail","hentry"],"acf":[],"yoast_head":"<!-- This site is optimized with the Yoast SEO plugin v27.1.1 - https:\/\/yoast.com\/product\/yoast-seo-wordpress\/ -->\n<title>Modes de paiement - easyCurtain<\/title>\n<meta name=\"robots\" content=\"index, follow, max-snippet:-1, max-image-preview:large, max-video-preview:-1\" \/>\n<link rel=\"canonical\" href=\"https:\/\/easycurtain.ch\/fr-ch\/modes-de-paiement\/\" \/>\n<meta property=\"og:locale\" content=\"fr_FR\" \/>\n<meta property=\"og:type\" content=\"article\" \/>\n<meta property=\"og:title\" content=\"Modes de paiement - easyCurtain\" \/>\n<meta property=\"og:description\" content=\"[vc_row full_width=&#8221;stretch_row&#8221; css=&#8221;.vc_custom_1697441752423{padding-top: 80px !important;padding-bottom: 20px !important;background-color: #c0ded3 !important;}&#8221;][vc_column][vc_row_inner][vc_column_inner][vc_column_text] Acheter des rideaux n&#8217;a jamais \u00e9t\u00e9 aussi facile ! Tu peux payer directement en ligne tes rideaux configur\u00e9s selon tes besoins.&hellip;\" \/>\n<meta property=\"og:url\" content=\"https:\/\/easycurtain.ch\/fr-ch\/modes-de-paiement\/\" \/>\n<meta property=\"og:site_name\" content=\"easyCurtain\" \/>\n<meta property=\"article:modified_time\" content=\"2024-06-12T14:00:11+00:00\" \/>\n<meta property=\"og:image\" content=\"https:\/\/easycurtain.ch\/wp-content\/uploads\/2023\/10\/massvorhang-buero-1.jpg\" \/>\n\t<meta property=\"og:image:width\" content=\"1800\" \/>\n\t<meta property=\"og:image:height\" content=\"1200\" \/>\n\t<meta property=\"og:image:type\" content=\"image\/jpeg\" \/>\n<meta name=\"twitter:card\" content=\"summary_large_image\" \/>\n<meta name=\"twitter:label1\" content=\"Est. reading time\" \/>\n\t<meta name=\"twitter:data1\" content=\"2 minutes\" \/>\n<script type=\"application\/ld+json\" class=\"yoast-schema-graph\">{\"@context\":\"https:\/\/schema.org\",\"@graph\":[{\"@type\":\"WebPage\",\"@id\":\"https:\/\/easycurtain.ch\/fr-ch\/modes-de-paiement\/\",\"url\":\"https:\/\/easycurtain.ch\/fr-ch\/modes-de-paiement\/\",\"name\":\"Modes de paiement - easyCurtain\",\"isPartOf\":{\"@id\":\"https:\/\/easycurtain.ch\/fr-ch\/#website\"},\"primaryImageOfPage\":{\"@id\":\"https:\/\/easycurtain.ch\/fr-ch\/modes-de-paiement\/#primaryimage\"},\"image\":{\"@id\":\"https:\/\/easycurtain.ch\/fr-ch\/modes-de-paiement\/#primaryimage\"},\"thumbnailUrl\":\"https:\/\/easycurtain.ch\/wp-content\/uploads\/2023\/10\/massvorhang-buero-1.jpg\",\"datePublished\":\"2023-10-02T08:10:11+00:00\",\"dateModified\":\"2024-06-12T14:00:11+00:00\",\"breadcrumb\":{\"@id\":\"https:\/\/easycurtain.ch\/fr-ch\/modes-de-paiement\/#breadcrumb\"},\"inLanguage\":\"fr-CH\",\"potentialAction\":[{\"@type\":\"ReadAction\",\"target\":[\"https:\/\/easycurtain.ch\/fr-ch\/modes-de-paiement\/\"]}]},{\"@type\":\"ImageObject\",\"inLanguage\":\"fr-CH\",\"@id\":\"https:\/\/easycurtain.ch\/fr-ch\/modes-de-paiement\/#primaryimage\",\"url\":\"https:\/\/easycurtain.ch\/wp-content\/uploads\/2023\/10\/massvorhang-buero-1.jpg\",\"contentUrl\":\"https:\/\/easycurtain.ch\/wp-content\/uploads\/2023\/10\/massvorhang-buero-1.jpg\",\"width\":1800,\"height\":1200,\"caption\":\"Massvorhang im B\u00fcro\"},{\"@type\":\"BreadcrumbList\",\"@id\":\"https:\/\/easycurtain.ch\/fr-ch\/modes-de-paiement\/#breadcrumb\",\"itemListElement\":[{\"@type\":\"ListItem\",\"position\":1,\"name\":\"Home\",\"item\":\"https:\/\/easycurtain.ch\/fr-ch\/?page_id=101168\"},{\"@type\":\"ListItem\",\"position\":2,\"name\":\"Modes de paiement\"}]},{\"@type\":\"WebSite\",\"@id\":\"https:\/\/easycurtain.ch\/fr-ch\/#website\",\"url\":\"https:\/\/easycurtain.ch\/fr-ch\/\",\"name\":\"easyCurtain\",\"description\":\"Superbes rideaux. Petits prix.\",\"publisher\":{\"@id\":\"https:\/\/easycurtain.ch\/fr-ch\/#organization\"},\"potentialAction\":[{\"@type\":\"SearchAction\",\"target\":{\"@type\":\"EntryPoint\",\"urlTemplate\":\"https:\/\/easycurtain.ch\/fr-ch\/?s={search_term_string}\"},\"query-input\":{\"@type\":\"PropertyValueSpecification\",\"valueRequired\":true,\"valueName\":\"search_term_string\"}}],\"inLanguage\":\"fr-CH\"},{\"@type\":\"Organization\",\"@id\":\"https:\/\/easycurtain.ch\/fr-ch\/#organization\",\"name\":\"easyCurtain\",\"url\":\"https:\/\/easycurtain.ch\/fr-ch\/\",\"logo\":{\"@type\":\"ImageObject\",\"inLanguage\":\"fr-CH\",\"@id\":\"https:\/\/easycurtain.ch\/fr-ch\/#\/schema\/logo\/image\/\",\"url\":\"https:\/\/easycurtain.ch\/wp-content\/uploads\/2023\/09\/logo-easycurtain-massvorhang-online-1.png\",\"contentUrl\":\"https:\/\/easycurtain.ch\/wp-content\/uploads\/2023\/09\/logo-easycurtain-massvorhang-online-1.png\",\"width\":600,\"height\":138,\"caption\":\"easyCurtain\"},\"image\":{\"@id\":\"https:\/\/easycurtain.ch\/fr-ch\/#\/schema\/logo\/image\/\"}}]}<\/script>\n<!-- \/ Yoast SEO plugin. -->","yoast_head_json":{"title":"Modes de paiement - easyCurtain","robots":{"index":"index","follow":"follow","max-snippet":"max-snippet:-1","max-image-preview":"max-image-preview:large","max-video-preview":"max-video-preview:-1"},"canonical":"https:\/\/easycurtain.ch\/fr-ch\/modes-de-paiement\/","og_locale":"fr_FR","og_type":"article","og_title":"Modes de paiement - easyCurtain","og_description":"[vc_row full_width=&#8221;stretch_row&#8221; css=&#8221;.vc_custom_1697441752423{padding-top: 80px !important;padding-bottom: 20px !important;background-color: #c0ded3 !important;}&#8221;][vc_column][vc_row_inner][vc_column_inner][vc_column_text] Acheter des rideaux n&#8217;a jamais \u00e9t\u00e9 aussi facile ! Tu peux payer directement en ligne tes rideaux configur\u00e9s selon tes besoins.&hellip;","og_url":"https:\/\/easycurtain.ch\/fr-ch\/modes-de-paiement\/","og_site_name":"easyCurtain","article_modified_time":"2024-06-12T14:00:11+00:00","og_image":[{"width":1800,"height":1200,"url":"https:\/\/easycurtain.ch\/wp-content\/uploads\/2023\/10\/massvorhang-buero-1.jpg","type":"image\/jpeg"}],"twitter_card":"summary_large_image","twitter_misc":{"Est. reading time":"2 minutes"},"schema":{"@context":"https:\/\/schema.org","@graph":[{"@type":"WebPage","@id":"https:\/\/easycurtain.ch\/fr-ch\/modes-de-paiement\/","url":"https:\/\/easycurtain.ch\/fr-ch\/modes-de-paiement\/","name":"Modes de paiement - easyCurtain","isPartOf":{"@id":"https:\/\/easycurtain.ch\/fr-ch\/#website"},"primaryImageOfPage":{"@id":"https:\/\/easycurtain.ch\/fr-ch\/modes-de-paiement\/#primaryimage"},"image":{"@id":"https:\/\/easycurtain.ch\/fr-ch\/modes-de-paiement\/#primaryimage"},"thumbnailUrl":"https:\/\/easycurtain.ch\/wp-content\/uploads\/2023\/10\/massvorhang-buero-1.jpg","datePublished":"2023-10-02T08:10:11+00:00","dateModified":"2024-06-12T14:00:11+00:00","breadcrumb":{"@id":"https:\/\/easycurtain.ch\/fr-ch\/modes-de-paiement\/#breadcrumb"},"inLanguage":"fr-CH","potentialAction":[{"@type":"ReadAction","target":["https:\/\/easycurtain.ch\/fr-ch\/modes-de-paiement\/"]}]},{"@type":"ImageObject","inLanguage":"fr-CH","@id":"https:\/\/easycurtain.ch\/fr-ch\/modes-de-paiement\/#primaryimage","url":"https:\/\/easycurtain.ch\/wp-content\/uploads\/2023\/10\/massvorhang-buero-1.jpg","contentUrl":"https:\/\/easycurtain.ch\/wp-content\/uploads\/2023\/10\/massvorhang-buero-1.jpg","width":1800,"height":1200,"caption":"Massvorhang im B\u00fcro"},{"@type":"BreadcrumbList","@id":"https:\/\/easycurtain.ch\/fr-ch\/modes-de-paiement\/#breadcrumb","itemListElement":[{"@type":"ListItem","position":1,"name":"Home","item":"https:\/\/easycurtain.ch\/fr-ch\/?page_id=101168"},{"@type":"ListItem","position":2,"name":"Modes de paiement"}]},{"@type":"WebSite","@id":"https:\/\/easycurtain.ch\/fr-ch\/#website","url":"https:\/\/easycurtain.ch\/fr-ch\/","name":"easyCurtain","description":"Superbes rideaux. Petits prix.","publisher":{"@id":"https:\/\/easycurtain.ch\/fr-ch\/#organization"},"potentialAction":[{"@type":"SearchAction","target":{"@type":"EntryPoint","urlTemplate":"https:\/\/easycurtain.ch\/fr-ch\/?s={search_term_string}"},"query-input":{"@type":"PropertyValueSpecification","valueRequired":true,"valueName":"search_term_string"}}],"inLanguage":"fr-CH"},{"@type":"Organization","@id":"https:\/\/easycurtain.ch\/fr-ch\/#organization","name":"easyCurtain","url":"https:\/\/easycurtain.ch\/fr-ch\/","logo":{"@type":"ImageObject","inLanguage":"fr-CH","@id":"https:\/\/easycurtain.ch\/fr-ch\/#\/schema\/logo\/image\/","url":"https:\/\/easycurtain.ch\/wp-content\/uploads\/2023\/09\/logo-easycurtain-massvorhang-online-1.png","contentUrl":"https:\/\/easycurtain.ch\/wp-content\/uploads\/2023\/09\/logo-easycurtain-massvorhang-online-1.png","width":600,"height":138,"caption":"easyCurtain"},"image":{"@id":"https:\/\/easycurtain.ch\/fr-ch\/#\/schema\/logo\/image\/"}}]}},"_links":{"self":[{"href":"https:\/\/easycurtain.ch\/fr-ch\/wp-json\/wp\/v2\/pages\/101051","targetHints":{"allow":["GET"]}}],"collection":[{"href":"https:\/\/easycurtain.ch\/fr-ch\/wp-json\/wp\/v2\/pages"}],"about":[{"href":"https:\/\/easycurtain.ch\/fr-ch\/wp-json\/wp\/v2\/types\/page"}],"author":[{"embeddable":true,"href":"https:\/\/easycurtain.ch\/fr-ch\/wp-json\/wp\/v2\/users\/1"}],"replies":[{"embeddable":true,"href":"https:\/\/easycurtain.ch\/fr-ch\/wp-json\/wp\/v2\/comments?post=101051"}],"version-history":[{"count":12,"href":"https:\/\/easycurtain.ch\/fr-ch\/wp-json\/wp\/v2\/pages\/101051\/revisions"}],"predecessor-version":[{"id":104804,"href":"https:\/\/easycurtain.ch\/fr-ch\/wp-json\/wp\/v2\/pages\/101051\/revisions\/104804"}],"wp:featuredmedia":[{"embeddable":true,"href":"https:\/\/easycurtain.ch\/fr-ch\/wp-json\/wp\/v2\/media\/99831"}],"wp:attachment":[{"href":"https:\/\/easycurtain.ch\/fr-ch\/wp-json\/wp\/v2\/media?parent=101051"}],"curies":[{"name":"wp","href":"https:\/\/api.w.org\/{rel}","templated":true}]}}