{"id":101027,"date":"2023-09-20T10:51:45","date_gmt":"2023-09-20T10:51:45","guid":{"rendered":"https:\/\/easycurtain.ch\/durabilite\/"},"modified":"2023-11-21T14:50:42","modified_gmt":"2023-11-21T14:50:42","slug":"durabilite","status":"publish","type":"page","link":"https:\/\/easycurtain.ch\/fr-ch\/durabilite\/","title":{"rendered":"Durabilit\u00e9"},"content":{"rendered":"<div class=\"wpb-content-wrapper\"><p>[vc_row full_width=&#8221;stretch_row&#8221; css=&#8221;.vc_custom_1697444144983{padding-top: 60px !important;padding-bottom: 20px !important;background-color: #c0ded3 !important;}&#8221;][vc_column][vc_column_text]<\/p>\n<h2 style=\"text-align: center;\">Acheter des rideaux. Mais durable !<\/h2>\n<p>[\/vc_column_text][vc_column_text]<\/p>\n<p style=\"text-align: center;\">D\u00e9couvre ici ce que nous faisons pour produire nos rideaux de la mani\u00e8re la plus durable possible.<\/p>\n<p>[\/vc_column_text][\/vc_column][\/vc_row][vc_row css=&#8221;.vc_custom_1697444168919{padding-top: 80px !important;}&#8221;][vc_column width=&#8221;1\/3&#8243; css=&#8221;.vc_custom_1696235848261{margin-bottom: 60px !important;}&#8221;]<div class=\"konte-icon-box icon-type-fontawesome box-align-center   \">\n\t\t\t\t<div class=\"konte-icon-box__icon\"><i class=\"fas fa-scroll\"><\/i><\/div>\n\t\t\t\t<h4 class=\"konte-icon-box__title\" >Tissus durables<\/h4>\n\t\t\t\t<div class=\"konte-icon-box__content\"><p>Nos tissus pour rideaux sont tiss\u00e9s avec des fils particuli\u00e8rement durables. Ils restent donc accroch\u00e9s \u00e0 la fen\u00eatre beaucoup plus longtemps que les rideaux fabriqu\u00e9s \u00e0 bas prix.<\/p>\n<\/div>\n\t\t\t<\/div>[\/vc_column][vc_column width=&#8221;1\/3&#8243; css=&#8221;.vc_custom_1696235859426{margin-bottom: 60px !important;}&#8221;]<div class=\"konte-icon-box icon-type-fontawesome box-align-center   \">\n\t\t\t\t<div class=\"konte-icon-box__icon\"><i class=\"fas fa-people-carry\"><\/i><\/div>\n\t\t\t\t<h4 class=\"konte-icon-box__title\" >Des chemins courts<\/h4>\n\t\t\t\t<div class=\"konte-icon-box__content\"><p>La production de tissus, de rideaux et d&#8217;accessoires pour rideaux a lieu dans les pays europ\u00e9ens proches et non en Extr\u00eame-Orient.<br \/>\nAinsi, des distances de transport courtes sont garanties.<\/p>\n<\/div>\n\t\t\t<\/div>[\/vc_column][vc_column width=&#8221;1\/3&#8243; css=&#8221;.vc_custom_1696235863673{margin-bottom: 60px !important;}&#8221;]<div class=\"konte-icon-box icon-type-fontawesome box-align-center   \">\n\t\t\t\t<div class=\"konte-icon-box__icon\"><i class=\"far fa-trash-alt\"><\/i><\/div>\n\t\t\t\t<h4 class=\"konte-icon-box__title\" >Chutes de tissu<\/h4>\n\t\t\t\t<div class=\"konte-icon-box__content\"><p>Nous essayons de couper les tissus pour rideaux de mani\u00e8re \u00e0 ce qu&#8217;il y ait le moins de chutes de tissu possible.<\/p>\n<\/div>\n\t\t\t<\/div>[\/vc_column][\/vc_row][vc_row][vc_column width=&#8221;1\/3&#8243; css=&#8221;.vc_custom_1696235848261{margin-bottom: 60px !important;}&#8221;]<div class=\"konte-icon-box icon-type-fontawesome box-align-center   \">\n\t\t\t\t<div class=\"konte-icon-box__icon\"><i class=\"fas fa-braille\"><\/i><\/div>\n\t\t\t\t<h4 class=\"konte-icon-box__title\" >Les substances qui ne rentrent pas<\/h4>\n\t\t\t\t<div class=\"konte-icon-box__content\"><p>Nos tissus pour rideaux ne r\u00e9tr\u00e9cissent pas s&#8217;ils sont lav\u00e9s correctement et se conservent donc longtemps.<\/p>\n<\/div>\n\t\t\t<\/div>[\/vc_column][vc_column width=&#8221;1\/3&#8243; css=&#8221;.vc_custom_1696235859426{margin-bottom: 60px !important;}&#8221;]<div class=\"konte-icon-box icon-type-fontawesome box-align-center   \">\n\t\t\t\t<div class=\"konte-icon-box__icon\"><i class=\"fab fa-pagelines\"><\/i><\/div>\n\t\t\t\t<h4 class=\"konte-icon-box__title\" >Compensation des \u00e9missions de CO2<\/h4>\n\t\t\t\t<div class=\"konte-icon-box__content\"><p>En option, tu peux choisir dans le checkout si tu souhaites contribuer \u00e0 la<sup>compensation des \u00e9missions de CO2 de<\/sup> tes nouveaux rideaux.<br \/>\nAvec ta contribution volontaire, tu soutiens des projets de <a href=\"https:\/\/www.southpole.com\/what-we-do\/climate-action-projects\" target=\"_blank\" rel=\"noopener\">south pole<\/a>.<\/p>\n<\/div>\n\t\t\t<\/div>[\/vc_column][vc_column width=&#8221;1\/3&#8243; css=&#8221;.vc_custom_1696235863673{margin-bottom: 60px !important;}&#8221;]<div class=\"konte-icon-box icon-type-fontawesome box-align-center   \">\n\t\t\t\t<div class=\"konte-icon-box__icon\"><i class=\"fas fa-print\"><\/i><\/div>\n\t\t\t\t<h4 class=\"konte-icon-box__title\" >Renoncer au papier<\/h4>\n\t\t\t\t<div class=\"konte-icon-box__content\"><p>Que ce soit dans la publicit\u00e9 ou la communication avec les clients &#8211; chaque fois que c&#8217;est possible, nous renon\u00e7ons \u00e0 l&#8217;utilisation du papier et misons enti\u00e8rement sur le num\u00e9rique. Les imprim\u00e9s restants sont produits avec un bilan carbone neutre.<\/p>\n<\/div>\n\t\t\t<\/div>[\/vc_column][\/vc_row][vc_row css=&#8221;.vc_custom_1697444220037{padding-bottom: 40px !important;}&#8221;][vc_column width=&#8221;1\/3&#8243; css=&#8221;.vc_custom_1696235848261{margin-bottom: 60px !important;}&#8221;]<div class=\"konte-icon-box icon-type-fontawesome box-align-center   \">\n\t\t\t\t<div class=\"konte-icon-box__icon\"><i class=\"fas fa-toolbox\"><\/i><\/div>\n\t\t\t\t<h4 class=\"konte-icon-box__title\" >Garantie<\/h4>\n\t\t\t\t<div class=\"konte-icon-box__content\"><p>Tous les produits sont garantis au moins deux ans. Mais m\u00eame apr\u00e8s, nous serons heureux de t&#8217;aider s&#8217;il y avait quelque chose \u00e0 raccommoder sur les rideaux.<\/p>\n<\/div>\n\t\t\t<\/div>[\/vc_column][vc_column width=&#8221;1\/3&#8243; css=&#8221;.vc_custom_1696235859426{margin-bottom: 60px !important;}&#8221;]<div class=\"konte-icon-box icon-type-fontawesome box-align-center   \">\n\t\t\t\t<div class=\"konte-icon-box__icon\"><i class=\"fas fa-mobile-alt\"><\/i><\/div>\n\t\t\t\t<h4 class=\"konte-icon-box__title\" >100% en ligne<\/h4>\n\t\t\t\t<div class=\"konte-icon-box__content\"><p>Nous renon\u00e7ons d\u00e9lib\u00e9r\u00e9ment \u00e0 un service de rideaux \u00e0 domicile ou \u00e0 des magasins de rideaux. Ainsi, nous \u00e9conomisons ensemble beaucoup de<sup>CO2<\/sup> inutile.<\/p>\n<\/div>\n\t\t\t<\/div>[\/vc_column][vc_column width=&#8221;1\/3&#8243; css=&#8221;.vc_custom_1697629040593{margin-bottom: 60px !important;}&#8221;]<div class=\"konte-icon-box icon-type-fontawesome box-align-center   \">\n\t\t\t\t<div class=\"konte-icon-box__icon\"><i class=\"far fa-grin-hearts\"><\/i><\/div>\n\t\t\t\t<h4 class=\"konte-icon-box__title\" >Social<\/h4>\n\t\t\t\t<div class=\"konte-icon-box__content\"><p>Les \u00e9chantillons de tissu sont envoy\u00e9s en Suisse centrale par une institution sociale pour personnes handicap\u00e9es.<\/p>\n<\/div>\n\t\t\t<\/div>[\/vc_column][\/vc_row][vc_row full_width=&#8221;stretch_row&#8221; css=&#8221;.vc_custom_1697444313004{padding-top: 60px !important;padding-bottom: 40px !important;background-color: #e7d6aa !important;}&#8221;][vc_column][vc_custom_heading text=&#8221;Fabriqu\u00e9 \u00e0 la main selon tes souhaits.&#8221; font_container=&#8221;tag:h3|text_align:center&#8221; use_theme_fonts=&#8221;yes&#8221;]<p class=\"konte-button-wrapper text-center\"><a href=\"https:\/\/easycurtain.ch\/k\/vorhaenge\/\" title=\"Voir la collection de rideaux\" class=\"konte-button button-normal text-dark align-center large   button square\">Voir la collection de rideaux<\/a><\/p>[vc_raw_html]PHN0eWxlPi5zaW5nbGUtcGFnZS1oZWFkZXIudGl0bGUtZnJvbnQge21hcmdpbi1ib3R0b206MHB4O30KLnNpdGUtY29udGVudCB7cGFkZGluZy1ib3R0b206MHB4O30KLnBhZ2UtaGVhZGVyIHtiYWNrZ3JvdW5kLWNvbG9yOiAjMDAwMDAwICFpbXBvcnRhbnQ7fQouZW50cnktdGh1bWJuYWlsIHtvcGFjaXR5OiAwLjc7fQo8L3N0eWxlPg==[\/vc_raw_html][\/vc_column][\/vc_row]<\/p>\n<\/div>","protected":false},"excerpt":{"rendered":"<p>[vc_row full_width=&#8221;stretch_row&#8221; css=&#8221;.vc_custom_1697444144983{padding-top: 60px !important;padding-bottom: 20px !important;background-color: #c0ded3 !important;}&#8221;][vc_column][vc_column_text] Acheter des rideaux. Mais durable ! [\/vc_column_text][vc_column_text] D\u00e9couvre ici ce que nous faisons pour produire nos rideaux de la mani\u00e8re la&hellip;<\/p>\n","protected":false},"author":1,"featured_media":99685,"parent":0,"menu_order":0,"comment_status":"closed","ping_status":"closed","template":"","meta":{"_acf_changed":false,"footnotes":""},"class_list":["post-101027","page","type-page","status-publish","has-post-thumbnail","hentry"],"acf":[],"yoast_head":"<!-- This site is optimized with the Yoast SEO plugin v27.1.1 - https:\/\/yoast.com\/product\/yoast-seo-wordpress\/ -->\n<title>Durabilit\u00e9 - easyCurtain<\/title>\n<meta name=\"robots\" content=\"index, follow, max-snippet:-1, max-image-preview:large, max-video-preview:-1\" \/>\n<link rel=\"canonical\" href=\"https:\/\/easycurtain.ch\/fr-ch\/durabilite\/\" \/>\n<meta property=\"og:locale\" content=\"fr_FR\" \/>\n<meta property=\"og:type\" content=\"article\" \/>\n<meta property=\"og:title\" content=\"Durabilit\u00e9 - easyCurtain\" \/>\n<meta property=\"og:description\" content=\"[vc_row full_width=&#8221;stretch_row&#8221; css=&#8221;.vc_custom_1697444144983{padding-top: 60px !important;padding-bottom: 20px !important;background-color: #c0ded3 !important;}&#8221;][vc_column][vc_column_text] Acheter des rideaux. Mais durable ! [\/vc_column_text][vc_column_text] D\u00e9couvre ici ce que nous faisons pour produire nos rideaux de la mani\u00e8re la&hellip;\" \/>\n<meta property=\"og:url\" content=\"https:\/\/easycurtain.ch\/fr-ch\/durabilite\/\" \/>\n<meta property=\"og:site_name\" content=\"easyCurtain\" \/>\n<meta property=\"article:modified_time\" content=\"2023-11-21T14:50:42+00:00\" \/>\n<meta property=\"og:image\" content=\"https:\/\/easycurtain.ch\/wp-content\/uploads\/2023\/09\/1.jpg\" \/>\n\t<meta property=\"og:image:width\" content=\"600\" \/>\n\t<meta property=\"og:image:height\" content=\"720\" \/>\n\t<meta property=\"og:image:type\" content=\"image\/jpeg\" \/>\n<meta name=\"twitter:card\" content=\"summary_large_image\" \/>\n<meta name=\"twitter:label1\" content=\"Est. reading time\" \/>\n\t<meta name=\"twitter:data1\" content=\"3 minutes\" \/>\n<script type=\"application\/ld+json\" class=\"yoast-schema-graph\">{\"@context\":\"https:\/\/schema.org\",\"@graph\":[{\"@type\":\"WebPage\",\"@id\":\"https:\/\/easycurtain.ch\/fr-ch\/durabilite\/\",\"url\":\"https:\/\/easycurtain.ch\/fr-ch\/durabilite\/\",\"name\":\"Durabilit\u00e9 - easyCurtain\",\"isPartOf\":{\"@id\":\"https:\/\/easycurtain.ch\/fr-ch\/#website\"},\"primaryImageOfPage\":{\"@id\":\"https:\/\/easycurtain.ch\/fr-ch\/durabilite\/#primaryimage\"},\"image\":{\"@id\":\"https:\/\/easycurtain.ch\/fr-ch\/durabilite\/#primaryimage\"},\"thumbnailUrl\":\"https:\/\/easycurtain.ch\/wp-content\/uploads\/2023\/09\/1.jpg\",\"datePublished\":\"2023-09-20T10:51:45+00:00\",\"dateModified\":\"2023-11-21T14:50:42+00:00\",\"breadcrumb\":{\"@id\":\"https:\/\/easycurtain.ch\/fr-ch\/durabilite\/#breadcrumb\"},\"inLanguage\":\"fr-CH\",\"potentialAction\":[{\"@type\":\"ReadAction\",\"target\":[\"https:\/\/easycurtain.ch\/fr-ch\/durabilite\/\"]}]},{\"@type\":\"ImageObject\",\"inLanguage\":\"fr-CH\",\"@id\":\"https:\/\/easycurtain.ch\/fr-ch\/durabilite\/#primaryimage\",\"url\":\"https:\/\/easycurtain.ch\/wp-content\/uploads\/2023\/09\/1.jpg\",\"contentUrl\":\"https:\/\/easycurtain.ch\/wp-content\/uploads\/2023\/09\/1.jpg\",\"width\":600,\"height\":720},{\"@type\":\"BreadcrumbList\",\"@id\":\"https:\/\/easycurtain.ch\/fr-ch\/durabilite\/#breadcrumb\",\"itemListElement\":[{\"@type\":\"ListItem\",\"position\":1,\"name\":\"Home\",\"item\":\"https:\/\/easycurtain.ch\/fr-ch\/?page_id=101168\"},{\"@type\":\"ListItem\",\"position\":2,\"name\":\"Durabilit\u00e9\"}]},{\"@type\":\"WebSite\",\"@id\":\"https:\/\/easycurtain.ch\/fr-ch\/#website\",\"url\":\"https:\/\/easycurtain.ch\/fr-ch\/\",\"name\":\"easyCurtain\",\"description\":\"Superbes rideaux. Petits prix.\",\"publisher\":{\"@id\":\"https:\/\/easycurtain.ch\/fr-ch\/#organization\"},\"potentialAction\":[{\"@type\":\"SearchAction\",\"target\":{\"@type\":\"EntryPoint\",\"urlTemplate\":\"https:\/\/easycurtain.ch\/fr-ch\/?s={search_term_string}\"},\"query-input\":{\"@type\":\"PropertyValueSpecification\",\"valueRequired\":true,\"valueName\":\"search_term_string\"}}],\"inLanguage\":\"fr-CH\"},{\"@type\":\"Organization\",\"@id\":\"https:\/\/easycurtain.ch\/fr-ch\/#organization\",\"name\":\"easyCurtain\",\"url\":\"https:\/\/easycurtain.ch\/fr-ch\/\",\"logo\":{\"@type\":\"ImageObject\",\"inLanguage\":\"fr-CH\",\"@id\":\"https:\/\/easycurtain.ch\/fr-ch\/#\/schema\/logo\/image\/\",\"url\":\"https:\/\/easycurtain.ch\/wp-content\/uploads\/2023\/09\/logo-easycurtain-massvorhang-online-1.png\",\"contentUrl\":\"https:\/\/easycurtain.ch\/wp-content\/uploads\/2023\/09\/logo-easycurtain-massvorhang-online-1.png\",\"width\":600,\"height\":138,\"caption\":\"easyCurtain\"},\"image\":{\"@id\":\"https:\/\/easycurtain.ch\/fr-ch\/#\/schema\/logo\/image\/\"}}]}<\/script>\n<!-- \/ Yoast SEO plugin. -->","yoast_head_json":{"title":"Durabilit\u00e9 - easyCurtain","robots":{"index":"index","follow":"follow","max-snippet":"max-snippet:-1","max-image-preview":"max-image-preview:large","max-video-preview":"max-video-preview:-1"},"canonical":"https:\/\/easycurtain.ch\/fr-ch\/durabilite\/","og_locale":"fr_FR","og_type":"article","og_title":"Durabilit\u00e9 - easyCurtain","og_description":"[vc_row full_width=&#8221;stretch_row&#8221; css=&#8221;.vc_custom_1697444144983{padding-top: 60px !important;padding-bottom: 20px !important;background-color: #c0ded3 !important;}&#8221;][vc_column][vc_column_text] Acheter des rideaux. Mais durable ! [\/vc_column_text][vc_column_text] D\u00e9couvre ici ce que nous faisons pour produire nos rideaux de la mani\u00e8re la&hellip;","og_url":"https:\/\/easycurtain.ch\/fr-ch\/durabilite\/","og_site_name":"easyCurtain","article_modified_time":"2023-11-21T14:50:42+00:00","og_image":[{"width":600,"height":720,"url":"https:\/\/easycurtain.ch\/wp-content\/uploads\/2023\/09\/1.jpg","type":"image\/jpeg"}],"twitter_card":"summary_large_image","twitter_misc":{"Est. reading time":"3 minutes"},"schema":{"@context":"https:\/\/schema.org","@graph":[{"@type":"WebPage","@id":"https:\/\/easycurtain.ch\/fr-ch\/durabilite\/","url":"https:\/\/easycurtain.ch\/fr-ch\/durabilite\/","name":"Durabilit\u00e9 - easyCurtain","isPartOf":{"@id":"https:\/\/easycurtain.ch\/fr-ch\/#website"},"primaryImageOfPage":{"@id":"https:\/\/easycurtain.ch\/fr-ch\/durabilite\/#primaryimage"},"image":{"@id":"https:\/\/easycurtain.ch\/fr-ch\/durabilite\/#primaryimage"},"thumbnailUrl":"https:\/\/easycurtain.ch\/wp-content\/uploads\/2023\/09\/1.jpg","datePublished":"2023-09-20T10:51:45+00:00","dateModified":"2023-11-21T14:50:42+00:00","breadcrumb":{"@id":"https:\/\/easycurtain.ch\/fr-ch\/durabilite\/#breadcrumb"},"inLanguage":"fr-CH","potentialAction":[{"@type":"ReadAction","target":["https:\/\/easycurtain.ch\/fr-ch\/durabilite\/"]}]},{"@type":"ImageObject","inLanguage":"fr-CH","@id":"https:\/\/easycurtain.ch\/fr-ch\/durabilite\/#primaryimage","url":"https:\/\/easycurtain.ch\/wp-content\/uploads\/2023\/09\/1.jpg","contentUrl":"https:\/\/easycurtain.ch\/wp-content\/uploads\/2023\/09\/1.jpg","width":600,"height":720},{"@type":"BreadcrumbList","@id":"https:\/\/easycurtain.ch\/fr-ch\/durabilite\/#breadcrumb","itemListElement":[{"@type":"ListItem","position":1,"name":"Home","item":"https:\/\/easycurtain.ch\/fr-ch\/?page_id=101168"},{"@type":"ListItem","position":2,"name":"Durabilit\u00e9"}]},{"@type":"WebSite","@id":"https:\/\/easycurtain.ch\/fr-ch\/#website","url":"https:\/\/easycurtain.ch\/fr-ch\/","name":"easyCurtain","description":"Superbes rideaux. Petits prix.","publisher":{"@id":"https:\/\/easycurtain.ch\/fr-ch\/#organization"},"potentialAction":[{"@type":"SearchAction","target":{"@type":"EntryPoint","urlTemplate":"https:\/\/easycurtain.ch\/fr-ch\/?s={search_term_string}"},"query-input":{"@type":"PropertyValueSpecification","valueRequired":true,"valueName":"search_term_string"}}],"inLanguage":"fr-CH"},{"@type":"Organization","@id":"https:\/\/easycurtain.ch\/fr-ch\/#organization","name":"easyCurtain","url":"https:\/\/easycurtain.ch\/fr-ch\/","logo":{"@type":"ImageObject","inLanguage":"fr-CH","@id":"https:\/\/easycurtain.ch\/fr-ch\/#\/schema\/logo\/image\/","url":"https:\/\/easycurtain.ch\/wp-content\/uploads\/2023\/09\/logo-easycurtain-massvorhang-online-1.png","contentUrl":"https:\/\/easycurtain.ch\/wp-content\/uploads\/2023\/09\/logo-easycurtain-massvorhang-online-1.png","width":600,"height":138,"caption":"easyCurtain"},"image":{"@id":"https:\/\/easycurtain.ch\/fr-ch\/#\/schema\/logo\/image\/"}}]}},"_links":{"self":[{"href":"https:\/\/easycurtain.ch\/fr-ch\/wp-json\/wp\/v2\/pages\/101027","targetHints":{"allow":["GET"]}}],"collection":[{"href":"https:\/\/easycurtain.ch\/fr-ch\/wp-json\/wp\/v2\/pages"}],"about":[{"href":"https:\/\/easycurtain.ch\/fr-ch\/wp-json\/wp\/v2\/types\/page"}],"author":[{"embeddable":true,"href":"https:\/\/easycurtain.ch\/fr-ch\/wp-json\/wp\/v2\/users\/1"}],"replies":[{"embeddable":true,"href":"https:\/\/easycurtain.ch\/fr-ch\/wp-json\/wp\/v2\/comments?post=101027"}],"version-history":[{"count":11,"href":"https:\/\/easycurtain.ch\/fr-ch\/wp-json\/wp\/v2\/pages\/101027\/revisions"}],"predecessor-version":[{"id":101142,"href":"https:\/\/easycurtain.ch\/fr-ch\/wp-json\/wp\/v2\/pages\/101027\/revisions\/101142"}],"wp:featuredmedia":[{"embeddable":true,"href":"https:\/\/easycurtain.ch\/fr-ch\/wp-json\/wp\/v2\/media\/99685"}],"wp:attachment":[{"href":"https:\/\/easycurtain.ch\/fr-ch\/wp-json\/wp\/v2\/media?parent=101027"}],"curies":[{"name":"wp","href":"https:\/\/api.w.org\/{rel}","templated":true}]}}