{"id":100979,"date":"2023-10-02T11:34:21","date_gmt":"2023-10-02T11:34:21","guid":{"rendered":"https:\/\/easycurtain.ch\/instructions-de-lavage\/"},"modified":"2023-12-12T10:18:28","modified_gmt":"2023-12-12T10:18:28","slug":"instructions-de-lavage","status":"publish","type":"page","link":"https:\/\/easycurtain.ch\/fr-ch\/instructions-de-lavage\/","title":{"rendered":"Instructions de lavage"},"content":{"rendered":"<div class=\"wpb-content-wrapper\"><p>[vc_row full_width=&#8221;stretch_row&#8221; css=&#8221;.vc_custom_1697440038481{padding-top: 60px !important;padding-bottom: 20px !important;background-color: #f3d2d3 !important;}&#8221;][vc_column][vc_column_text]<\/p>\n<h2 style=\"text-align: center;\">Si tu les laves correctement, les rideaux ne r\u00e9tr\u00e9cissent pas.<\/h2>\n<p style=\"text-align: center;\">Avant le lavage, il est pr\u00e9f\u00e9rable d&#8217;envelopper le rideau dans un sac \u00e0 linge ou dans une taie d&#8217;oreiller.<br \/>\nVeille \u00e0 ce que les housses ne d\u00e9teignent pas.<\/p>\n<p>[\/vc_column_text][\/vc_column][\/vc_row][vc_row full_width=&#8221;stretch_row&#8221; css=&#8221;.vc_custom_1697439849787{padding-top: 80px !important;background-color: #f8dfcc !important;}&#8221;][vc_column width=&#8221;1\/3&#8243; css=&#8221;.vc_custom_1697439782076{padding-bottom: 40px !important;}&#8221;]<div class=\"konte-icon-box icon-type-fontawesome box-align-center   \">\n\t\t\t\t<div class=\"konte-icon-box__icon\"><i class=\"fas fa-tint\"><\/i><\/div>\n\t\t\t\t<h4 class=\"konte-icon-box__title\" >Lavage : 30\u00b0C cycle doux<\/h4>\n\t\t\t\t<div class=\"konte-icon-box__content\"><\/div>\n\t\t\t<\/div>[\/vc_column][vc_column width=&#8221;1\/3&#8243; css=&#8221;.vc_custom_1697438949232{padding-bottom: 40px !important;}&#8221;]<div class=\"konte-icon-box icon-type-fontawesome box-align-center   \">\n\t\t\t\t<div class=\"konte-icon-box__icon\"><i class=\"fas fa-exclamation-triangle\"><\/i><\/div>\n\t\t\t\t<h4 class=\"konte-icon-box__title\" >Ne pas blanchir<\/h4>\n\t\t\t\t<div class=\"konte-icon-box__content\"><\/div>\n\t\t\t<\/div>[\/vc_column][vc_column width=&#8221;1\/3&#8243; css=&#8221;.vc_custom_1697438955929{padding-bottom: 40px !important;}&#8221;]<div class=\"konte-icon-box icon-type-fontawesome box-align-center   \">\n\t\t\t\t<div class=\"konte-icon-box__icon\"><i class=\"far fa-arrow-alt-circle-right\"><\/i><\/div>\n\t\t\t\t<h4 class=\"konte-icon-box__title\" >Repassage niveau 1<\/h4>\n\t\t\t\t<div class=\"konte-icon-box__content\"><\/div>\n\t\t\t<\/div>[\/vc_column][\/vc_row][vc_row full_width=&#8221;stretch_row&#8221; css=&#8221;.vc_custom_1697439866803{padding-bottom: 10px !important;background-color: #f8dfcc !important;}&#8221;][vc_column width=&#8221;1\/3&#8243; css=&#8221;.vc_custom_1697438961812{padding-bottom: 40px !important;}&#8221;]<div class=\"konte-icon-box icon-type-fontawesome box-align-center   \">\n\t\t\t\t<div class=\"konte-icon-box__icon\"><i class=\"fas fa-sun\"><\/i><\/div>\n\t\t\t\t<h4 class=\"konte-icon-box__title\" >Pas de s\u00e8che-linge<\/h4>\n\t\t\t\t<div class=\"konte-icon-box__content\"><\/div>\n\t\t\t<\/div>[\/vc_column][vc_column width=&#8221;1\/3&#8243; css=&#8221;.vc_custom_1697438967546{padding-bottom: 40px !important;}&#8221;]<div class=\"konte-icon-box icon-type-fontawesome box-align-center   \">\n\t\t\t\t<div class=\"konte-icon-box__icon\"><i class=\"fas fa-atom\"><\/i><\/div>\n\t\t\t\t<h4 class=\"konte-icon-box__title\" >Ne pas nettoyer \u00e0 sec<\/h4>\n\t\t\t\t<div class=\"konte-icon-box__content\"><\/div>\n\t\t\t<\/div>[\/vc_column][\/vc_row][vc_row css=&#8221;.vc_custom_1697440056267{padding-top: 60px !important;padding-bottom: 20px !important;}&#8221;][vc_column]<p class=\"konte-button-wrapper text-center\"><a href=\"https:\/\/easycurtain.ch\/k\/vorhaenge\/\" title=\"Voir la collection de rideaux\" class=\"konte-button button-normal text-dark align-center large   button square\">Voir la collection de rideaux<\/a><\/p>[vc_raw_html]PHN0eWxlPi5zaW5nbGUtcGFnZS1oZWFkZXIudGl0bGUtZnJvbnQge21hcmdpbi1ib3R0b206MHB4O30KLmVudHJ5LXRodW1ibmFpbCB7b3BhY2l0eTogMC43O30KPC9zdHlsZT4=[\/vc_raw_html][\/vc_column][\/vc_row]<\/p>\n<\/div>","protected":false},"excerpt":{"rendered":"<p>[vc_row full_width=&#8221;stretch_row&#8221; css=&#8221;.vc_custom_1697440038481{padding-top: 60px !important;padding-bottom: 20px !important;background-color: #f3d2d3 !important;}&#8221;][vc_column][vc_column_text] Si tu les laves correctement, les rideaux ne r\u00e9tr\u00e9cissent pas. Avant le lavage, il est pr\u00e9f\u00e9rable d&#8217;envelopper le rideau dans un&hellip;<\/p>\n","protected":false},"author":1,"featured_media":99855,"parent":0,"menu_order":0,"comment_status":"closed","ping_status":"closed","template":"","meta":{"_acf_changed":false,"footnotes":""},"class_list":["post-100979","page","type-page","status-publish","has-post-thumbnail","hentry"],"acf":[],"yoast_head":"<!-- This site is optimized with the Yoast SEO plugin v27.1.1 - https:\/\/yoast.com\/product\/yoast-seo-wordpress\/ -->\n<title>Instructions de lavage - easyCurtain<\/title>\n<meta name=\"robots\" content=\"index, follow, max-snippet:-1, max-image-preview:large, max-video-preview:-1\" \/>\n<link rel=\"canonical\" href=\"https:\/\/easycurtain.ch\/fr-ch\/instructions-de-lavage\/\" \/>\n<meta property=\"og:locale\" content=\"fr_FR\" \/>\n<meta property=\"og:type\" content=\"article\" \/>\n<meta property=\"og:title\" content=\"Instructions de lavage - easyCurtain\" \/>\n<meta property=\"og:description\" content=\"[vc_row full_width=&#8221;stretch_row&#8221; css=&#8221;.vc_custom_1697440038481{padding-top: 60px !important;padding-bottom: 20px !important;background-color: #f3d2d3 !important;}&#8221;][vc_column][vc_column_text] Si tu les laves correctement, les rideaux ne r\u00e9tr\u00e9cissent pas. Avant le lavage, il est pr\u00e9f\u00e9rable d&#8217;envelopper le rideau dans un&hellip;\" \/>\n<meta property=\"og:url\" content=\"https:\/\/easycurtain.ch\/fr-ch\/instructions-de-lavage\/\" \/>\n<meta property=\"og:site_name\" content=\"easyCurtain\" \/>\n<meta property=\"article:modified_time\" content=\"2023-12-12T10:18:28+00:00\" \/>\n<meta property=\"og:image\" content=\"https:\/\/easycurtain.ch\/wp-content\/uploads\/2023\/10\/vorhang-waschen-1.jpg\" \/>\n\t<meta property=\"og:image:width\" content=\"1800\" \/>\n\t<meta property=\"og:image:height\" content=\"1200\" \/>\n\t<meta property=\"og:image:type\" content=\"image\/jpeg\" \/>\n<meta name=\"twitter:card\" content=\"summary_large_image\" \/>\n<meta name=\"twitter:label1\" content=\"Est. reading time\" \/>\n\t<meta name=\"twitter:data1\" content=\"2 minutes\" \/>\n<script type=\"application\/ld+json\" class=\"yoast-schema-graph\">{\"@context\":\"https:\/\/schema.org\",\"@graph\":[{\"@type\":\"WebPage\",\"@id\":\"https:\/\/easycurtain.ch\/fr-ch\/instructions-de-lavage\/\",\"url\":\"https:\/\/easycurtain.ch\/fr-ch\/instructions-de-lavage\/\",\"name\":\"Instructions de lavage - easyCurtain\",\"isPartOf\":{\"@id\":\"https:\/\/easycurtain.ch\/fr-ch\/#website\"},\"primaryImageOfPage\":{\"@id\":\"https:\/\/easycurtain.ch\/fr-ch\/instructions-de-lavage\/#primaryimage\"},\"image\":{\"@id\":\"https:\/\/easycurtain.ch\/fr-ch\/instructions-de-lavage\/#primaryimage\"},\"thumbnailUrl\":\"https:\/\/easycurtain.ch\/wp-content\/uploads\/2023\/10\/vorhang-waschen-1.jpg\",\"datePublished\":\"2023-10-02T11:34:21+00:00\",\"dateModified\":\"2023-12-12T10:18:28+00:00\",\"breadcrumb\":{\"@id\":\"https:\/\/easycurtain.ch\/fr-ch\/instructions-de-lavage\/#breadcrumb\"},\"inLanguage\":\"fr-CH\",\"potentialAction\":[{\"@type\":\"ReadAction\",\"target\":[\"https:\/\/easycurtain.ch\/fr-ch\/instructions-de-lavage\/\"]}]},{\"@type\":\"ImageObject\",\"inLanguage\":\"fr-CH\",\"@id\":\"https:\/\/easycurtain.ch\/fr-ch\/instructions-de-lavage\/#primaryimage\",\"url\":\"https:\/\/easycurtain.ch\/wp-content\/uploads\/2023\/10\/vorhang-waschen-1.jpg\",\"contentUrl\":\"https:\/\/easycurtain.ch\/wp-content\/uploads\/2023\/10\/vorhang-waschen-1.jpg\",\"width\":1800,\"height\":1200,\"caption\":\"Vorhang waschen\"},{\"@type\":\"BreadcrumbList\",\"@id\":\"https:\/\/easycurtain.ch\/fr-ch\/instructions-de-lavage\/#breadcrumb\",\"itemListElement\":[{\"@type\":\"ListItem\",\"position\":1,\"name\":\"Home\",\"item\":\"https:\/\/easycurtain.ch\/fr-ch\/?page_id=101168\"},{\"@type\":\"ListItem\",\"position\":2,\"name\":\"Instructions de lavage\"}]},{\"@type\":\"WebSite\",\"@id\":\"https:\/\/easycurtain.ch\/fr-ch\/#website\",\"url\":\"https:\/\/easycurtain.ch\/fr-ch\/\",\"name\":\"easyCurtain\",\"description\":\"Superbes rideaux. Petits prix.\",\"publisher\":{\"@id\":\"https:\/\/easycurtain.ch\/fr-ch\/#organization\"},\"potentialAction\":[{\"@type\":\"SearchAction\",\"target\":{\"@type\":\"EntryPoint\",\"urlTemplate\":\"https:\/\/easycurtain.ch\/fr-ch\/?s={search_term_string}\"},\"query-input\":{\"@type\":\"PropertyValueSpecification\",\"valueRequired\":true,\"valueName\":\"search_term_string\"}}],\"inLanguage\":\"fr-CH\"},{\"@type\":\"Organization\",\"@id\":\"https:\/\/easycurtain.ch\/fr-ch\/#organization\",\"name\":\"easyCurtain\",\"url\":\"https:\/\/easycurtain.ch\/fr-ch\/\",\"logo\":{\"@type\":\"ImageObject\",\"inLanguage\":\"fr-CH\",\"@id\":\"https:\/\/easycurtain.ch\/fr-ch\/#\/schema\/logo\/image\/\",\"url\":\"https:\/\/easycurtain.ch\/wp-content\/uploads\/2023\/09\/logo-easycurtain-massvorhang-online-1.png\",\"contentUrl\":\"https:\/\/easycurtain.ch\/wp-content\/uploads\/2023\/09\/logo-easycurtain-massvorhang-online-1.png\",\"width\":600,\"height\":138,\"caption\":\"easyCurtain\"},\"image\":{\"@id\":\"https:\/\/easycurtain.ch\/fr-ch\/#\/schema\/logo\/image\/\"}}]}<\/script>\n<!-- \/ Yoast SEO plugin. -->","yoast_head_json":{"title":"Instructions de lavage - easyCurtain","robots":{"index":"index","follow":"follow","max-snippet":"max-snippet:-1","max-image-preview":"max-image-preview:large","max-video-preview":"max-video-preview:-1"},"canonical":"https:\/\/easycurtain.ch\/fr-ch\/instructions-de-lavage\/","og_locale":"fr_FR","og_type":"article","og_title":"Instructions de lavage - easyCurtain","og_description":"[vc_row full_width=&#8221;stretch_row&#8221; css=&#8221;.vc_custom_1697440038481{padding-top: 60px !important;padding-bottom: 20px !important;background-color: #f3d2d3 !important;}&#8221;][vc_column][vc_column_text] Si tu les laves correctement, les rideaux ne r\u00e9tr\u00e9cissent pas. Avant le lavage, il est pr\u00e9f\u00e9rable d&#8217;envelopper le rideau dans un&hellip;","og_url":"https:\/\/easycurtain.ch\/fr-ch\/instructions-de-lavage\/","og_site_name":"easyCurtain","article_modified_time":"2023-12-12T10:18:28+00:00","og_image":[{"width":1800,"height":1200,"url":"https:\/\/easycurtain.ch\/wp-content\/uploads\/2023\/10\/vorhang-waschen-1.jpg","type":"image\/jpeg"}],"twitter_card":"summary_large_image","twitter_misc":{"Est. reading time":"2 minutes"},"schema":{"@context":"https:\/\/schema.org","@graph":[{"@type":"WebPage","@id":"https:\/\/easycurtain.ch\/fr-ch\/instructions-de-lavage\/","url":"https:\/\/easycurtain.ch\/fr-ch\/instructions-de-lavage\/","name":"Instructions de lavage - easyCurtain","isPartOf":{"@id":"https:\/\/easycurtain.ch\/fr-ch\/#website"},"primaryImageOfPage":{"@id":"https:\/\/easycurtain.ch\/fr-ch\/instructions-de-lavage\/#primaryimage"},"image":{"@id":"https:\/\/easycurtain.ch\/fr-ch\/instructions-de-lavage\/#primaryimage"},"thumbnailUrl":"https:\/\/easycurtain.ch\/wp-content\/uploads\/2023\/10\/vorhang-waschen-1.jpg","datePublished":"2023-10-02T11:34:21+00:00","dateModified":"2023-12-12T10:18:28+00:00","breadcrumb":{"@id":"https:\/\/easycurtain.ch\/fr-ch\/instructions-de-lavage\/#breadcrumb"},"inLanguage":"fr-CH","potentialAction":[{"@type":"ReadAction","target":["https:\/\/easycurtain.ch\/fr-ch\/instructions-de-lavage\/"]}]},{"@type":"ImageObject","inLanguage":"fr-CH","@id":"https:\/\/easycurtain.ch\/fr-ch\/instructions-de-lavage\/#primaryimage","url":"https:\/\/easycurtain.ch\/wp-content\/uploads\/2023\/10\/vorhang-waschen-1.jpg","contentUrl":"https:\/\/easycurtain.ch\/wp-content\/uploads\/2023\/10\/vorhang-waschen-1.jpg","width":1800,"height":1200,"caption":"Vorhang waschen"},{"@type":"BreadcrumbList","@id":"https:\/\/easycurtain.ch\/fr-ch\/instructions-de-lavage\/#breadcrumb","itemListElement":[{"@type":"ListItem","position":1,"name":"Home","item":"https:\/\/easycurtain.ch\/fr-ch\/?page_id=101168"},{"@type":"ListItem","position":2,"name":"Instructions de lavage"}]},{"@type":"WebSite","@id":"https:\/\/easycurtain.ch\/fr-ch\/#website","url":"https:\/\/easycurtain.ch\/fr-ch\/","name":"easyCurtain","description":"Superbes rideaux. Petits prix.","publisher":{"@id":"https:\/\/easycurtain.ch\/fr-ch\/#organization"},"potentialAction":[{"@type":"SearchAction","target":{"@type":"EntryPoint","urlTemplate":"https:\/\/easycurtain.ch\/fr-ch\/?s={search_term_string}"},"query-input":{"@type":"PropertyValueSpecification","valueRequired":true,"valueName":"search_term_string"}}],"inLanguage":"fr-CH"},{"@type":"Organization","@id":"https:\/\/easycurtain.ch\/fr-ch\/#organization","name":"easyCurtain","url":"https:\/\/easycurtain.ch\/fr-ch\/","logo":{"@type":"ImageObject","inLanguage":"fr-CH","@id":"https:\/\/easycurtain.ch\/fr-ch\/#\/schema\/logo\/image\/","url":"https:\/\/easycurtain.ch\/wp-content\/uploads\/2023\/09\/logo-easycurtain-massvorhang-online-1.png","contentUrl":"https:\/\/easycurtain.ch\/wp-content\/uploads\/2023\/09\/logo-easycurtain-massvorhang-online-1.png","width":600,"height":138,"caption":"easyCurtain"},"image":{"@id":"https:\/\/easycurtain.ch\/fr-ch\/#\/schema\/logo\/image\/"}}]}},"_links":{"self":[{"href":"https:\/\/easycurtain.ch\/fr-ch\/wp-json\/wp\/v2\/pages\/100979","targetHints":{"allow":["GET"]}}],"collection":[{"href":"https:\/\/easycurtain.ch\/fr-ch\/wp-json\/wp\/v2\/pages"}],"about":[{"href":"https:\/\/easycurtain.ch\/fr-ch\/wp-json\/wp\/v2\/types\/page"}],"author":[{"embeddable":true,"href":"https:\/\/easycurtain.ch\/fr-ch\/wp-json\/wp\/v2\/users\/1"}],"replies":[{"embeddable":true,"href":"https:\/\/easycurtain.ch\/fr-ch\/wp-json\/wp\/v2\/comments?post=100979"}],"version-history":[{"count":15,"href":"https:\/\/easycurtain.ch\/fr-ch\/wp-json\/wp\/v2\/pages\/100979\/revisions"}],"predecessor-version":[{"id":104112,"href":"https:\/\/easycurtain.ch\/fr-ch\/wp-json\/wp\/v2\/pages\/100979\/revisions\/104112"}],"wp:featuredmedia":[{"embeddable":true,"href":"https:\/\/easycurtain.ch\/fr-ch\/wp-json\/wp\/v2\/media\/99855"}],"wp:attachment":[{"href":"https:\/\/easycurtain.ch\/fr-ch\/wp-json\/wp\/v2\/media?parent=100979"}],"curies":[{"name":"wp","href":"https:\/\/api.w.org\/{rel}","templated":true}]}}